{"id":73,"date":"2025-06-16T10:37:52","date_gmt":"2025-06-16T10:37:52","guid":{"rendered":"https:\/\/staging.kepner-tregoe.com\/?page_id=73"},"modified":"2025-06-16T12:54:55","modified_gmt":"2025-06-16T12:54:55","slug":"buttons","status":"publish","type":"page","link":"https:\/\/staging.kepner-tregoe.com\/fr\/buttons\/","title":{"rendered":"Components"},"content":{"rendered":"\n<div class=\"wp-block-group alignfull has-background is-layout-constrained wp-block-group-is-layout-constrained\" style=\"background-color:#92d2e9;padding-top:var(--wp--preset--spacing--50);padding-bottom:var(--wp--preset--spacing--50)\">\n<h2 class=\"wp-block-heading\">Buttons<\/h2>\n\n\n\n<div class=\"wp-block-buttons is-vertical is-layout-flex wp-container-core-buttons-is-layout-fe9cc265 wp-block-buttons-is-layout-flex\">\n<div class=\"wp-block-button\"><a class=\"wp-block-button__link wp-element-button\">Lets rethink together<\/a><\/div>\n\n\n\n<div class=\"wp-block-button is-style-outline is-style-outline--1\"><a class=\"wp-block-button__link wp-element-button\">Contact Us<\/a><\/div>\n\n\n\n<div class=\"wp-block-button is-style-text-underscore is-style-text\"><a class=\"wp-block-button__link wp-element-button\">Enter Access Code<\/a><\/div>\n\n\n\n<div class=\"wp-block-button is-style-text-underscore is-style-text-uppercase\"><a class=\"wp-block-button__link wp-element-button\">View All News<\/a><\/div>\n\n\n\n<div class=\"wp-block-button is-style-text-underscore is-style-text-underline\"><a class=\"wp-block-button__link wp-element-button\">More Details<\/a><\/div>\n<\/div>\n<\/div>\n\n\n\n<div class=\"wp-block-group alignfull is-style-banner-with-link is-layout-flow wp-block-group-is-layout-flow\" data-aos=\"fade-up\">\n<div class=\"wp-block-group alignfull is-layout-constrained wp-container-core-group-is-layout-1d16dfdb wp-block-group-is-layout-constrained\">\n<h2 class=\"wp-block-heading has-text-align-center\">Nos formations<\/h2>\n\n\n\n<div class=\"wp-block-columns is-layout-constrained is-layout-flex wp-container-core-columns-is-layout-9cf8123d wp-block-columns-is-layout-flex\">\n<div class=\"wp-block-column is-layout-flow wp-block-column-is-layout-flow\">\n<div class=\"wp-block-group is-nowrap is-layout-flex wp-container-core-group-is-layout-f66f9956 wp-block-group-is-layout-flex\">\n<figure class=\"wp-block-image size-full\"><img decoding=\"async\" src=\"https:\/\/staging.kepner-tregoe.com\/wp-content\/uploads\/2025\/06\/Groups.svg\" alt=\"\" class=\"wp-image-77\"\/><\/figure>\n\n\n\n<div class=\"wp-block-group is-vertical is-layout-flex wp-container-core-group-is-layout-40beb301 wp-block-group-is-layout-flex\">\n<h3 class=\"wp-block-heading\">Pour les groupes\/\u00e9quipes<\/h3>\n\n\n\n<p>Offrez une formation directement \u00e0 votre \u00e9quipe. Nous nous d\u00e9pla\u00e7ons dans vos locaux, \u00e0 la date et \u00e0 l\u2019horaire qui vous conviennent. <\/p>\n<\/div>\n<\/div>\n<\/div>\n\n\n\n<div class=\"wp-block-column is-layout-flow wp-block-column-is-layout-flow\">\n<div class=\"wp-block-group is-nowrap is-layout-flex wp-container-core-group-is-layout-f66f9956 wp-block-group-is-layout-flex\">\n<figure class=\"wp-block-image size-full\"><img decoding=\"async\" src=\"https:\/\/staging.kepner-tregoe.com\/wp-content\/uploads\/2025\/06\/Public.svg\" alt=\"\" class=\"wp-image-78\" style=\"object-fit:cover\"\/><\/figure>\n\n\n\n<div class=\"wp-block-group is-vertical is-layout-flex wp-container-core-group-is-layout-40beb301 wp-block-group-is-layout-flex\">\n<h3 class=\"wp-block-heading\">Formations inter-entreprises<\/h3>\n\n\n\n<p>Les formations Kepner-Tregoe sont disponibles dans le monde entier, en pr\u00e9sentiel ou en ligne, avec des horaires flexibles et une inscription ouverte.<\/p>\n<\/div>\n<\/div>\n<\/div>\n\n\n\n<div class=\"wp-block-column is-layout-flow wp-block-column-is-layout-flow\">\n<div class=\"wp-block-group is-nowrap is-layout-flex wp-container-core-group-is-layout-f66f9956 wp-block-group-is-layout-flex\">\n<figure class=\"wp-block-image size-full\"><img decoding=\"async\" src=\"https:\/\/staging.kepner-tregoe.com\/wp-content\/uploads\/2025\/06\/eLearning1.svg\" alt=\"\" class=\"wp-image-79\" style=\"object-fit:cover\"\/><\/figure>\n\n\n\n<div class=\"wp-block-group is-vertical is-layout-flex wp-container-core-group-is-layout-40beb301 wp-block-group-is-layout-flex\">\n<h3 class=\"wp-block-heading\">eLearning<\/h3>\n\n\n\n<p>Les apprenants avancent \u00e0 leur rythme, avec plus de flexibilit\u00e9 et moins de perturbations.<\/p>\n<\/div>\n<\/div>\n<\/div>\n<\/div>\n<\/div>\n\n\n\n<div class=\"wp-block-buttons is-content-justification-right is-layout-flex wp-container-core-buttons-is-layout-d445cf74 wp-block-buttons-is-layout-flex\">\n<div class=\"wp-block-button is-style-fill\"><a class=\"wp-block-button__link wp-element-button\" href=\"https:\/\/staging.kepner-tregoe.com\/fr\/training\/\">En savoir plus<\/a><\/div>\n<\/div>\n<\/div>\n","protected":false},"excerpt":{"rendered":"<p>Buttons<\/p>\n","protected":false},"author":17,"featured_media":0,"parent":0,"menu_order":0,"comment_status":"closed","ping_status":"closed","template":"","meta":{"_acf_changed":false,"footnotes":""},"class_list":["post-73","page","type-page","status-publish","hentry"],"acf":[],"yoast_head":"<!-- This site is optimized with the Yoast SEO Premium plugin v25.6 (Yoast SEO v27.3) - https:\/\/yoast.com\/product\/yoast-seo-premium-wordpress\/ -->\n<title>Components - Kepner-Tregoe<\/title>\n<meta name=\"description\" content=\"Buttons   Lets rethink together  Contact Us  Enter Access Code  View All News  More Details\" \/>\n<meta name=\"robots\" content=\"noindex, follow, max-snippet:-1, max-image-preview:large, max-video-preview:-1\" \/>\n<meta property=\"og:locale\" content=\"fr_FR\" \/>\n<meta property=\"og:type\" content=\"article\" \/>\n<meta property=\"og:title\" content=\"Components\" \/>\n<meta property=\"og:description\" content=\"Buttons   Lets rethink together  Contact Us  Enter Access Code  View All News  More Details\" \/>\n<meta property=\"og:url\" content=\"https:\/\/staging.kepner-tregoe.com\/fr\/buttons\/\" \/>\n<meta property=\"og:site_name\" content=\"Kepner-Tregoe\" \/>\n<meta property=\"article:modified_time\" content=\"2025-06-16T12:54:55+00:00\" \/>\n<meta name=\"twitter:card\" content=\"summary_large_image\" \/>\n<script type=\"application\/ld+json\" class=\"yoast-schema-graph\">{\"@context\":\"https:\\\/\\\/schema.org\",\"@graph\":[{\"@type\":\"WebPage\",\"@id\":\"https:\\\/\\\/staging.kepner-tregoe.com\\\/fr\\\/buttons\\\/\",\"url\":\"https:\\\/\\\/staging.kepner-tregoe.com\\\/fr\\\/buttons\\\/\",\"name\":\"Components - Kepner-Tregoe\",\"isPartOf\":{\"@id\":\"https:\\\/\\\/staging.kepner-tregoe.com\\\/fr\\\/#website\"},\"datePublished\":\"2025-06-16T10:37:52+00:00\",\"dateModified\":\"2025-06-16T12:54:55+00:00\",\"description\":\"Buttons Lets rethink together Contact Us Enter Access Code View All News More Details\",\"breadcrumb\":{\"@id\":\"https:\\\/\\\/staging.kepner-tregoe.com\\\/fr\\\/buttons\\\/#breadcrumb\"},\"inLanguage\":\"fr-FR\",\"potentialAction\":[{\"@type\":\"ReadAction\",\"target\":[\"https:\\\/\\\/staging.kepner-tregoe.com\\\/fr\\\/buttons\\\/\"]}]},{\"@type\":\"BreadcrumbList\",\"@id\":\"https:\\\/\\\/staging.kepner-tregoe.com\\\/fr\\\/buttons\\\/#breadcrumb\",\"itemListElement\":[{\"@type\":\"ListItem\",\"position\":1,\"name\":\"Home\",\"item\":\"https:\\\/\\\/staging.kepner-tregoe.com\\\/fr\\\/home\\\/\"},{\"@type\":\"ListItem\",\"position\":2,\"name\":\"Components\"}]},{\"@type\":\"WebSite\",\"@id\":\"https:\\\/\\\/staging.kepner-tregoe.com\\\/fr\\\/#website\",\"url\":\"https:\\\/\\\/staging.kepner-tregoe.com\\\/fr\\\/\",\"name\":\"Kepner-Tregoe\",\"description\":\"Leaders in problem solving\",\"publisher\":{\"@id\":\"https:\\\/\\\/staging.kepner-tregoe.com\\\/fr\\\/#organization\"},\"potentialAction\":[{\"@type\":\"SearchAction\",\"target\":{\"@type\":\"EntryPoint\",\"urlTemplate\":\"https:\\\/\\\/staging.kepner-tregoe.com\\\/fr\\\/?s={search_term_string}\"},\"query-input\":{\"@type\":\"PropertyValueSpecification\",\"valueRequired\":true,\"valueName\":\"search_term_string\"}}],\"inLanguage\":\"fr-FR\"},{\"@type\":\"Organization\",\"@id\":\"https:\\\/\\\/staging.kepner-tregoe.com\\\/fr\\\/#organization\",\"name\":\"Kepner-Tregoe\",\"url\":\"https:\\\/\\\/staging.kepner-tregoe.com\\\/fr\\\/\",\"logo\":{\"@type\":\"ImageObject\",\"inLanguage\":\"fr-FR\",\"@id\":\"https:\\\/\\\/staging.kepner-tregoe.com\\\/fr\\\/#\\\/schema\\\/logo\\\/image\\\/\",\"url\":\"https:\\\/\\\/staging.kepner-tregoe.com\\\/wp-content\\\/uploads\\\/2025\\\/06\\\/kepner-tregoe-logo.png\",\"contentUrl\":\"https:\\\/\\\/staging.kepner-tregoe.com\\\/wp-content\\\/uploads\\\/2025\\\/06\\\/kepner-tregoe-logo.png\",\"width\":264,\"height\":38,\"caption\":\"Kepner-Tregoe\"},\"image\":{\"@id\":\"https:\\\/\\\/staging.kepner-tregoe.com\\\/fr\\\/#\\\/schema\\\/logo\\\/image\\\/\"},\"sameAs\":[\"https:\\\/\\\/www.linkedin.com\\\/company\\\/14495\"]}]}<\/script>\n<!-- \/ Yoast SEO Premium plugin. -->","yoast_head_json":{"title":"Components - Kepner-Tregoe","description":"Buttons   Lets rethink together  Contact Us  Enter Access Code  View All News  More Details","robots":{"index":"noindex","follow":"follow","max-snippet":"max-snippet:-1","max-image-preview":"max-image-preview:large","max-video-preview":"max-video-preview:-1"},"og_locale":"fr_FR","og_type":"article","og_title":"Components","og_description":"Buttons   Lets rethink together  Contact Us  Enter Access Code  View All News  More Details","og_url":"https:\/\/staging.kepner-tregoe.com\/fr\/buttons\/","og_site_name":"Kepner-Tregoe","article_modified_time":"2025-06-16T12:54:55+00:00","twitter_card":"summary_large_image","schema":{"@context":"https:\/\/schema.org","@graph":[{"@type":"WebPage","@id":"https:\/\/staging.kepner-tregoe.com\/fr\/buttons\/","url":"https:\/\/staging.kepner-tregoe.com\/fr\/buttons\/","name":"Components - Kepner-Tregoe","isPartOf":{"@id":"https:\/\/staging.kepner-tregoe.com\/fr\/#website"},"datePublished":"2025-06-16T10:37:52+00:00","dateModified":"2025-06-16T12:54:55+00:00","description":"Buttons Lets rethink together Contact Us Enter Access Code View All News More Details","breadcrumb":{"@id":"https:\/\/staging.kepner-tregoe.com\/fr\/buttons\/#breadcrumb"},"inLanguage":"fr-FR","potentialAction":[{"@type":"ReadAction","target":["https:\/\/staging.kepner-tregoe.com\/fr\/buttons\/"]}]},{"@type":"BreadcrumbList","@id":"https:\/\/staging.kepner-tregoe.com\/fr\/buttons\/#breadcrumb","itemListElement":[{"@type":"ListItem","position":1,"name":"Home","item":"https:\/\/staging.kepner-tregoe.com\/fr\/home\/"},{"@type":"ListItem","position":2,"name":"Components"}]},{"@type":"WebSite","@id":"https:\/\/staging.kepner-tregoe.com\/fr\/#website","url":"https:\/\/staging.kepner-tregoe.com\/fr\/","name":"Kepner-Tregoe","description":"Leaders in problem solving","publisher":{"@id":"https:\/\/staging.kepner-tregoe.com\/fr\/#organization"},"potentialAction":[{"@type":"SearchAction","target":{"@type":"EntryPoint","urlTemplate":"https:\/\/staging.kepner-tregoe.com\/fr\/?s={search_term_string}"},"query-input":{"@type":"PropertyValueSpecification","valueRequired":true,"valueName":"search_term_string"}}],"inLanguage":"fr-FR"},{"@type":"Organization","@id":"https:\/\/staging.kepner-tregoe.com\/fr\/#organization","name":"Kepner-Tregoe","url":"https:\/\/staging.kepner-tregoe.com\/fr\/","logo":{"@type":"ImageObject","inLanguage":"fr-FR","@id":"https:\/\/staging.kepner-tregoe.com\/fr\/#\/schema\/logo\/image\/","url":"https:\/\/staging.kepner-tregoe.com\/wp-content\/uploads\/2025\/06\/kepner-tregoe-logo.png","contentUrl":"https:\/\/staging.kepner-tregoe.com\/wp-content\/uploads\/2025\/06\/kepner-tregoe-logo.png","width":264,"height":38,"caption":"Kepner-Tregoe"},"image":{"@id":"https:\/\/staging.kepner-tregoe.com\/fr\/#\/schema\/logo\/image\/"},"sameAs":["https:\/\/www.linkedin.com\/company\/14495"]}]}},"_links":{"self":[{"href":"https:\/\/staging.kepner-tregoe.com\/fr\/wp-json\/wp\/v2\/pages\/73","targetHints":{"allow":["GET"]}}],"collection":[{"href":"https:\/\/staging.kepner-tregoe.com\/fr\/wp-json\/wp\/v2\/pages"}],"about":[{"href":"https:\/\/staging.kepner-tregoe.com\/fr\/wp-json\/wp\/v2\/types\/page"}],"author":[{"embeddable":true,"href":"https:\/\/staging.kepner-tregoe.com\/fr\/wp-json\/wp\/v2\/users\/17"}],"replies":[{"embeddable":true,"href":"https:\/\/staging.kepner-tregoe.com\/fr\/wp-json\/wp\/v2\/comments?post=73"}],"version-history":[{"count":8,"href":"https:\/\/staging.kepner-tregoe.com\/fr\/wp-json\/wp\/v2\/pages\/73\/revisions"}],"predecessor-version":[{"id":86,"href":"https:\/\/staging.kepner-tregoe.com\/fr\/wp-json\/wp\/v2\/pages\/73\/revisions\/86"}],"wp:attachment":[{"href":"https:\/\/staging.kepner-tregoe.com\/fr\/wp-json\/wp\/v2\/media?parent=73"}],"curies":[{"name":"wp","href":"https:\/\/api.w.org\/{rel}","templated":true}]}}