{"id":58384,"date":"2025-07-28T13:06:10","date_gmt":"2025-07-28T13:06:10","guid":{"rendered":"https:\/\/staging.kepner-tregoe.com\/qualiopi\/"},"modified":"2025-08-14T11:34:32","modified_gmt":"2025-08-14T11:34:32","slug":"qualiopi","status":"publish","type":"page","link":"https:\/\/staging.kepner-tregoe.com\/fr\/qualiopi\/","title":{"rendered":"Qualiopi"},"content":{"rendered":"\n<div class=\"wp-block-wsfirst-responsive-spacer responsive-spacer\" aria-hidden=\"true\"><div class=\"responsive-spacer-fullsize\" style=\"height:3.75rem\"><\/div><div class=\"responsive-spacer-tablet\" style=\"height:2.8125rem\"><\/div><div class=\"responsive-spacer-mobile\" style=\"height:1.875rem\"><\/div><\/div>\n\n<div class=\"wp-block-group alignwide is-layout-constrained wp-container-core-group-is-layout-4383d167 wp-block-group-is-layout-constrained\" data-aos=\"fade-right\">\n<h1 class=\"wp-block-heading is-style-underlined\" id=\"h-we-are-qualiopi-certified\">Nous sommes certifi\u00e9s Qualiopi\u202f!<\/h1>\n\n\n\n<div class=\"wp-block-columns is-layout-flex wp-container-core-columns-is-layout-28f84493 wp-block-columns-is-layout-flex\">\n<div class=\"wp-block-column is-layout-flow wp-block-column-is-layout-flow\" style=\"flex-basis:40%\">\n<div class=\"wp-block-group is-nowrap is-layout-flex wp-container-core-group-is-layout-6c531013 wp-block-group-is-layout-flex\">\n<figure class=\"wp-block-image size-full\"><img loading=\"lazy\" decoding=\"async\" width=\"332\" height=\"184\" src=\"https:\/\/staging.kepner-tregoe.com\/wp-content\/uploads\/2025\/07\/Qualiopi-e1753735684368.png\" alt=\"Certification Qualiopi\" class=\"wp-image-47607\" srcset=\"https:\/\/staging.kepner-tregoe.com\/wp-content\/uploads\/2025\/07\/Qualiopi-e1753735684368.png 332w, https:\/\/staging.kepner-tregoe.com\/wp-content\/uploads\/2025\/07\/Qualiopi-e1753735684368-300x166.png 300w\" sizes=\"auto, (max-width: 332px) 100vw, 332px\" \/><\/figure>\n\n\n\n<div style=\"height:100px;width:0px\" aria-hidden=\"true\" class=\"wp-block-spacer wp-container-content-9e2f13cb\"><\/div>\n<\/div>\n<\/div>\n\n\n\n<div class=\"wp-block-column is-layout-flow wp-block-column-is-layout-flow\" style=\"flex-basis:33%\">\n<h3 class=\"wp-block-heading\" id=\"h-our-training-programs-are-100-inclusive\">Nos formations sont 100% inclusives<br\/><\/h3>\n\n\n\n<figure class=\"wp-block-image size-full is-resized\"><img decoding=\"async\" src=\"https:\/\/staging.kepner-tregoe.com\/wp-content\/uploads\/2025\/06\/arrow-right-large.svg\" alt=\"\" class=\"wp-image-121\" style=\"width:27px\"\/><\/figure>\n<\/div>\n\n\n\n<div class=\"wp-block-column is-layout-flow wp-block-column-is-layout-flow\" style=\"flex-basis:40%\">\n<p>Si vous \u00eates en situation de handicap, merci de contacter notre r\u00e9f\u00e9rent : Florence Lemerle : <a href=\"mailto:flemerle@kepner-tregoe.com\">flemerle@kepner-tregoe.com<\/a> qui veillera \u00e0 votre bon accueil, votre accompagnement et au bon d\u00e9roulement de la formation. Si nous ne sommes pas en mesure de vous accueillir directement, nous travaillerons avec des partenaires sp\u00e9cialis\u00e9s pour vous proposer une solution alternative appropri\u00e9e. <\/p>\n<\/div>\n<\/div>\n\n\n\n<div class=\"wp-block-columns is-layout-flex wp-container-core-columns-is-layout-28f84493 wp-block-columns-is-layout-flex\">\n<div class=\"wp-block-column is-layout-flow wp-block-column-is-layout-flow\" style=\"flex-basis:40%\">\n<div class=\"wp-block-group is-nowrap is-layout-flex wp-container-core-group-is-layout-6c531013 wp-block-group-is-layout-flex\">\n<div style=\"height:100px;width:0px\" aria-hidden=\"true\" class=\"wp-block-spacer wp-container-content-9e2f13cb\"><\/div>\n<\/div>\n<\/div>\n\n\n\n<div class=\"wp-block-column is-layout-flow wp-block-column-is-layout-flow\" style=\"flex-basis:33%\">\n<h3 class=\"wp-block-heading\" id=\"h-our-training-programs-are-open-to-everyone\">Nos formations sont offertes \u00e0 tous<br\/><\/h3>\n\n\n\n<figure class=\"wp-block-image size-full is-resized\"><img decoding=\"async\" src=\"https:\/\/staging.kepner-tregoe.com\/wp-content\/uploads\/2025\/06\/arrow-right-large.svg\" alt=\"\" class=\"wp-image-121\" style=\"width:27px\"\/><\/figure>\n<\/div>\n\n\n\n<div class=\"wp-block-column is-layout-flow wp-block-column-is-layout-flow\" style=\"flex-basis:40%\">\n<p>L&rsquo;accessibilit\u00e9 administrative est de 48 heures avant le d\u00e9but d&rsquo;une session publique, selon le nombre de places disponibles. Nous vous accueillerons soit par t\u00e9l\u00e9phone soit par email, pour convenir avec vous du contenu le plus adapt\u00e9 \u00e0 vos besoins. Nous assurons nos formations en pr\u00e9sentiel et\/ou en distanciel selon les imp\u00e9ratifs op\u00e9rationnels et sanitaires.  <\/p>\n\n\n\n<p>Nos programmes sont cr\u00e9\u00e9s \u00e0 partir de modules et incluent un nombre important d\u2019\u00e9tudes de cas qui nous permettent de personnaliser nos interventions \u00e0 vos besoins et objectifs. Nos formation sont r\u00e9alis\u00e9es en petits groupes, avec apprentissage sur vos cas r\u00e9els. <\/p>\n<\/div>\n<\/div>\n\n\n\n<div class=\"wp-block-columns is-layout-flex wp-container-core-columns-is-layout-28f84493 wp-block-columns-is-layout-flex\">\n<div class=\"wp-block-column is-layout-flow wp-block-column-is-layout-flow\" style=\"flex-basis:40%\">\n<div class=\"wp-block-group is-nowrap is-layout-flex wp-container-core-group-is-layout-6c531013 wp-block-group-is-layout-flex\">\n<div style=\"height:100px;width:0px\" aria-hidden=\"true\" class=\"wp-block-spacer wp-container-content-9e2f13cb\"><\/div>\n<\/div>\n<\/div>\n\n\n\n<div class=\"wp-block-column is-layout-flow wp-block-column-is-layout-flow\" style=\"flex-basis:33%\">\n<h3 class=\"wp-block-heading\" id=\"h-skill-assessment-methods\">Modalit\u00e9s d&rsquo;\u00e9valuation des comp\u00e9tences<br\/><\/h3>\n\n\n\n<figure class=\"wp-block-image size-full is-resized\"><img decoding=\"async\" src=\"https:\/\/staging.kepner-tregoe.com\/wp-content\/uploads\/2025\/06\/arrow-right-large.svg\" alt=\"\" class=\"wp-image-121\" style=\"width:27px\"\/><\/figure>\n<\/div>\n\n\n\n<div class=\"wp-block-column is-layout-flow wp-block-column-is-layout-flow\" style=\"flex-basis:40%\">\n<ul class=\"wp-block-list\">\n<li>\u00c9valuation des progr\u00e8s des participants durant la formation avec utilisation de VLC (V\u00e9rifier la Compr\u00e9hension) en plus d&rsquo;appr\u00e9ciations du formateur par exercises sur cas d&rsquo;\u00e9tude.<\/li>\n\n\n\n<li>L&rsquo;\u00e9valuation continue post-formation avec l&rsquo;application des m\u00e9thodes apprises sur un cas r\u00e9el pertinent \u00e0 chaque apprenant.<\/li>\n\n\n\n<li>Les participants recevront une enqu\u00eate de satisfaction qui mesurera leur auto-\u00e9valuation en compl\u00e9ment de la m\u00e9thode d&rsquo;\u00e9valuation conforme au d\u00e9roul\u00e9 p\u00e9dagogique.<\/li>\n<\/ul>\n<\/div>\n<\/div>\n\n\n\n<div class=\"wp-block-columns is-layout-flex wp-container-core-columns-is-layout-28f84493 wp-block-columns-is-layout-flex\">\n<div class=\"wp-block-column is-layout-flow wp-block-column-is-layout-flow\" style=\"flex-basis:40%\">\n<div class=\"wp-block-group is-nowrap is-layout-flex wp-container-core-group-is-layout-6c531013 wp-block-group-is-layout-flex\">\n<div style=\"height:100px;width:0px\" aria-hidden=\"true\" class=\"wp-block-spacer wp-container-content-9e2f13cb\"><\/div>\n<\/div>\n<\/div>\n\n\n\n<div class=\"wp-block-column is-layout-flow wp-block-column-is-layout-flow\" style=\"flex-basis:33%\">\n<h3 class=\"wp-block-heading\" id=\"h-participant-feedback\">Notes de nos participants<br\/><\/h3>\n\n\n\n<figure class=\"wp-block-image size-full is-resized\"><img decoding=\"async\" src=\"https:\/\/staging.kepner-tregoe.com\/wp-content\/uploads\/2025\/06\/arrow-right-large.svg\" alt=\"\" class=\"wp-image-121\" style=\"width:27px\"\/><\/figure>\n<\/div>\n\n\n\n<div class=\"wp-block-column is-layout-flow wp-block-column-is-layout-flow\" style=\"flex-basis:40%\">\n<ul class=\"wp-block-list\">\n<li>Applicabilit\u00e9 de KT sur le m\u00e9tier = 94%<\/li>\n\n\n\n<li>Satisfaction de l&rsquo;action de formation KT = 97%<\/li>\n\n\n\n<li>(sur la base des enqu\u00eates post-formation de 2024).<\/li>\n<\/ul>\n\n\n\n<p>Nos clients qui ont int\u00e9gr\u00e9 et utilis\u00e9 nos processus de r\u00e9flexion rationnelle ont \u00e9conomis\u00e9 des millions en r\u00e9solvant les pr\u00e9occupations les plus complexes de leurs organisations. <\/p>\n<\/div>\n<\/div>\n\n\n\n<div class=\"wp-block-columns is-layout-flex wp-container-core-columns-is-layout-28f84493 wp-block-columns-is-layout-flex\">\n<div class=\"wp-block-column is-layout-flow wp-block-column-is-layout-flow\" style=\"flex-basis:40%\">\n<div class=\"wp-block-group is-nowrap is-layout-flex wp-container-core-group-is-layout-6c531013 wp-block-group-is-layout-flex\">\n<div style=\"height:100px;width:0px\" aria-hidden=\"true\" class=\"wp-block-spacer wp-container-content-9e2f13cb\"><\/div>\n<\/div>\n<\/div>\n\n\n\n<div class=\"wp-block-column is-layout-flow wp-block-column-is-layout-flow\" style=\"flex-basis:33%\">\n<h3 class=\"wp-block-heading\" id=\"h-training-details\">D\u00e9tails de nos formations<br\/><\/h3>\n\n\n\n<figure class=\"wp-block-image size-full is-resized\"><img decoding=\"async\" src=\"https:\/\/staging.kepner-tregoe.com\/wp-content\/uploads\/2025\/06\/arrow-right-large.svg\" alt=\"\" class=\"wp-image-121\" style=\"width:27px\"\/><\/figure>\n<\/div>\n\n\n\n<div class=\"wp-block-column is-layout-flow wp-block-column-is-layout-flow\" style=\"flex-basis:40%\">\n<p>Outils d\u2019apprentissage inclus : tous les participants recevront l\u2019acc\u00e8s aux outils et ressources num\u00e9riques.<\/p>\n\n\n\n<p>Pas de pr\u00e9requis.<\/p>\n<\/div>\n<\/div>\n\n\n\n<div class=\"wp-block-columns is-layout-flex wp-container-core-columns-is-layout-28f84493 wp-block-columns-is-layout-flex\">\n<div class=\"wp-block-column is-layout-flow wp-block-column-is-layout-flow\" style=\"flex-basis:40%\">\n<div class=\"wp-block-group is-nowrap is-layout-flex wp-container-core-group-is-layout-6c531013 wp-block-group-is-layout-flex\">\n<div style=\"height:100px;width:0px\" aria-hidden=\"true\" class=\"wp-block-spacer wp-container-content-9e2f13cb\"><\/div>\n<\/div>\n<\/div>\n\n\n\n<div class=\"wp-block-column is-layout-flow wp-block-column-is-layout-flow\" style=\"flex-basis:33%\">\n<h3 class=\"wp-block-heading\" id=\"h-teaching-and-technical-resources\">Moyens p\u00e9dagogiques et techniques<br\/><\/h3>\n\n\n\n<figure class=\"wp-block-image size-full is-resized\"><img decoding=\"async\" src=\"https:\/\/staging.kepner-tregoe.com\/wp-content\/uploads\/2025\/06\/arrow-right-large.svg\" alt=\"\" class=\"wp-image-121\" style=\"width:27px\"\/><\/figure>\n<\/div>\n\n\n\n<div class=\"wp-block-column is-layout-flow wp-block-column-is-layout-flow\" style=\"flex-basis:40%\">\n<ul class=\"wp-block-list\">\n<li>Accueil des participants dans une salle d\u00e9di\u00e9e \u00e0 la formation ou en visio-conf\u00e9rence<\/li>\n\n\n\n<li>Documents de support de formation<\/li>\n\n\n\n<li>Expos\u00e9s th\u00e9oriques<\/li>\n\n\n\n<li>\u00c9tudes de cas concrets<\/li>\n<\/ul>\n<\/div>\n<\/div>\n\n\n\n<div class=\"wp-block-columns is-layout-flex wp-container-core-columns-is-layout-28f84493 wp-block-columns-is-layout-flex\">\n<div class=\"wp-block-column is-layout-flow wp-block-column-is-layout-flow\" style=\"flex-basis:40%\">\n<div class=\"wp-block-group is-nowrap is-layout-flex wp-container-core-group-is-layout-6c531013 wp-block-group-is-layout-flex\">\n<div style=\"height:100px;width:0px\" aria-hidden=\"true\" class=\"wp-block-spacer wp-container-content-9e2f13cb\"><\/div>\n<\/div>\n<\/div>\n\n\n\n<div class=\"wp-block-column is-layout-flow wp-block-column-is-layout-flow\" style=\"flex-basis:33%\">\n<h3 class=\"wp-block-heading\" id=\"h-framework-for-monitoring-training-outcomes\">Dispositif de suivi des r\u00e9sultats de la formation<br\/><\/h3>\n\n\n\n<figure class=\"wp-block-image size-full is-resized\"><img decoding=\"async\" src=\"https:\/\/staging.kepner-tregoe.com\/wp-content\/uploads\/2025\/06\/arrow-right-large.svg\" alt=\"\" class=\"wp-image-121\" style=\"width:27px\"\/><\/figure>\n<\/div>\n\n\n\n<div class=\"wp-block-column is-layout-flow wp-block-column-is-layout-flow\" style=\"flex-basis:40%\">\n<ul class=\"wp-block-list\">\n<li>Feuilles de pr\u00e9sence\/\u00e9margement num\u00e9riques<\/li>\n\n\n\n<li>\u00c9valuation des acquis durant la session par le biais d&rsquo;exercices<\/li>\n\n\n\n<li>\u00c9valuation de la formation<\/li>\n\n\n\n<li>Certificat de r\u00e9alisation<\/li>\n<\/ul>\n\n\n\n<div class=\"wp-block-buttons is-layout-flex wp-block-buttons-is-layout-flex\">\n<div class=\"wp-block-button\"><a class=\"wp-block-button__link wp-element-button\" href=\"https:\/\/staging.kepner-tregoe.com\/wp-content\/uploads\/2025\/07\/Kepner-Tregoe-Qualiopi-Livret-accueil-1.8.pdf\">T\u00e9l\u00e9charger notre livret d&rsquo;accueil<\/a><\/div>\n<\/div>\n<\/div>\n<\/div>\n<\/div>\n\n<div class=\"wp-block-wsfirst-responsive-spacer responsive-spacer\" aria-hidden=\"true\"><div class=\"responsive-spacer-fullsize\" style=\"height:6.25rem\"><\/div><div class=\"responsive-spacer-tablet\" style=\"height:4.375rem\"><\/div><div class=\"responsive-spacer-mobile\" style=\"height:2.5rem\"><\/div><\/div>\n","protected":false},"excerpt":{"rendered":"<p>Nous sommes certifi\u00e9s Qualiopi\u202f! Nos formations sont 100% inclusives Si vous \u00eates en situation de handicap, merci de contacter notre r\u00e9f\u00e9rent : Florence Lemerle : flemerle@kepner-tregoe.com qui veillera \u00e0 votre bon accueil, votre accompagnement et au bon d\u00e9roulement de la formation. Si nous ne sommes pas en mesure de vous accueillir directement, nous travaillerons avec [&hellip;]<\/p>\n","protected":false},"author":8,"featured_media":0,"parent":0,"menu_order":0,"comment_status":"closed","ping_status":"closed","template":"","meta":{"_acf_changed":false,"footnotes":""},"class_list":["post-58384","page","type-page","status-publish","hentry"],"acf":[],"yoast_head":"<!-- This site is optimized with the Yoast SEO Premium plugin v25.6 (Yoast SEO v27.4) - https:\/\/yoast.com\/product\/yoast-seo-premium-wordpress\/ -->\n<title>Qualiopi - Kepner-Tregoe<\/title>\n<meta name=\"description\" content=\"Nous sommes certifi\u00e9s Qualiopi\u202f! Nos formations sont 100% inclusives Si vous \u00eates en situation de handicap, merci de contacter notre r\u00e9f\u00e9rent : Florence\" \/>\n<meta name=\"robots\" content=\"noindex, follow, max-snippet:-1, max-image-preview:large, max-video-preview:-1\" \/>\n<meta property=\"og:locale\" content=\"fr_FR\" \/>\n<meta property=\"og:type\" content=\"article\" \/>\n<meta property=\"og:title\" content=\"Qualiopi\" \/>\n<meta property=\"og:description\" content=\"Nous sommes certifi\u00e9s Qualiopi\u202f! Nos formations sont 100% inclusives Si vous \u00eates en situation de handicap, merci de contacter notre r\u00e9f\u00e9rent : Florence\" \/>\n<meta property=\"og:url\" content=\"https:\/\/staging.kepner-tregoe.com\/fr\/qualiopi\/\" \/>\n<meta property=\"og:site_name\" content=\"Kepner-Tregoe\" \/>\n<meta property=\"article:modified_time\" content=\"2025-08-14T11:34:32+00:00\" \/>\n<meta property=\"og:image\" content=\"https:\/\/staging.kepner-tregoe.com\/wp-content\/uploads\/2025\/07\/Qualiopi-e1753735684368.png\" \/>\n\t<meta property=\"og:image:width\" content=\"332\" \/>\n\t<meta property=\"og:image:height\" content=\"184\" \/>\n\t<meta property=\"og:image:type\" content=\"image\/png\" \/>\n<meta name=\"twitter:card\" content=\"summary_large_image\" \/>\n<meta name=\"twitter:label1\" content=\"Dur\u00e9e de lecture estim\u00e9e\" \/>\n\t<meta name=\"twitter:data1\" content=\"2 minutes\" \/>\n<script type=\"application\/ld+json\" class=\"yoast-schema-graph\">{\"@context\":\"https:\\\/\\\/schema.org\",\"@graph\":[{\"@type\":\"WebPage\",\"@id\":\"https:\\\/\\\/staging.kepner-tregoe.com\\\/fr\\\/qualiopi\\\/\",\"url\":\"https:\\\/\\\/staging.kepner-tregoe.com\\\/fr\\\/qualiopi\\\/\",\"name\":\"Qualiopi - Kepner-Tregoe\",\"isPartOf\":{\"@id\":\"https:\\\/\\\/staging.kepner-tregoe.com\\\/fr\\\/#website\"},\"primaryImageOfPage\":{\"@id\":\"https:\\\/\\\/staging.kepner-tregoe.com\\\/fr\\\/qualiopi\\\/#primaryimage\"},\"image\":{\"@id\":\"https:\\\/\\\/staging.kepner-tregoe.com\\\/fr\\\/qualiopi\\\/#primaryimage\"},\"thumbnailUrl\":\"https:\\\/\\\/staging.kepner-tregoe.com\\\/wp-content\\\/uploads\\\/2025\\\/07\\\/Qualiopi-e1753735684368.png\",\"datePublished\":\"2025-07-28T13:06:10+00:00\",\"dateModified\":\"2025-08-14T11:34:32+00:00\",\"description\":\"Nous sommes certifi\u00e9s Qualiopi\u202f! Nos formations sont 100% inclusives Si vous \u00eates en situation de handicap, merci de contacter notre r\u00e9f\u00e9rent : Florence\",\"breadcrumb\":{\"@id\":\"https:\\\/\\\/staging.kepner-tregoe.com\\\/fr\\\/qualiopi\\\/#breadcrumb\"},\"inLanguage\":\"fr-FR\",\"potentialAction\":[{\"@type\":\"ReadAction\",\"target\":[\"https:\\\/\\\/staging.kepner-tregoe.com\\\/fr\\\/qualiopi\\\/\"]}]},{\"@type\":\"ImageObject\",\"inLanguage\":\"fr-FR\",\"@id\":\"https:\\\/\\\/staging.kepner-tregoe.com\\\/fr\\\/qualiopi\\\/#primaryimage\",\"url\":\"https:\\\/\\\/staging.kepner-tregoe.com\\\/wp-content\\\/uploads\\\/2025\\\/07\\\/Qualiopi-e1753735684368.png\",\"contentUrl\":\"https:\\\/\\\/staging.kepner-tregoe.com\\\/wp-content\\\/uploads\\\/2025\\\/07\\\/Qualiopi-e1753735684368.png\"},{\"@type\":\"BreadcrumbList\",\"@id\":\"https:\\\/\\\/staging.kepner-tregoe.com\\\/fr\\\/qualiopi\\\/#breadcrumb\",\"itemListElement\":[{\"@type\":\"ListItem\",\"position\":1,\"name\":\"Home\",\"item\":\"https:\\\/\\\/staging.kepner-tregoe.com\\\/fr\\\/home\\\/\"},{\"@type\":\"ListItem\",\"position\":2,\"name\":\"Qualiopi\"}]},{\"@type\":\"WebSite\",\"@id\":\"https:\\\/\\\/staging.kepner-tregoe.com\\\/fr\\\/#website\",\"url\":\"https:\\\/\\\/staging.kepner-tregoe.com\\\/fr\\\/\",\"name\":\"Kepner-Tregoe\",\"description\":\"Leaders in problem solving\",\"publisher\":{\"@id\":\"https:\\\/\\\/staging.kepner-tregoe.com\\\/fr\\\/#organization\"},\"potentialAction\":[{\"@type\":\"SearchAction\",\"target\":{\"@type\":\"EntryPoint\",\"urlTemplate\":\"https:\\\/\\\/staging.kepner-tregoe.com\\\/fr\\\/?s={search_term_string}\"},\"query-input\":{\"@type\":\"PropertyValueSpecification\",\"valueRequired\":true,\"valueName\":\"search_term_string\"}}],\"inLanguage\":\"fr-FR\"},{\"@type\":\"Organization\",\"@id\":\"https:\\\/\\\/staging.kepner-tregoe.com\\\/fr\\\/#organization\",\"name\":\"Kepner-Tregoe\",\"url\":\"https:\\\/\\\/staging.kepner-tregoe.com\\\/fr\\\/\",\"logo\":{\"@type\":\"ImageObject\",\"inLanguage\":\"fr-FR\",\"@id\":\"https:\\\/\\\/staging.kepner-tregoe.com\\\/fr\\\/#\\\/schema\\\/logo\\\/image\\\/\",\"url\":\"https:\\\/\\\/staging.kepner-tregoe.com\\\/wp-content\\\/uploads\\\/2025\\\/06\\\/kepner-tregoe-logo.png\",\"contentUrl\":\"https:\\\/\\\/staging.kepner-tregoe.com\\\/wp-content\\\/uploads\\\/2025\\\/06\\\/kepner-tregoe-logo.png\",\"width\":264,\"height\":38,\"caption\":\"Kepner-Tregoe\"},\"image\":{\"@id\":\"https:\\\/\\\/staging.kepner-tregoe.com\\\/fr\\\/#\\\/schema\\\/logo\\\/image\\\/\"},\"sameAs\":[\"https:\\\/\\\/www.linkedin.com\\\/company\\\/14495\"]}]}<\/script>\n<!-- \/ Yoast SEO Premium plugin. -->","yoast_head_json":{"title":"Qualiopi - Kepner-Tregoe","description":"Nous sommes certifi\u00e9s Qualiopi\u202f! Nos formations sont 100% inclusives Si vous \u00eates en situation de handicap, merci de contacter notre r\u00e9f\u00e9rent : Florence","robots":{"index":"noindex","follow":"follow","max-snippet":"max-snippet:-1","max-image-preview":"max-image-preview:large","max-video-preview":"max-video-preview:-1"},"og_locale":"fr_FR","og_type":"article","og_title":"Qualiopi","og_description":"Nous sommes certifi\u00e9s Qualiopi\u202f! Nos formations sont 100% inclusives Si vous \u00eates en situation de handicap, merci de contacter notre r\u00e9f\u00e9rent : Florence","og_url":"https:\/\/staging.kepner-tregoe.com\/fr\/qualiopi\/","og_site_name":"Kepner-Tregoe","article_modified_time":"2025-08-14T11:34:32+00:00","og_image":[{"width":332,"height":184,"url":"https:\/\/staging.kepner-tregoe.com\/wp-content\/uploads\/2025\/07\/Qualiopi-e1753735684368.png","type":"image\/png"}],"twitter_card":"summary_large_image","twitter_misc":{"Dur\u00e9e de lecture estim\u00e9e":"2 minutes"},"schema":{"@context":"https:\/\/schema.org","@graph":[{"@type":"WebPage","@id":"https:\/\/staging.kepner-tregoe.com\/fr\/qualiopi\/","url":"https:\/\/staging.kepner-tregoe.com\/fr\/qualiopi\/","name":"Qualiopi - Kepner-Tregoe","isPartOf":{"@id":"https:\/\/staging.kepner-tregoe.com\/fr\/#website"},"primaryImageOfPage":{"@id":"https:\/\/staging.kepner-tregoe.com\/fr\/qualiopi\/#primaryimage"},"image":{"@id":"https:\/\/staging.kepner-tregoe.com\/fr\/qualiopi\/#primaryimage"},"thumbnailUrl":"https:\/\/staging.kepner-tregoe.com\/wp-content\/uploads\/2025\/07\/Qualiopi-e1753735684368.png","datePublished":"2025-07-28T13:06:10+00:00","dateModified":"2025-08-14T11:34:32+00:00","description":"Nous sommes certifi\u00e9s Qualiopi\u202f! Nos formations sont 100% inclusives Si vous \u00eates en situation de handicap, merci de contacter notre r\u00e9f\u00e9rent : Florence","breadcrumb":{"@id":"https:\/\/staging.kepner-tregoe.com\/fr\/qualiopi\/#breadcrumb"},"inLanguage":"fr-FR","potentialAction":[{"@type":"ReadAction","target":["https:\/\/staging.kepner-tregoe.com\/fr\/qualiopi\/"]}]},{"@type":"ImageObject","inLanguage":"fr-FR","@id":"https:\/\/staging.kepner-tregoe.com\/fr\/qualiopi\/#primaryimage","url":"https:\/\/staging.kepner-tregoe.com\/wp-content\/uploads\/2025\/07\/Qualiopi-e1753735684368.png","contentUrl":"https:\/\/staging.kepner-tregoe.com\/wp-content\/uploads\/2025\/07\/Qualiopi-e1753735684368.png"},{"@type":"BreadcrumbList","@id":"https:\/\/staging.kepner-tregoe.com\/fr\/qualiopi\/#breadcrumb","itemListElement":[{"@type":"ListItem","position":1,"name":"Home","item":"https:\/\/staging.kepner-tregoe.com\/fr\/home\/"},{"@type":"ListItem","position":2,"name":"Qualiopi"}]},{"@type":"WebSite","@id":"https:\/\/staging.kepner-tregoe.com\/fr\/#website","url":"https:\/\/staging.kepner-tregoe.com\/fr\/","name":"Kepner-Tregoe","description":"Leaders in problem solving","publisher":{"@id":"https:\/\/staging.kepner-tregoe.com\/fr\/#organization"},"potentialAction":[{"@type":"SearchAction","target":{"@type":"EntryPoint","urlTemplate":"https:\/\/staging.kepner-tregoe.com\/fr\/?s={search_term_string}"},"query-input":{"@type":"PropertyValueSpecification","valueRequired":true,"valueName":"search_term_string"}}],"inLanguage":"fr-FR"},{"@type":"Organization","@id":"https:\/\/staging.kepner-tregoe.com\/fr\/#organization","name":"Kepner-Tregoe","url":"https:\/\/staging.kepner-tregoe.com\/fr\/","logo":{"@type":"ImageObject","inLanguage":"fr-FR","@id":"https:\/\/staging.kepner-tregoe.com\/fr\/#\/schema\/logo\/image\/","url":"https:\/\/staging.kepner-tregoe.com\/wp-content\/uploads\/2025\/06\/kepner-tregoe-logo.png","contentUrl":"https:\/\/staging.kepner-tregoe.com\/wp-content\/uploads\/2025\/06\/kepner-tregoe-logo.png","width":264,"height":38,"caption":"Kepner-Tregoe"},"image":{"@id":"https:\/\/staging.kepner-tregoe.com\/fr\/#\/schema\/logo\/image\/"},"sameAs":["https:\/\/www.linkedin.com\/company\/14495"]}]}},"_links":{"self":[{"href":"https:\/\/staging.kepner-tregoe.com\/fr\/wp-json\/wp\/v2\/pages\/58384","targetHints":{"allow":["GET"]}}],"collection":[{"href":"https:\/\/staging.kepner-tregoe.com\/fr\/wp-json\/wp\/v2\/pages"}],"about":[{"href":"https:\/\/staging.kepner-tregoe.com\/fr\/wp-json\/wp\/v2\/types\/page"}],"author":[{"embeddable":true,"href":"https:\/\/staging.kepner-tregoe.com\/fr\/wp-json\/wp\/v2\/users\/8"}],"replies":[{"embeddable":true,"href":"https:\/\/staging.kepner-tregoe.com\/fr\/wp-json\/wp\/v2\/comments?post=58384"}],"version-history":[{"count":2,"href":"https:\/\/staging.kepner-tregoe.com\/fr\/wp-json\/wp\/v2\/pages\/58384\/revisions"}],"predecessor-version":[{"id":61089,"href":"https:\/\/staging.kepner-tregoe.com\/fr\/wp-json\/wp\/v2\/pages\/58384\/revisions\/61089"}],"wp:attachment":[{"href":"https:\/\/staging.kepner-tregoe.com\/fr\/wp-json\/wp\/v2\/media?parent=58384"}],"curies":[{"name":"wp","href":"https:\/\/api.w.org\/{rel}","templated":true}]}}