{"id":46185,"date":"2025-07-25T03:05:53","date_gmt":"2025-07-25T03:05:53","guid":{"rendered":"https:\/\/staging.kepner-tregoe.com\/?page_id=46185"},"modified":"2025-07-25T03:05:54","modified_gmt":"2025-07-25T03:05:54","slug":"excellence-awards-2024","status":"publish","type":"page","link":"https:\/\/staging.kepner-tregoe.com\/fr\/about\/awards\/excellence-awards-2024\/","title":{"rendered":"Kepner-Tregoe Excellence Awards 2024: Winners &amp; Nominees"},"content":{"rendered":"\n<div class=\"wp-block-wsfirst-responsive-spacer responsive-spacer\" aria-hidden=\"true\"><div class=\"responsive-spacer-fullsize\" style=\"height:3.1875rem\"><\/div><div class=\"responsive-spacer-tablet\" style=\"height:2.4375rem\"><\/div><div class=\"responsive-spacer-mobile\" style=\"height:1.625rem\"><\/div><\/div>\n\n\n\n<h1 class=\"wp-block-heading has-text-align-center\" id=\"h-kepner-tregoe-excellence-awards-2024-winners-amp-nominees\">Kepner-Tregoe Excellence Awards 2024: Winners &amp; Nominees<\/h1>\n\n\n\n<div class=\"wp-block-wsfirst-responsive-spacer responsive-spacer\" aria-hidden=\"true\"><div class=\"responsive-spacer-fullsize\" style=\"height:3.1875rem\"><\/div><div class=\"responsive-spacer-tablet\" style=\"height:2.4375rem\"><\/div><div class=\"responsive-spacer-mobile\" style=\"height:1.625rem\"><\/div><\/div>\n\n\n\n<div class=\"wp-block-columns is-layout-flex wp-container-core-columns-is-layout-28f84493 wp-block-columns-is-layout-flex\">\n<div class=\"wp-block-column is-layout-flow wp-block-column-is-layout-flow\" style=\"flex-basis:33.33%\">\n<h2 class=\"wp-block-heading\" id=\"h-award-winners-2024\">Award Winners 2024<\/h2>\n<\/div>\n\n\n\n<div class=\"wp-block-column is-layout-flow wp-block-column-is-layout-flow\" style=\"flex-basis:66.66%\">\n<p>The following persons, teams and organizations have been selected by the KT Excellence Awards Selection Committee to receive an award:<\/p>\n\n\n\n<h3 class=\"wp-block-heading\"><strong>Individual Award Winners<\/strong><\/h3>\n\n\n\n<h4 class=\"wp-block-heading\">Program Leader of the Year Winners<\/h4>\n\n\n\n<p>Fujimoto Hiroyuki \u2013 Corning Japan K.K.<br>Humam Alwan \u2013 Stellantis<br>Juan Ortega Mendoza \u2013 Adient, Region 3<br>Lenn Liwanag \u2013 Suncor (Teck Resources)<br>Richard Craig \u2013 Nissan Motor Manufacturing<br>Rob Barker \u2013 HCLSoftware<br>Weidong Huang \u2013 Cisco Technology Services (Dalian) Co., Ltd.<br>Yasukawa Daisuke \u2013 Hitachi Academy Co., Ltd.<\/p>\n\n\n\n<h4 class=\"wp-block-heading\">Facilitator of the Year Winners<\/h4>\n\n\n\n<p>Andrea Wight \u2013 ExxonMobil<br>Harvey Manley \u2013 Convatec<br>Seema Patil \u2013 HCLSoftware<\/p>\n\n\n\n<h4 class=\"wp-block-heading\">Coach of the Year Winners<\/h4>\n\n\n\n<p>Adi Naik \u2013 Akamai<br>Avinash Srinivasamurthy \u2013 HCLSoftware<br>Bob Mallman \u2013 Adient Eldon<br>Hemant Naik \u2013 HCLSoftware<br>Rajeshwari Patil \u2013 Akamai<\/p>\n\n\n\n<h4 class=\"wp-block-heading\">Rational Management Executive of the Year Winners<\/h4>\n\n\n\n<p>Cara Herzog \u2013 Southwire Company<br>Davide Gabrieli \u2013 Tetra Pak Packaging Solutions S.p.A.<br>Joe Panepinto \u2013 TD Bank<br>Manuel Uribe Figueroa \u2013 Adient<br>Ozaki Yusuke \u2013 Mitsui Copper Foil (Malaysia) Sdn Bhd (MCF)<br>Roberto Mastri \u2013 Tetra Pak Packaging Solutions S.p.A.<\/p>\n\n\n\n<h3 class=\"wp-block-heading\"><strong>Team Award Winners<\/strong><\/h3>\n\n\n\n<h4 class=\"wp-block-heading\">Situation Appraisal Excellence Winners<\/h4>\n\n\n\n<p>Adient Derramadero<br>Royal Philips<\/p>\n\n\n\n<h4 class=\"wp-block-heading\">Problem Solving Excellence Winners<\/h4>\n\n\n\n<p>ACG Packaging Materials<br>Adient Puebla<br>Adient Ramos Arizpe<br>Bombardier<br>Dominion Energy<br>Robert Bosch<\/p>\n\n\n\n<h4 class=\"wp-block-heading\">Decision Making Excellence Winners<\/h4>\n\n\n\n<p>Adient Aguascalientes<br>Reynolds American<\/p>\n\n\n\n<h4 class=\"wp-block-heading\">Combined KT Technologies Excellence Winners<\/h4>\n\n\n\n<p>Adient Matamoros<br>Convatec<br>LEIPA Georg Leinfelder GmbH<br>Nelson Brothers<\/p>\n\n\n\n<h3 class=\"wp-block-heading\"><strong>Organization Award Winners<\/strong><\/h3>\n\n\n\n<h4 class=\"wp-block-heading\">Excellence in the Utilization of KT Process in Manufacturing Operations Winners<\/h4>\n\n\n\n<p>Adient Lerma<br>Corning Incorporated<br>Mitsui Copper Foil (Malaysia) Sdn Bhd (MCF)<\/p>\n\n\n\n<h4 class=\"wp-block-heading\">Excellence in the Utilization of KT Process in Service Operations Winners<\/h4>\n\n\n\n<p>Cisco Technology Services (Dalian) Co., Ltd<br>HCLSoftware Customer Assistance Center<br>HCLSoftware Digital Solutions<br>Tetra Pak Packaging Solutions S.p.A.<\/p>\n\n\n\n<h4 class=\"wp-block-heading\">Human Resource Capability Development Program Excellence Winners<\/h4>\n\n\n\n<p>Nissan Motor Manufacturing Ltd. UK \u2013 Sunderland Plant<br>Teijin Limited<\/p>\n\n\n\n<h4 class=\"wp-block-heading\">Critical Thinking Cultural Excellence Winners<\/h4>\n\n\n\n<p>Adient M\u00e9xico Automotriz<br>Bombardier<br>FUJIFILM Holdings Corporation<br>JOYSONQUIN Automotive Systems<br>Royal Philips<br>T\u00e9l\u00e9m\u00e9canique Sensors, part of YAGEO Group<br>Thyssenkrupp Components Technology de M\u00e9xico<\/p>\n<\/div>\n<\/div>\n\n\n\n<div class=\"wp-block-columns is-layout-flex wp-container-core-columns-is-layout-28f84493 wp-block-columns-is-layout-flex\">\n<div class=\"wp-block-column is-layout-flow wp-block-column-is-layout-flow\" style=\"flex-basis:33.33%\">\n<h2 class=\"wp-block-heading\" id=\"h-recipients-of-formal-selection-committee-nominations\">Recipients of Formal Selection Committee Nominations<\/h2>\n<\/div>\n\n\n\n<div class=\"wp-block-column is-layout-flow wp-block-column-is-layout-flow\" style=\"flex-basis:66.66%\">\n<p>For the 12 KT Excellence Awards of 2024, the following persons, teams and organizations were shortlisted by the KT Excellence Awards Selection Committee.<\/p>\n\n\n\n<h3 class=\"wp-block-heading\"><strong>Individual Award Nominations<\/strong><\/h3>\n\n\n\n<h4 class=\"wp-block-heading\">Program Leader of the Year Nominations<\/h4>\n\n\n\n<p>Fujimoto Hiroyuki \u2013 Corning Japan K.K.<br>Humam Alwan \u2013 Stellantis<br>Jan Herman \u2013 Philips Healthcare<br>Juan Ortega Mendoza \u2013 Adient, Region 3<br>Lenn Liwanag \u2013 Suncor<br>Richard Craig \u2013 Nissan Motor Manufacturing<br>Rob Barker \u2013 HCLSoftware<br>Weidong Huang \u2013 Cisco Technology Services (Dalian) Co., Ltd.<br>Yasukawa Daisuke \u2013 Hitachi Academy Co., Ltd.<\/p>\n\n\n\n<h4 class=\"wp-block-heading\">Facilitator of the Year Nominations<\/h4>\n\n\n\n<p>Andrea Wight \u2013 ExxonMobil<br>Hadassah Eley \u2013 Biogen<br>Harvey Manley \u2013 Convatec<br>Seema Patil \u2013 HCLSoftware<br>Tiberiu Boeti \u2013 Nokia<\/p>\n\n\n\n<h4 class=\"wp-block-heading\">Coach of the Year Nominations<\/h4>\n\n\n\n<p>Adi Naik \u2013 Akamai<br>Avinash Srinivasamurthy \u2013 HCLSoftware<br>Bob Mallman \u2013 Adient Eldon<br>Edwin Choi \u2013 Bridgewater Interiors<br>Hemant Naik \u2013 HCLSoftware<br>Jefferson Faria \u2013 Adient South America<br>Juan Ortega Mendoza \u2013 Adient, Region 3<br>Lenn Liwanag \u2013 Suncor<br>Mike Brown \u2013 Adient Riverside<br>Rajeshwari Patil \u2013 Akamai<br>Wesley Lum \u2013 HCLSoftware<\/p>\n\n\n\n<h4 class=\"wp-block-heading\">Rational Management Executive of the Year Nominations<\/h4>\n\n\n\n<p>Cara Herzog \u2013 Southwire Company<br>Davide Gabrieli \u2013 Tetra Pak Packaging Solutions S.p.A.<br>Didier Baron \u2013 T\u00e9l\u00e9m\u00e9canique Sensors, part of YAGEO Group<br>Gr\u00e9gory Poux \u2013 T\u00e9l\u00e9m\u00e9canique Sensors, part of YAGEO Group<br>Joe Panepinto \u2013 TD Bank<br>Manuel Uribe Figueroa \u2013 Adient<br>Ozaki Yusuke \u2013 Mitsui Copper Foil (Malaysia) Sdn Bhd (MCF)<br>Roberto Mastri \u2013 Tetra Pak Packaging Solutions S.p.A.<br>S. R. Shivshankar \u2013 ACG World<\/p>\n\n\n\n<h3 class=\"wp-block-heading\"><strong>Team Award Nominations<\/strong><\/h3>\n\n\n\n<h4 class=\"wp-block-heading\">Situation Appraisal Excellence Nominations<\/h4>\n\n\n\n<p>Adient Derramadero<br>Royal Philips<br>Siemens AG<\/p>\n\n\n\n<h4 class=\"wp-block-heading\">Problem Solving Excellence Nominations<\/h4>\n\n\n\n<p>ACG Packaging Materials<br>Adient<br>Adient Aguascalientes<br>Adient Lerma<br>Adient Puebla<br>Adient Ramos Arizpe<br>Bombardier<br>Dominion Energy<br>Robert Bosch<br>Soci\u00e9t\u00e9 Ivoirienne de Raffinage (SIR)<br>Tolmar<\/p>\n\n\n\n<h4 class=\"wp-block-heading\">Decision Making Excellence Nominations<\/h4>\n\n\n\n<p>Adient Aguascalientes<br>Adient Derramadero<br>Adient Lerma<br>Adient Puebla<br>Avanzar Interior Technologies \u2014 Guanajuato<br>Reynolds American<br>Siemens AG<\/p>\n\n\n\n<h4 class=\"wp-block-heading\">Combined KT Technologies Excellence Nominations<\/h4>\n\n\n\n<p>Adient Derramadero<br>Adient Matamoros<br>Adient M\u00e9xico Automotriz<br>Adient Ramos Arizpe<br>Convatec<br>HCLSoftware<br>LEIPA Georg Leinfelder GmbH<br>Nelson Brothers<\/p>\n\n\n\n<h3 class=\"wp-block-heading\"><strong>Organization Award Nominations<\/strong><\/h3>\n\n\n\n<h4 class=\"wp-block-heading\">Excellence in the Utilization of KT Process in Manufacturing Operations Nominations<\/h4>\n\n\n\n<p>Adient Lerma<br>Corning Incorporated<br>Hamburger Rieger GmbH<br>Mitsui Copper Foil (Malaysia) Sdn Bhd (MCF)<\/p>\n\n\n\n<h4 class=\"wp-block-heading\">Excellence in the Utilization of KT Process in Service Operations Nominations<\/h4>\n\n\n\n<p>Cisco Technology Services (Dalian) Co., Ltd<br>Flextronics Technologies (India) Pvt. Ltd.<br>HCLSoftware Customer Assistance Center<br>HCLSoftware Digital Solutions<br>Royal Philips<br>Tetra Pak Packaging Solutions S.p.A.<\/p>\n\n\n\n<h4 class=\"wp-block-heading\">Human Resource Capability Development Program Excellence Nominations<\/h4>\n\n\n\n<p>Nissan Motor Manufacturing Ltd. UK \u2013 Sunderland Plant<br>Teijin Limited<\/p>\n\n\n\n<h4 class=\"wp-block-heading\">Critical Thinking Cultural Excellence Nominations<\/h4>\n\n\n\n<p>Adient<br>Adient M\u00e9xico Automotriz<br>Adient M\u00e9xico Automotriz S RL CV Planta Aguascalientes<br>FUJIFILM Holdings Corporation<br>HCLSoftware<br>JOYSONQUIN Automotive Systems<br>Royal Philips<br>T\u00e9l\u00e9m\u00e9canique Sensors, part of YAGEO Group<br>Thyssenkrupp Components Technology de M\u00e9xico<\/p>\n\n\n\n<p><em>We aim for accuracy but reserve the right to correct any errors in the nomination list as needed.<\/em><\/p>\n<\/div>\n<\/div>\n","protected":false},"excerpt":{"rendered":"<p>Kepner-Tregoe Excellence Awards 2024: Winners &amp; Nominees Award Winners 2024 The following persons, teams and organizations have been selected by the KT Excellence Awards Selection Committee to receive an award: Individual Award Winners Program Leader of the Year Winners Fujimoto Hiroyuki \u2013 Corning Japan K.K.Humam Alwan \u2013 StellantisJuan Ortega Mendoza \u2013 Adient, Region 3Lenn Liwanag [&hellip;]<\/p>\n","protected":false},"author":18,"featured_media":0,"parent":3870,"menu_order":0,"comment_status":"closed","ping_status":"closed","template":"","meta":{"_acf_changed":false,"footnotes":""},"class_list":["post-46185","page","type-page","status-publish","hentry"],"acf":[],"yoast_head":"<!-- This site is optimized with the Yoast SEO Premium plugin v25.6 (Yoast SEO v27.4) - https:\/\/yoast.com\/product\/yoast-seo-premium-wordpress\/ -->\n<title>Kepner-Tregoe Excellence Awards 2024: Winners &amp; Nominees - Kepner-Tregoe<\/title>\n<meta name=\"description\" content=\"Kepner-Tregoe Excellence Awards 2024: Winners &amp; Nominees Award Winners 2024 The following persons, teams and organizations have been selected by the\" \/>\n<meta name=\"robots\" content=\"noindex, follow, max-snippet:-1, max-image-preview:large, max-video-preview:-1\" \/>\n<meta property=\"og:locale\" content=\"fr_FR\" \/>\n<meta property=\"og:type\" content=\"article\" \/>\n<meta property=\"og:title\" content=\"Kepner-Tregoe Excellence Awards 2024: Winners &amp; Nominees\" \/>\n<meta property=\"og:description\" content=\"Kepner-Tregoe Excellence Awards 2024: Winners &amp; Nominees Award Winners 2024 The following persons, teams and organizations have been selected by the\" \/>\n<meta property=\"og:url\" content=\"https:\/\/staging.kepner-tregoe.com\/fr\/about\/awards\/excellence-awards-2024\/\" \/>\n<meta property=\"og:site_name\" content=\"Kepner-Tregoe\" \/>\n<meta property=\"article:modified_time\" content=\"2025-07-25T03:05:54+00:00\" \/>\n<meta name=\"twitter:card\" content=\"summary_large_image\" \/>\n<meta name=\"twitter:label1\" content=\"Dur\u00e9e de lecture estim\u00e9e\" \/>\n\t<meta name=\"twitter:data1\" content=\"4 minutes\" \/>\n<script type=\"application\/ld+json\" class=\"yoast-schema-graph\">{\"@context\":\"https:\\\/\\\/schema.org\",\"@graph\":[{\"@type\":\"WebPage\",\"@id\":\"https:\\\/\\\/staging.kepner-tregoe.com\\\/fr\\\/about\\\/awards\\\/excellence-awards-2024\\\/\",\"url\":\"https:\\\/\\\/staging.kepner-tregoe.com\\\/fr\\\/about\\\/awards\\\/excellence-awards-2024\\\/\",\"name\":\"Kepner-Tregoe Excellence Awards 2024: Winners &amp; Nominees - Kepner-Tregoe\",\"isPartOf\":{\"@id\":\"https:\\\/\\\/staging.kepner-tregoe.com\\\/fr\\\/#website\"},\"datePublished\":\"2025-07-25T03:05:53+00:00\",\"dateModified\":\"2025-07-25T03:05:54+00:00\",\"description\":\"Kepner-Tregoe Excellence Awards 2024: Winners &amp; Nominees Award Winners 2024 The following persons, teams and organizations have been selected by the\",\"breadcrumb\":{\"@id\":\"https:\\\/\\\/staging.kepner-tregoe.com\\\/fr\\\/about\\\/awards\\\/excellence-awards-2024\\\/#breadcrumb\"},\"inLanguage\":\"fr-FR\",\"potentialAction\":[{\"@type\":\"ReadAction\",\"target\":[\"https:\\\/\\\/staging.kepner-tregoe.com\\\/fr\\\/about\\\/awards\\\/excellence-awards-2024\\\/\"]}]},{\"@type\":\"BreadcrumbList\",\"@id\":\"https:\\\/\\\/staging.kepner-tregoe.com\\\/fr\\\/about\\\/awards\\\/excellence-awards-2024\\\/#breadcrumb\",\"itemListElement\":[{\"@type\":\"ListItem\",\"position\":1,\"name\":\"Home\",\"item\":\"https:\\\/\\\/staging.kepner-tregoe.com\\\/fr\\\/home\\\/\"},{\"@type\":\"ListItem\",\"position\":2,\"name\":\"About us\",\"item\":\"https:\\\/\\\/staging.kepner-tregoe.com\\\/fr\\\/about\\\/\"},{\"@type\":\"ListItem\",\"position\":3,\"name\":\"Awards\",\"item\":\"https:\\\/\\\/staging.kepner-tregoe.com\\\/fr\\\/about\\\/awards\\\/\"},{\"@type\":\"ListItem\",\"position\":4,\"name\":\"Kepner-Tregoe Excellence Awards 2024: Winners &amp; Nominees\"}]},{\"@type\":\"WebSite\",\"@id\":\"https:\\\/\\\/staging.kepner-tregoe.com\\\/fr\\\/#website\",\"url\":\"https:\\\/\\\/staging.kepner-tregoe.com\\\/fr\\\/\",\"name\":\"Kepner-Tregoe\",\"description\":\"Leaders in problem solving\",\"publisher\":{\"@id\":\"https:\\\/\\\/staging.kepner-tregoe.com\\\/fr\\\/#organization\"},\"potentialAction\":[{\"@type\":\"SearchAction\",\"target\":{\"@type\":\"EntryPoint\",\"urlTemplate\":\"https:\\\/\\\/staging.kepner-tregoe.com\\\/fr\\\/?s={search_term_string}\"},\"query-input\":{\"@type\":\"PropertyValueSpecification\",\"valueRequired\":true,\"valueName\":\"search_term_string\"}}],\"inLanguage\":\"fr-FR\"},{\"@type\":\"Organization\",\"@id\":\"https:\\\/\\\/staging.kepner-tregoe.com\\\/fr\\\/#organization\",\"name\":\"Kepner-Tregoe\",\"url\":\"https:\\\/\\\/staging.kepner-tregoe.com\\\/fr\\\/\",\"logo\":{\"@type\":\"ImageObject\",\"inLanguage\":\"fr-FR\",\"@id\":\"https:\\\/\\\/staging.kepner-tregoe.com\\\/fr\\\/#\\\/schema\\\/logo\\\/image\\\/\",\"url\":\"https:\\\/\\\/staging.kepner-tregoe.com\\\/wp-content\\\/uploads\\\/2025\\\/06\\\/kepner-tregoe-logo.png\",\"contentUrl\":\"https:\\\/\\\/staging.kepner-tregoe.com\\\/wp-content\\\/uploads\\\/2025\\\/06\\\/kepner-tregoe-logo.png\",\"width\":264,\"height\":38,\"caption\":\"Kepner-Tregoe\"},\"image\":{\"@id\":\"https:\\\/\\\/staging.kepner-tregoe.com\\\/fr\\\/#\\\/schema\\\/logo\\\/image\\\/\"},\"sameAs\":[\"https:\\\/\\\/www.linkedin.com\\\/company\\\/14495\"]}]}<\/script>\n<!-- \/ Yoast SEO Premium plugin. -->","yoast_head_json":{"title":"Kepner-Tregoe Excellence Awards 2024: Winners &amp; Nominees - Kepner-Tregoe","description":"Kepner-Tregoe Excellence Awards 2024: Winners &amp; Nominees Award Winners 2024 The following persons, teams and organizations have been selected by the","robots":{"index":"noindex","follow":"follow","max-snippet":"max-snippet:-1","max-image-preview":"max-image-preview:large","max-video-preview":"max-video-preview:-1"},"og_locale":"fr_FR","og_type":"article","og_title":"Kepner-Tregoe Excellence Awards 2024: Winners &amp; Nominees","og_description":"Kepner-Tregoe Excellence Awards 2024: Winners &amp; Nominees Award Winners 2024 The following persons, teams and organizations have been selected by the","og_url":"https:\/\/staging.kepner-tregoe.com\/fr\/about\/awards\/excellence-awards-2024\/","og_site_name":"Kepner-Tregoe","article_modified_time":"2025-07-25T03:05:54+00:00","twitter_card":"summary_large_image","twitter_misc":{"Dur\u00e9e de lecture estim\u00e9e":"4 minutes"},"schema":{"@context":"https:\/\/schema.org","@graph":[{"@type":"WebPage","@id":"https:\/\/staging.kepner-tregoe.com\/fr\/about\/awards\/excellence-awards-2024\/","url":"https:\/\/staging.kepner-tregoe.com\/fr\/about\/awards\/excellence-awards-2024\/","name":"Kepner-Tregoe Excellence Awards 2024: Winners &amp; Nominees - Kepner-Tregoe","isPartOf":{"@id":"https:\/\/staging.kepner-tregoe.com\/fr\/#website"},"datePublished":"2025-07-25T03:05:53+00:00","dateModified":"2025-07-25T03:05:54+00:00","description":"Kepner-Tregoe Excellence Awards 2024: Winners &amp; Nominees Award Winners 2024 The following persons, teams and organizations have been selected by the","breadcrumb":{"@id":"https:\/\/staging.kepner-tregoe.com\/fr\/about\/awards\/excellence-awards-2024\/#breadcrumb"},"inLanguage":"fr-FR","potentialAction":[{"@type":"ReadAction","target":["https:\/\/staging.kepner-tregoe.com\/fr\/about\/awards\/excellence-awards-2024\/"]}]},{"@type":"BreadcrumbList","@id":"https:\/\/staging.kepner-tregoe.com\/fr\/about\/awards\/excellence-awards-2024\/#breadcrumb","itemListElement":[{"@type":"ListItem","position":1,"name":"Home","item":"https:\/\/staging.kepner-tregoe.com\/fr\/home\/"},{"@type":"ListItem","position":2,"name":"About us","item":"https:\/\/staging.kepner-tregoe.com\/fr\/about\/"},{"@type":"ListItem","position":3,"name":"Awards","item":"https:\/\/staging.kepner-tregoe.com\/fr\/about\/awards\/"},{"@type":"ListItem","position":4,"name":"Kepner-Tregoe Excellence Awards 2024: Winners &amp; Nominees"}]},{"@type":"WebSite","@id":"https:\/\/staging.kepner-tregoe.com\/fr\/#website","url":"https:\/\/staging.kepner-tregoe.com\/fr\/","name":"Kepner-Tregoe","description":"Leaders in problem solving","publisher":{"@id":"https:\/\/staging.kepner-tregoe.com\/fr\/#organization"},"potentialAction":[{"@type":"SearchAction","target":{"@type":"EntryPoint","urlTemplate":"https:\/\/staging.kepner-tregoe.com\/fr\/?s={search_term_string}"},"query-input":{"@type":"PropertyValueSpecification","valueRequired":true,"valueName":"search_term_string"}}],"inLanguage":"fr-FR"},{"@type":"Organization","@id":"https:\/\/staging.kepner-tregoe.com\/fr\/#organization","name":"Kepner-Tregoe","url":"https:\/\/staging.kepner-tregoe.com\/fr\/","logo":{"@type":"ImageObject","inLanguage":"fr-FR","@id":"https:\/\/staging.kepner-tregoe.com\/fr\/#\/schema\/logo\/image\/","url":"https:\/\/staging.kepner-tregoe.com\/wp-content\/uploads\/2025\/06\/kepner-tregoe-logo.png","contentUrl":"https:\/\/staging.kepner-tregoe.com\/wp-content\/uploads\/2025\/06\/kepner-tregoe-logo.png","width":264,"height":38,"caption":"Kepner-Tregoe"},"image":{"@id":"https:\/\/staging.kepner-tregoe.com\/fr\/#\/schema\/logo\/image\/"},"sameAs":["https:\/\/www.linkedin.com\/company\/14495"]}]}},"_links":{"self":[{"href":"https:\/\/staging.kepner-tregoe.com\/fr\/wp-json\/wp\/v2\/pages\/46185","targetHints":{"allow":["GET"]}}],"collection":[{"href":"https:\/\/staging.kepner-tregoe.com\/fr\/wp-json\/wp\/v2\/pages"}],"about":[{"href":"https:\/\/staging.kepner-tregoe.com\/fr\/wp-json\/wp\/v2\/types\/page"}],"author":[{"embeddable":true,"href":"https:\/\/staging.kepner-tregoe.com\/fr\/wp-json\/wp\/v2\/users\/18"}],"replies":[{"embeddable":true,"href":"https:\/\/staging.kepner-tregoe.com\/fr\/wp-json\/wp\/v2\/comments?post=46185"}],"version-history":[{"count":1,"href":"https:\/\/staging.kepner-tregoe.com\/fr\/wp-json\/wp\/v2\/pages\/46185\/revisions"}],"predecessor-version":[{"id":46186,"href":"https:\/\/staging.kepner-tregoe.com\/fr\/wp-json\/wp\/v2\/pages\/46185\/revisions\/46186"}],"up":[{"embeddable":true,"href":"https:\/\/staging.kepner-tregoe.com\/fr\/wp-json\/wp\/v2\/pages\/3870"}],"wp:attachment":[{"href":"https:\/\/staging.kepner-tregoe.com\/fr\/wp-json\/wp\/v2\/media?parent=46185"}],"curies":[{"name":"wp","href":"https:\/\/api.w.org\/{rel}","templated":true}]}}