{"id":45749,"date":"2025-07-07T21:38:37","date_gmt":"2025-07-07T21:38:37","guid":{"rendered":"https:\/\/staging.kepner-tregoe.com\/simulation\/"},"modified":"2025-08-07T11:00:49","modified_gmt":"2025-08-07T11:00:49","slug":"simulation","status":"publish","type":"page","link":"https:\/\/staging.kepner-tregoe.com\/fr\/simulation\/","title":{"rendered":"L&rsquo;efficacit\u00e9 de la simulation au service de la formation (disponible en anglais)"},"content":{"rendered":"\n<div class=\"wp-block-wsfirst-responsive-spacer responsive-spacer\" aria-hidden=\"true\"><div class=\"responsive-spacer-fullsize\" style=\"height:3.1875rem\"><\/div><div class=\"responsive-spacer-tablet\" style=\"height:2.4375rem\"><\/div><div class=\"responsive-spacer-mobile\" style=\"height:1.625rem\"><\/div><\/div>\n\n<h1 class=\"wp-block-heading has-text-align-center\" id=\"h-simulation\">L&rsquo;efficacit\u00e9 de la simulation au service de la formation (disponible en anglais)<\/h1>\n\n<div class=\"wp-block-wsfirst-responsive-spacer responsive-spacer\" aria-hidden=\"true\"><div class=\"responsive-spacer-fullsize\" style=\"height:3.1875rem\"><\/div><div class=\"responsive-spacer-tablet\" style=\"height:2.4375rem\"><\/div><div class=\"responsive-spacer-mobile\" style=\"height:1.625rem\"><\/div><\/div>\n\n<h3 class=\"wp-block-heading\" id=\"h-learning-best-practice-problem-solving-techniques-using-state-of-the-art-simulation-technology\">Apprendre les meilleures techniques de r\u00e9solution de probl\u00e8mes gr\u00e2ce \u00e0 l\u2019outil de simulation<\/h3>\n\n<p>Les ing\u00e9nieurs ont des consoles de jeux \u00e0 la maison &#8211; offrons-leur une console au travail pour rendre l&rsquo;apprentissage amusant !<\/p>\n\n<p>Nos programmes bas\u00e9s sur la simulation, qui font appel \u00e0 des robots et \u00e0 la gamification, rendent l&rsquo;apprentissage plus amusant gr\u00e2ce \u00e0 des exercices de d\u00e9pannage interactifs et r\u00e9actifs.<\/p>\n\n<p>L&rsquo;apprentissage par la simulation aide les individus \u00e0 mieux comprendre des concepts complexes et leur donne l&rsquo;occasion d&rsquo;exp\u00e9rimenter les cons\u00e9quences de leurs actions dans un environnement o\u00f9 ils ne risquent pas d&rsquo;\u00e9chouer.<\/p>\n\n<p>Nous savons qu&rsquo;il n&rsquo;y a pas de substitut \u00e0 l&rsquo;exp\u00e9rience pratique en mati\u00e8re de d\u00e9pannage. C&rsquo;est pourquoi notre simulation comporte des \u00e9l\u00e9ments r\u00e9alistes tels que la pression du temps et la \u00ab\u00a0surcharge d&rsquo;informations\u00a0\u00bb, <strong>cr\u00e9er un sentiment d&rsquo;urgence et de risque &#8211; tout comme la r\u00e9solution de probl\u00e8mes dans les environnements de travail quotidiens<\/strong>. <\/p>\n\n<p>Il cr\u00e9e \u00e9galement un <strong>une exp\u00e9rience de renforcement de l&rsquo;esprit d&rsquo;\u00e9quipe tr\u00e8s engageante et collaborative<\/strong>. Le fait de travailler ensemble sur les exercices, de c\u00e9l\u00e9brer les succ\u00e8s et de surmonter les \u00e9checs renforce les liens et contribue \u00e0 d\u00e9velopper un esprit d&rsquo;\u00e9quipe entre les membres du groupe. Pratiquement tous nos participants d\u00e9clarent que leurs comp\u00e9tences en mati\u00e8re de collaboration en \u00e9quipe et leur confiance en leurs pairs ont \u00e9t\u00e9 am\u00e9lior\u00e9es ! <\/p>\n\n<p>Chez KT, nous nous engageons \u00e0 am\u00e9liorer continuellement l&rsquo;exp\u00e9rience de l&rsquo;apprenant et le retour sur investissement pour nos clients. Nous avons investi dans des exp\u00e9riences d&rsquo;apprentissage par simulation innovantes afin d&rsquo;aider les apprenants \u00e0 devenir des participants actifs dans leur parcours d&rsquo;apprentissage, ce qui permet un d\u00e9veloppement plus imm\u00e9diat et plus profond des comp\u00e9tences, et donc des r\u00e9sultats plus rapides et plus significatifs pour l&rsquo;entreprise. <\/p>\n\n<figure class=\"wp-block-embed is-type-video is-provider-youtube wp-block-embed-youtube wp-embed-aspect-4-3 wp-has-aspect-ratio\"><div class=\"wp-block-embed__wrapper\">\n<iframe loading=\"lazy\" title=\"KT Troubleshooting Simulation - Kepner Tregoe Consulting &amp; Training\" width=\"500\" height=\"375\" src=\"https:\/\/www.youtube.com\/embed\/EX_uhelVHrM?start=6&#038;feature=oembed\" frameborder=\"0\" allow=\"accelerometer; autoplay; clipboard-write; encrypted-media; gyroscope; picture-in-picture; web-share\" referrerpolicy=\"strict-origin-when-cross-origin\" allowfullscreen><\/iframe>\n<\/div><\/figure>\n\n<div class=\"wp-block-columns alignwide are-vertically-aligned-top is-style-image-with-content is-layout-flex wp-container-core-columns-is-layout-28f84493 wp-block-columns-is-layout-flex\" data-aos=\"fade-left\">\n<div class=\"wp-block-column is-vertically-aligned-top is-layout-flow wp-container-core-column-is-layout-d217282a wp-block-column-is-layout-flow\" style=\"padding-top:0;padding-bottom:0\">\n<h2 class=\"wp-block-heading\" id=\"h-benefits-of-simulation-based-learning\">Avantages de l&rsquo;apprentissage par simulation<\/h2>\n\n\n\n<ul class=\"wp-block-list\">\n<li>L&rsquo;apprentissage par la r\u00e9flexion sur l&rsquo;action augmente les taux de r\u00e9tention des nouveaux concepts et renforce la confiance en soi<\/li>\n\n\n\n<li>La r\u00e9solution de probl\u00e8mes dans un environnement r\u00e9aliste permet de combler le foss\u00e9 entre la th\u00e9orie et la pratique et de r\u00e9duire le temps n\u00e9cessaire \u00e0 l&rsquo;obtention de r\u00e9sultats.<\/li>\n\n\n\n<li>Les sc\u00e9narios bas\u00e9s sur la simulation cr\u00e9ent une exp\u00e9rience attrayante, dynamique et interactive qui maximise la motivation d&rsquo;apprendre.<\/li>\n\n\n\n<li>La pratique dans un environnement d&rsquo;apprentissage sans risque d&rsquo;\u00e9chec permet aux personnes d&rsquo;apprendre de leurs erreurs et de transf\u00e9rer plus facilement les comp\u00e9tences dans leur travail.<\/li>\n<\/ul>\n\n\n\n<div class=\"wp-block-buttons is-layout-flex wp-block-buttons-is-layout-flex\">\n<div class=\"wp-block-button is-style-fill\"><a class=\"wp-block-button__link wp-element-button\" href=\"https:\/\/staging.kepner-tregoe.com\/fr\/training\/\">Explorer la formation<\/a><\/div>\n<\/div>\n<\/div>\n\n\n\n<div class=\"wp-block-column is-vertically-aligned-top is-layout-flow wp-block-column-is-layout-flow\">\n<figure class=\"wp-block-image size-full\"><img loading=\"lazy\" decoding=\"async\" width=\"579\" height=\"360\" src=\"https:\/\/staging.kepner-tregoe.com\/wp-content\/uploads\/2025\/06\/Left.jpg\" alt=\"\" class=\"wp-image-147\" srcset=\"https:\/\/staging.kepner-tregoe.com\/wp-content\/uploads\/2025\/06\/Left.jpg 579w, https:\/\/staging.kepner-tregoe.com\/wp-content\/uploads\/2025\/06\/Left-300x187.jpg 300w\" sizes=\"auto, (max-width: 579px) 100vw, 579px\" \/><\/figure>\n<\/div>\n<\/div>\n\n<div class=\"wp-block-wsfirst-responsive-spacer responsive-spacer\" aria-hidden=\"true\"><div class=\"responsive-spacer-fullsize\" style=\"height:6.25rem\"><\/div><div class=\"responsive-spacer-tablet\" style=\"height:4.375rem\"><\/div><div class=\"responsive-spacer-mobile\" style=\"height:2.5rem\"><\/div><\/div>\n","protected":false},"excerpt":{"rendered":"<p>L&rsquo;efficacit\u00e9 de la simulation au service de la formation (disponible en anglais) Apprendre les meilleures techniques de r\u00e9solution de probl\u00e8mes gr\u00e2ce \u00e0 l\u2019outil de simulation Les ing\u00e9nieurs ont des consoles de jeux \u00e0 la maison &#8211; offrons-leur une console au travail pour rendre l&rsquo;apprentissage amusant ! Nos programmes bas\u00e9s sur la simulation, qui font appel [&hellip;]<\/p>\n","protected":false},"author":17,"featured_media":0,"parent":0,"menu_order":0,"comment_status":"closed","ping_status":"closed","template":"","meta":{"_acf_changed":false,"footnotes":""},"class_list":["post-45749","page","type-page","status-publish","hentry"],"acf":[],"yoast_head":"<!-- This site is optimized with the Yoast SEO Premium plugin v25.6 (Yoast SEO v27.4) - https:\/\/yoast.com\/product\/yoast-seo-premium-wordpress\/ -->\n<title>L&#039;efficacit\u00e9 de la simulation au service de la formation (disponible en anglais) - Kepner-Tregoe<\/title>\n<meta name=\"description\" content=\"L&#039;efficacit\u00e9 de la simulation au service de la formation (disponible en anglais) Apprendre les meilleures techniques de r\u00e9solution de probl\u00e8mes gr\u00e2ce \u00e0\" \/>\n<meta name=\"robots\" content=\"noindex, follow, max-snippet:-1, max-image-preview:large, max-video-preview:-1\" \/>\n<meta property=\"og:locale\" content=\"fr_FR\" \/>\n<meta property=\"og:type\" content=\"article\" \/>\n<meta property=\"og:title\" content=\"L&#039;efficacit\u00e9 de la simulation au service de la formation (disponible en anglais)\" \/>\n<meta property=\"og:description\" content=\"L&#039;efficacit\u00e9 de la simulation au service de la formation (disponible en anglais) Apprendre les meilleures techniques de r\u00e9solution de probl\u00e8mes gr\u00e2ce \u00e0\" \/>\n<meta property=\"og:url\" content=\"https:\/\/staging.kepner-tregoe.com\/fr\/simulation\/\" \/>\n<meta property=\"og:site_name\" content=\"Kepner-Tregoe\" \/>\n<meta property=\"article:modified_time\" content=\"2025-08-07T11:00:49+00:00\" \/>\n<meta property=\"og:image\" content=\"https:\/\/staging.kepner-tregoe.com\/wp-content\/uploads\/2025\/06\/Left.jpg\" \/>\n\t<meta property=\"og:image:width\" content=\"579\" \/>\n\t<meta property=\"og:image:height\" content=\"360\" \/>\n\t<meta property=\"og:image:type\" content=\"image\/jpeg\" \/>\n<meta name=\"twitter:card\" content=\"summary_large_image\" \/>\n<meta name=\"twitter:label1\" content=\"Dur\u00e9e de lecture estim\u00e9e\" \/>\n\t<meta name=\"twitter:data1\" content=\"2 minutes\" \/>\n<script type=\"application\/ld+json\" class=\"yoast-schema-graph\">{\"@context\":\"https:\\\/\\\/schema.org\",\"@graph\":[{\"@type\":\"WebPage\",\"@id\":\"https:\\\/\\\/staging.kepner-tregoe.com\\\/fr\\\/simulation\\\/\",\"url\":\"https:\\\/\\\/staging.kepner-tregoe.com\\\/fr\\\/simulation\\\/\",\"name\":\"L'efficacit\u00e9 de la simulation au service de la formation (disponible en anglais) - Kepner-Tregoe\",\"isPartOf\":{\"@id\":\"https:\\\/\\\/staging.kepner-tregoe.com\\\/fr\\\/#website\"},\"primaryImageOfPage\":{\"@id\":\"https:\\\/\\\/staging.kepner-tregoe.com\\\/fr\\\/simulation\\\/#primaryimage\"},\"image\":{\"@id\":\"https:\\\/\\\/staging.kepner-tregoe.com\\\/fr\\\/simulation\\\/#primaryimage\"},\"thumbnailUrl\":\"https:\\\/\\\/staging.kepner-tregoe.com\\\/wp-content\\\/uploads\\\/2025\\\/06\\\/Left.jpg\",\"datePublished\":\"2025-07-07T21:38:37+00:00\",\"dateModified\":\"2025-08-07T11:00:49+00:00\",\"description\":\"L'efficacit\u00e9 de la simulation au service de la formation (disponible en anglais) Apprendre les meilleures techniques de r\u00e9solution de probl\u00e8mes gr\u00e2ce \u00e0\",\"breadcrumb\":{\"@id\":\"https:\\\/\\\/staging.kepner-tregoe.com\\\/fr\\\/simulation\\\/#breadcrumb\"},\"inLanguage\":\"fr-FR\",\"potentialAction\":[{\"@type\":\"ReadAction\",\"target\":[\"https:\\\/\\\/staging.kepner-tregoe.com\\\/fr\\\/simulation\\\/\"]}]},{\"@type\":\"ImageObject\",\"inLanguage\":\"fr-FR\",\"@id\":\"https:\\\/\\\/staging.kepner-tregoe.com\\\/fr\\\/simulation\\\/#primaryimage\",\"url\":\"https:\\\/\\\/staging.kepner-tregoe.com\\\/wp-content\\\/uploads\\\/2025\\\/06\\\/Left.jpg\",\"contentUrl\":\"https:\\\/\\\/staging.kepner-tregoe.com\\\/wp-content\\\/uploads\\\/2025\\\/06\\\/Left.jpg\"},{\"@type\":\"BreadcrumbList\",\"@id\":\"https:\\\/\\\/staging.kepner-tregoe.com\\\/fr\\\/simulation\\\/#breadcrumb\",\"itemListElement\":[{\"@type\":\"ListItem\",\"position\":1,\"name\":\"Home\",\"item\":\"https:\\\/\\\/staging.kepner-tregoe.com\\\/fr\\\/home\\\/\"},{\"@type\":\"ListItem\",\"position\":2,\"name\":\"L&#8217;efficacit\u00e9 de la simulation au service de la formation (disponible en anglais)\"}]},{\"@type\":\"WebSite\",\"@id\":\"https:\\\/\\\/staging.kepner-tregoe.com\\\/fr\\\/#website\",\"url\":\"https:\\\/\\\/staging.kepner-tregoe.com\\\/fr\\\/\",\"name\":\"Kepner-Tregoe\",\"description\":\"Leaders in problem solving\",\"publisher\":{\"@id\":\"https:\\\/\\\/staging.kepner-tregoe.com\\\/fr\\\/#organization\"},\"potentialAction\":[{\"@type\":\"SearchAction\",\"target\":{\"@type\":\"EntryPoint\",\"urlTemplate\":\"https:\\\/\\\/staging.kepner-tregoe.com\\\/fr\\\/?s={search_term_string}\"},\"query-input\":{\"@type\":\"PropertyValueSpecification\",\"valueRequired\":true,\"valueName\":\"search_term_string\"}}],\"inLanguage\":\"fr-FR\"},{\"@type\":\"Organization\",\"@id\":\"https:\\\/\\\/staging.kepner-tregoe.com\\\/fr\\\/#organization\",\"name\":\"Kepner-Tregoe\",\"url\":\"https:\\\/\\\/staging.kepner-tregoe.com\\\/fr\\\/\",\"logo\":{\"@type\":\"ImageObject\",\"inLanguage\":\"fr-FR\",\"@id\":\"https:\\\/\\\/staging.kepner-tregoe.com\\\/fr\\\/#\\\/schema\\\/logo\\\/image\\\/\",\"url\":\"https:\\\/\\\/staging.kepner-tregoe.com\\\/wp-content\\\/uploads\\\/2025\\\/06\\\/kepner-tregoe-logo.png\",\"contentUrl\":\"https:\\\/\\\/staging.kepner-tregoe.com\\\/wp-content\\\/uploads\\\/2025\\\/06\\\/kepner-tregoe-logo.png\",\"width\":264,\"height\":38,\"caption\":\"Kepner-Tregoe\"},\"image\":{\"@id\":\"https:\\\/\\\/staging.kepner-tregoe.com\\\/fr\\\/#\\\/schema\\\/logo\\\/image\\\/\"},\"sameAs\":[\"https:\\\/\\\/www.linkedin.com\\\/company\\\/14495\"]}]}<\/script>\n<!-- \/ Yoast SEO Premium plugin. -->","yoast_head_json":{"title":"L'efficacit\u00e9 de la simulation au service de la formation (disponible en anglais) - Kepner-Tregoe","description":"L'efficacit\u00e9 de la simulation au service de la formation (disponible en anglais) Apprendre les meilleures techniques de r\u00e9solution de probl\u00e8mes gr\u00e2ce \u00e0","robots":{"index":"noindex","follow":"follow","max-snippet":"max-snippet:-1","max-image-preview":"max-image-preview:large","max-video-preview":"max-video-preview:-1"},"og_locale":"fr_FR","og_type":"article","og_title":"L'efficacit\u00e9 de la simulation au service de la formation (disponible en anglais)","og_description":"L'efficacit\u00e9 de la simulation au service de la formation (disponible en anglais) Apprendre les meilleures techniques de r\u00e9solution de probl\u00e8mes gr\u00e2ce \u00e0","og_url":"https:\/\/staging.kepner-tregoe.com\/fr\/simulation\/","og_site_name":"Kepner-Tregoe","article_modified_time":"2025-08-07T11:00:49+00:00","og_image":[{"width":579,"height":360,"url":"https:\/\/staging.kepner-tregoe.com\/wp-content\/uploads\/2025\/06\/Left.jpg","type":"image\/jpeg"}],"twitter_card":"summary_large_image","twitter_misc":{"Dur\u00e9e de lecture estim\u00e9e":"2 minutes"},"schema":{"@context":"https:\/\/schema.org","@graph":[{"@type":"WebPage","@id":"https:\/\/staging.kepner-tregoe.com\/fr\/simulation\/","url":"https:\/\/staging.kepner-tregoe.com\/fr\/simulation\/","name":"L'efficacit\u00e9 de la simulation au service de la formation (disponible en anglais) - Kepner-Tregoe","isPartOf":{"@id":"https:\/\/staging.kepner-tregoe.com\/fr\/#website"},"primaryImageOfPage":{"@id":"https:\/\/staging.kepner-tregoe.com\/fr\/simulation\/#primaryimage"},"image":{"@id":"https:\/\/staging.kepner-tregoe.com\/fr\/simulation\/#primaryimage"},"thumbnailUrl":"https:\/\/staging.kepner-tregoe.com\/wp-content\/uploads\/2025\/06\/Left.jpg","datePublished":"2025-07-07T21:38:37+00:00","dateModified":"2025-08-07T11:00:49+00:00","description":"L'efficacit\u00e9 de la simulation au service de la formation (disponible en anglais) Apprendre les meilleures techniques de r\u00e9solution de probl\u00e8mes gr\u00e2ce \u00e0","breadcrumb":{"@id":"https:\/\/staging.kepner-tregoe.com\/fr\/simulation\/#breadcrumb"},"inLanguage":"fr-FR","potentialAction":[{"@type":"ReadAction","target":["https:\/\/staging.kepner-tregoe.com\/fr\/simulation\/"]}]},{"@type":"ImageObject","inLanguage":"fr-FR","@id":"https:\/\/staging.kepner-tregoe.com\/fr\/simulation\/#primaryimage","url":"https:\/\/staging.kepner-tregoe.com\/wp-content\/uploads\/2025\/06\/Left.jpg","contentUrl":"https:\/\/staging.kepner-tregoe.com\/wp-content\/uploads\/2025\/06\/Left.jpg"},{"@type":"BreadcrumbList","@id":"https:\/\/staging.kepner-tregoe.com\/fr\/simulation\/#breadcrumb","itemListElement":[{"@type":"ListItem","position":1,"name":"Home","item":"https:\/\/staging.kepner-tregoe.com\/fr\/home\/"},{"@type":"ListItem","position":2,"name":"L&#8217;efficacit\u00e9 de la simulation au service de la formation (disponible en anglais)"}]},{"@type":"WebSite","@id":"https:\/\/staging.kepner-tregoe.com\/fr\/#website","url":"https:\/\/staging.kepner-tregoe.com\/fr\/","name":"Kepner-Tregoe","description":"Leaders in problem solving","publisher":{"@id":"https:\/\/staging.kepner-tregoe.com\/fr\/#organization"},"potentialAction":[{"@type":"SearchAction","target":{"@type":"EntryPoint","urlTemplate":"https:\/\/staging.kepner-tregoe.com\/fr\/?s={search_term_string}"},"query-input":{"@type":"PropertyValueSpecification","valueRequired":true,"valueName":"search_term_string"}}],"inLanguage":"fr-FR"},{"@type":"Organization","@id":"https:\/\/staging.kepner-tregoe.com\/fr\/#organization","name":"Kepner-Tregoe","url":"https:\/\/staging.kepner-tregoe.com\/fr\/","logo":{"@type":"ImageObject","inLanguage":"fr-FR","@id":"https:\/\/staging.kepner-tregoe.com\/fr\/#\/schema\/logo\/image\/","url":"https:\/\/staging.kepner-tregoe.com\/wp-content\/uploads\/2025\/06\/kepner-tregoe-logo.png","contentUrl":"https:\/\/staging.kepner-tregoe.com\/wp-content\/uploads\/2025\/06\/kepner-tregoe-logo.png","width":264,"height":38,"caption":"Kepner-Tregoe"},"image":{"@id":"https:\/\/staging.kepner-tregoe.com\/fr\/#\/schema\/logo\/image\/"},"sameAs":["https:\/\/www.linkedin.com\/company\/14495"]}]}},"_links":{"self":[{"href":"https:\/\/staging.kepner-tregoe.com\/fr\/wp-json\/wp\/v2\/pages\/45749","targetHints":{"allow":["GET"]}}],"collection":[{"href":"https:\/\/staging.kepner-tregoe.com\/fr\/wp-json\/wp\/v2\/pages"}],"about":[{"href":"https:\/\/staging.kepner-tregoe.com\/fr\/wp-json\/wp\/v2\/types\/page"}],"author":[{"embeddable":true,"href":"https:\/\/staging.kepner-tregoe.com\/fr\/wp-json\/wp\/v2\/users\/17"}],"replies":[{"embeddable":true,"href":"https:\/\/staging.kepner-tregoe.com\/fr\/wp-json\/wp\/v2\/comments?post=45749"}],"version-history":[{"count":4,"href":"https:\/\/staging.kepner-tregoe.com\/fr\/wp-json\/wp\/v2\/pages\/45749\/revisions"}],"predecessor-version":[{"id":59019,"href":"https:\/\/staging.kepner-tregoe.com\/fr\/wp-json\/wp\/v2\/pages\/45749\/revisions\/59019"}],"wp:attachment":[{"href":"https:\/\/staging.kepner-tregoe.com\/fr\/wp-json\/wp\/v2\/media?parent=45749"}],"curies":[{"name":"wp","href":"https:\/\/api.w.org\/{rel}","templated":true}]}}