{"id":45742,"date":"2025-07-07T21:39:12","date_gmt":"2025-07-07T21:39:12","guid":{"rendered":"https:\/\/staging.kepner-tregoe.com\/kt-badge-program\/"},"modified":"2025-08-06T15:41:41","modified_gmt":"2025-08-06T15:41:41","slug":"kt-badge-program","status":"publish","type":"page","link":"https:\/\/staging.kepner-tregoe.com\/fr\/kt-badge-program\/","title":{"rendered":"Programme de badges KT"},"content":{"rendered":"\n<div class=\"wp-block-wsfirst-responsive-spacer responsive-spacer\" aria-hidden=\"true\"><div class=\"responsive-spacer-fullsize\" style=\"height:3.1875rem\"><\/div><div class=\"responsive-spacer-tablet\" style=\"height:2.4375rem\"><\/div><div class=\"responsive-spacer-mobile\" style=\"height:1.625rem\"><\/div><\/div>\n\n<h1 class=\"wp-block-heading has-text-align-center\" id=\"h-kt-s-badge-program\">Programme de badges KT<\/h1>\n\n<div class=\"wp-block-wsfirst-responsive-spacer responsive-spacer\" aria-hidden=\"true\"><div class=\"responsive-spacer-fullsize\" style=\"height:3.1875rem\"><\/div><div class=\"responsive-spacer-tablet\" style=\"height:2.4375rem\"><\/div><div class=\"responsive-spacer-mobile\" style=\"height:1.625rem\"><\/div><\/div>\n\n<div class=\"wp-block-columns is-layout-flex wp-container-core-columns-is-layout-28f84493 wp-block-columns-is-layout-flex\">\n<div class=\"wp-block-column is-layout-flow wp-block-column-is-layout-flow\">\n<h3 class=\"wp-block-heading\" id=\"h-proudly-display-your-professional-qualifications-amp-achievements\">Affichez fi\u00e8rement vos qualifications et r\u00e9alisations professionnelles<\/h3>\n<\/div>\n\n\n\n<div class=\"wp-block-column is-layout-flow wp-block-column-is-layout-flow\">\n<p>Nous rendons visibles vos formations et certifications Kepner-Tregoe par le biais de certificats num\u00e9riques s\u00e9curis\u00e9s et v\u00e9rifiables. Les badges et certifications sont attribu\u00e9s aux professionnels qui ont suivi avec succ\u00e8s une formation et\/ou certification KT. <\/p>\n\n\n\n<div class=\"wp-block-buttons is-layout-flex wp-block-buttons-is-layout-flex\">\n<div class=\"wp-block-button\" id=\"verifyBadge\"><a class=\"wp-block-button__link wp-element-button\" href=\"https:\/\/staging.kepner-tregoe.com\/verify-a-badge\/\" target=\"_blank\" rel=\"noreferrer noopener\">VERIFICATION<\/a><\/div>\n<\/div>\n<\/div>\n<\/div>\n\n<h2 class=\"wp-block-heading\" id=\"h-explore-our-badges\">Nos badges :<\/h2>\n\n<div class=\"wp-block-wsfirst-responsive-spacer responsive-spacer\" aria-hidden=\"true\"><div class=\"responsive-spacer-fullsize\" style=\"height:1.875rem\"><\/div><div class=\"responsive-spacer-tablet\" style=\"height:1.5625rem\"><\/div><div class=\"responsive-spacer-mobile\" style=\"height:1.25rem\"><\/div><\/div>\n\n<div class=\"wp-block-columns is-layout-flex wp-container-core-columns-is-layout-28f84493 wp-block-columns-is-layout-flex\">\n<div class=\"wp-block-column is-layout-flow wp-block-column-is-layout-flow\">\n<figure class=\"wp-block-image size-full\"><img loading=\"lazy\" decoding=\"async\" width=\"1024\" height=\"1024\" src=\"https:\/\/staging.kepner-tregoe.com\/wp-content\/uploads\/2025\/05\/Kepner-Tregoe-Foundations-Badge.webp\" alt=\"\" class=\"wp-image-45250\" srcset=\"https:\/\/staging.kepner-tregoe.com\/wp-content\/uploads\/2025\/05\/Kepner-Tregoe-Foundations-Badge.webp 1024w, https:\/\/staging.kepner-tregoe.com\/wp-content\/uploads\/2025\/05\/Kepner-Tregoe-Foundations-Badge-300x300.webp 300w, https:\/\/staging.kepner-tregoe.com\/wp-content\/uploads\/2025\/05\/Kepner-Tregoe-Foundations-Badge-150x150.webp 150w, https:\/\/staging.kepner-tregoe.com\/wp-content\/uploads\/2025\/05\/Kepner-Tregoe-Foundations-Badge-768x768.webp 768w\" sizes=\"auto, (max-width: 1024px) 100vw, 1024px\" \/><\/figure>\n<\/div>\n\n\n\n<div class=\"wp-block-column is-layout-flow wp-block-column-is-layout-flow\">\n<figure class=\"wp-block-image size-full\"><img loading=\"lazy\" decoding=\"async\" width=\"300\" height=\"300\" src=\"https:\/\/staging.kepner-tregoe.com\/wp-content\/uploads\/2025\/07\/Kepner-Tregoe-Practitioner-Badge.webp\" alt=\"\" class=\"wp-image-46509\" srcset=\"https:\/\/staging.kepner-tregoe.com\/wp-content\/uploads\/2025\/07\/Kepner-Tregoe-Practitioner-Badge.webp 300w, https:\/\/staging.kepner-tregoe.com\/wp-content\/uploads\/2025\/07\/Kepner-Tregoe-Practitioner-Badge-150x150.webp 150w\" sizes=\"auto, (max-width: 300px) 100vw, 300px\" \/><\/figure>\n<\/div>\n\n\n\n<div class=\"wp-block-column is-layout-flow wp-block-column-is-layout-flow\">\n<figure class=\"wp-block-image size-full\"><img loading=\"lazy\" decoding=\"async\" width=\"300\" height=\"300\" src=\"https:\/\/staging.kepner-tregoe.com\/wp-content\/uploads\/2025\/07\/Kepner-Tregoe-Advanced-Badge.webp\" alt=\"\" class=\"wp-image-46499\" srcset=\"https:\/\/staging.kepner-tregoe.com\/wp-content\/uploads\/2025\/07\/Kepner-Tregoe-Advanced-Badge.webp 300w, https:\/\/staging.kepner-tregoe.com\/wp-content\/uploads\/2025\/07\/Kepner-Tregoe-Advanced-Badge-150x150.webp 150w\" sizes=\"auto, (max-width: 300px) 100vw, 300px\" \/><\/figure>\n<\/div>\n<\/div>\n\n<div class=\"wp-block-columns is-layout-flex wp-container-core-columns-is-layout-28f84493 wp-block-columns-is-layout-flex\">\n<div class=\"wp-block-column is-layout-flow wp-block-column-is-layout-flow\">\n<figure class=\"wp-block-image size-full\"><img loading=\"lazy\" decoding=\"async\" width=\"300\" height=\"300\" src=\"https:\/\/staging.kepner-tregoe.com\/wp-content\/uploads\/2025\/07\/Kepner-Tregoe-Expert-Badge.webp\" alt=\"\" class=\"wp-image-46504\" srcset=\"https:\/\/staging.kepner-tregoe.com\/wp-content\/uploads\/2025\/07\/Kepner-Tregoe-Expert-Badge.webp 300w, https:\/\/staging.kepner-tregoe.com\/wp-content\/uploads\/2025\/07\/Kepner-Tregoe-Expert-Badge-150x150.webp 150w\" sizes=\"auto, (max-width: 300px) 100vw, 300px\" \/><\/figure>\n<\/div>\n\n\n\n<div class=\"wp-block-column is-layout-flow wp-block-column-is-layout-flow\">\n<figure class=\"wp-block-image size-full\"><img loading=\"lazy\" decoding=\"async\" width=\"300\" height=\"300\" src=\"https:\/\/staging.kepner-tregoe.com\/wp-content\/uploads\/2021\/10\/Kepner-Tregoe-Coach-Badge.webp\" alt=\"\" class=\"wp-image-45973\" srcset=\"https:\/\/staging.kepner-tregoe.com\/wp-content\/uploads\/2021\/10\/Kepner-Tregoe-Coach-Badge.webp 300w, https:\/\/staging.kepner-tregoe.com\/wp-content\/uploads\/2021\/10\/Kepner-Tregoe-Coach-Badge-150x150.webp 150w\" sizes=\"auto, (max-width: 300px) 100vw, 300px\" \/><\/figure>\n<\/div>\n\n\n\n<div class=\"wp-block-column is-layout-flow wp-block-column-is-layout-flow\">\n<figure class=\"wp-block-image size-full\"><img loading=\"lazy\" decoding=\"async\" width=\"300\" height=\"300\" src=\"https:\/\/staging.kepner-tregoe.com\/wp-content\/uploads\/2021\/10\/Kepner-Tregoe-Facilitator-Badge.webp\" alt=\"\" class=\"wp-image-45989\" srcset=\"https:\/\/staging.kepner-tregoe.com\/wp-content\/uploads\/2021\/10\/Kepner-Tregoe-Facilitator-Badge.webp 300w, https:\/\/staging.kepner-tregoe.com\/wp-content\/uploads\/2021\/10\/Kepner-Tregoe-Facilitator-Badge-150x150.webp 150w\" sizes=\"auto, (max-width: 300px) 100vw, 300px\" \/><\/figure>\n<\/div>\n<\/div>\n\n<div class=\"wp-block-columns is-layout-flex wp-container-core-columns-is-layout-28f84493 wp-block-columns-is-layout-flex\">\n<div class=\"wp-block-column is-layout-flow wp-block-column-is-layout-flow\">\n<figure class=\"wp-block-image size-full\"><img loading=\"lazy\" decoding=\"async\" width=\"300\" height=\"300\" src=\"https:\/\/staging.kepner-tregoe.com\/wp-content\/uploads\/2025\/07\/Kepner-Tregoe-Program-Leader-Badge.webp\" alt=\"\" class=\"wp-image-46514\" srcset=\"https:\/\/staging.kepner-tregoe.com\/wp-content\/uploads\/2025\/07\/Kepner-Tregoe-Program-Leader-Badge.webp 300w, https:\/\/staging.kepner-tregoe.com\/wp-content\/uploads\/2025\/07\/Kepner-Tregoe-Program-Leader-Badge-150x150.webp 150w\" sizes=\"auto, (max-width: 300px) 100vw, 300px\" \/><\/figure>\n<\/div>\n\n\n\n<div class=\"wp-block-column is-layout-flow wp-block-column-is-layout-flow\"><\/div>\n\n\n\n<div class=\"wp-block-column is-layout-flow wp-block-column-is-layout-flow\"><\/div>\n<\/div>\n\n<div class=\"wp-block-wsfirst-responsive-spacer responsive-spacer\" aria-hidden=\"true\"><div class=\"responsive-spacer-fullsize\" style=\"height:3.1875rem\"><\/div><div class=\"responsive-spacer-tablet\" style=\"height:2.4375rem\"><\/div><div class=\"responsive-spacer-mobile\" style=\"height:1.625rem\"><\/div><\/div>\n\n<div class=\"wp-block-group alignwide is-layout-constrained wp-container-core-group-is-layout-4383d167 wp-block-group-is-layout-constrained\" data-aos=\"fade-right\">\n<h2 class=\"wp-block-heading is-style-underlined\" id=\"h-frequently-asked-questions\">La foire aux questions<\/h2>\n\n\n\n<div class=\"wp-block-columns is-layout-flex wp-container-core-columns-is-layout-28f84493 wp-block-columns-is-layout-flex\">\n<div class=\"wp-block-column is-layout-flow wp-block-column-is-layout-flow\"><\/div>\n\n\n\n<div class=\"wp-block-column is-layout-flow wp-block-column-is-layout-flow\">\n<h3 class=\"wp-block-heading\" id=\"h-what-is-a-badge\">Qu&rsquo;est-ce qu&rsquo;un badge ?<\/h3>\n\n\n\n<figure class=\"wp-block-image size-full is-resized\"><img decoding=\"async\" src=\"https:\/\/staging.kepner-tregoe.com\/wp-content\/uploads\/2025\/06\/arrow-right-large.svg\" alt=\"\" class=\"wp-image-121\" style=\"width:27px\"\/><\/figure>\n<\/div>\n\n\n\n<div class=\"wp-block-column is-layout-flow wp-block-column-is-layout-flow\">\n<p>L&rsquo;obtention d&rsquo;un badge num\u00e9rique est le r\u00e9sultat d&rsquo;une certification de formation. Les badges Kepner-Tregoe peuvent \u00eatre v\u00e9rifi\u00e9s et partag\u00e9s en ligne de mani\u00e8re simple et s\u00e9curis\u00e9e, sur des plateformes diff\u00e9rentes pour une visibilit\u00e9 et une reconnaissance maximales de vos comp\u00e9tences. <\/p>\n<\/div>\n<\/div>\n\n\n\n<div class=\"wp-block-columns is-layout-flex wp-container-core-columns-is-layout-28f84493 wp-block-columns-is-layout-flex\">\n<div class=\"wp-block-column is-layout-flow wp-block-column-is-layout-flow\"><\/div>\n\n\n\n<div class=\"wp-block-column is-layout-flow wp-block-column-is-layout-flow\">\n<h3 class=\"wp-block-heading\" id=\"h-how-do-i-earn-a-kt-badge\">Comment gagner un KT badge ?<\/h3>\n\n\n\n<figure class=\"wp-block-image size-full is-resized\"><img decoding=\"async\" src=\"https:\/\/staging.kepner-tregoe.com\/wp-content\/uploads\/2025\/06\/arrow-right-large.svg\" alt=\"\" class=\"wp-image-121\" style=\"width:27px\"\/><\/figure>\n<\/div>\n\n\n\n<div class=\"wp-block-column is-layout-flow wp-block-column-is-layout-flow\">\n<p>Vous pouvez obtenir un badge en suivant un parcours d&rsquo;apprentissage, un programme de formation ou une certification de Kepner-Tregoe. Vous pouvez obtenir un badges plus avanc\u00e9 en d\u00e9montrant vos comp\u00e9tences dans l&rsquo;application des processus KT &#8211; si vous avez d\u00e9j\u00e0 suivi une formation de base, vous trouverez des informations plus d\u00e9taill\u00e9es en vous connectant \u00e0 votre compte \u00ab\u00a0My KT\u00a0\u00bb. <\/p>\n<\/div>\n<\/div>\n\n\n\n<div class=\"wp-block-columns is-layout-flex wp-container-core-columns-is-layout-28f84493 wp-block-columns-is-layout-flex\">\n<div class=\"wp-block-column is-layout-flow wp-block-column-is-layout-flow\"><\/div>\n\n\n\n<div class=\"wp-block-column is-layout-flow wp-block-column-is-layout-flow\">\n<h3 class=\"wp-block-heading\" id=\"h-can-i-share-my-badges-online\">Puis-je partager mes badges en ligne ?<\/h3>\n\n\n\n<figure class=\"wp-block-image size-full is-resized\"><img decoding=\"async\" src=\"https:\/\/staging.kepner-tregoe.com\/wp-content\/uploads\/2025\/06\/arrow-right-large.svg\" alt=\"\" class=\"wp-image-121\" style=\"width:27px\"\/><\/figure>\n<\/div>\n\n\n\n<div class=\"wp-block-column is-layout-flow wp-block-column-is-layout-flow\">\n<p>Vous pouvez partager vos badges sur des plateformes telles que LinkedIn, Facebook, Twitter, ou les int\u00e9grer dans votre signature email ou encore sur votre site web personnel.<\/p>\n<\/div>\n<\/div>\n\n\n\n<div class=\"wp-block-columns is-layout-flex wp-container-core-columns-is-layout-28f84493 wp-block-columns-is-layout-flex\">\n<div class=\"wp-block-column is-layout-flow wp-block-column-is-layout-flow\"><\/div>\n\n\n\n<div class=\"wp-block-column is-layout-flow wp-block-column-is-layout-flow\">\n<h3 class=\"wp-block-heading\" id=\"h-how-can-someone-verify-my-badge\">Comment peut-on v\u00e9rifier mon badge ?<\/h3>\n\n\n\n<figure class=\"wp-block-image size-full is-resized\"><img decoding=\"async\" src=\"https:\/\/staging.kepner-tregoe.com\/wp-content\/uploads\/2025\/06\/arrow-right-large.svg\" alt=\"\" class=\"wp-image-121\" style=\"width:27px\"\/><\/figure>\n<\/div>\n\n\n\n<div class=\"wp-block-column is-layout-flow wp-block-column-is-layout-flow\">\n<p>Il vous suffit de remplir notre <a href=\"https:\/\/staging.kepner-tregoe.com\/verify-a-badge\/\" target=\"_blank\" rel=\"noreferrer noopener\">formulaire de demande de v\u00e9rification de badge,<\/a> et notre \u00e9quipe v\u00e9rifiera l\u2019accr\u00e9ditation et r\u00e9pondra dans un d\u00e9lai de 1 \u00e0 3 jours ouvrables.<\/p>\n<\/div>\n<\/div>\n\n\n\n<div class=\"wp-block-columns is-layout-flex wp-container-core-columns-is-layout-28f84493 wp-block-columns-is-layout-flex\">\n<div class=\"wp-block-column is-layout-flow wp-block-column-is-layout-flow\"><\/div>\n\n\n\n<div class=\"wp-block-column is-layout-flow wp-block-column-is-layout-flow\">\n<h3 class=\"wp-block-heading\" id=\"h-i-have-attended-a-training-recently-amp-have-not-yet-received-my-badge\">J\u2019ai r\u00e9cemment suivi une formation et je n\u2019ai pas encore re\u00e7u mon badge<\/h3>\n\n\n\n<figure class=\"wp-block-image size-full is-resized\"><img decoding=\"async\" src=\"https:\/\/staging.kepner-tregoe.com\/wp-content\/uploads\/2025\/06\/arrow-right-large.svg\" alt=\"\" class=\"wp-image-121\" style=\"width:27px\"\/><\/figure>\n<\/div>\n\n\n\n<div class=\"wp-block-column is-layout-flow wp-block-column-is-layout-flow\">\n<p>Si vous n\u2019avez pas re\u00e7u d\u2019e-mail contenant votre badge dans les 28 jours suivant votre programme KT, veuillez contacter <a href=\"mailto:KT-BadgeAdmin@kepner-tregoe.com\">KT-BadgeAdmin@kepner-tregoe.com<\/a> N\u2019oubliez pas de v\u00e9rifier votre dossier spam !<\/p>\n\n\n\n<p><em>Avez-vous suivi un programme anim\u00e9 par un formateur certifi\u00e9 KT au sein de votre organisation ? Demandez-lui de contacter KT afin de garantir la r\u00e9ception de votre badge. <\/em><\/p>\n<\/div>\n<\/div>\n<\/div>\n\n<div class=\"wp-block-wsfirst-responsive-spacer responsive-spacer\" aria-hidden=\"true\"><div class=\"responsive-spacer-fullsize\" style=\"height:6.25rem\"><\/div><div class=\"responsive-spacer-tablet\" style=\"height:4.375rem\"><\/div><div class=\"responsive-spacer-mobile\" style=\"height:2.5rem\"><\/div><\/div>\n","protected":false},"excerpt":{"rendered":"<p>Programme de badges KT Affichez fi\u00e8rement vos qualifications et r\u00e9alisations professionnelles Nous rendons visibles vos formations et certifications Kepner-Tregoe par le biais de certificats num\u00e9riques s\u00e9curis\u00e9s et v\u00e9rifiables. Les badges et certifications sont attribu\u00e9s aux professionnels qui ont suivi avec succ\u00e8s une formation et\/ou certification KT. Nos badges : La foire aux questions Qu&rsquo;est-ce qu&rsquo;un [&hellip;]<\/p>\n","protected":false},"author":17,"featured_media":0,"parent":0,"menu_order":0,"comment_status":"closed","ping_status":"closed","template":"","meta":{"_acf_changed":false,"footnotes":""},"class_list":["post-45742","page","type-page","status-publish","hentry"],"acf":[],"yoast_head":"<!-- This site is optimized with the Yoast SEO Premium plugin v25.6 (Yoast SEO v27.4) - https:\/\/yoast.com\/product\/yoast-seo-premium-wordpress\/ -->\n<title>Programme de badges KT - Kepner-Tregoe<\/title>\n<meta name=\"description\" content=\"Programme de badges KT Affichez fi\u00e8rement vos qualifications et r\u00e9alisations professionnelles Nous rendons visibles vos formations et certifications\" \/>\n<meta name=\"robots\" content=\"noindex, follow, max-snippet:-1, max-image-preview:large, max-video-preview:-1\" \/>\n<meta property=\"og:locale\" content=\"fr_FR\" \/>\n<meta property=\"og:type\" content=\"article\" \/>\n<meta property=\"og:title\" content=\"Programme de badges KT\" \/>\n<meta property=\"og:description\" content=\"Programme de badges KT Affichez fi\u00e8rement vos qualifications et r\u00e9alisations professionnelles Nous rendons visibles vos formations et certifications\" \/>\n<meta property=\"og:url\" content=\"https:\/\/staging.kepner-tregoe.com\/fr\/kt-badge-program\/\" \/>\n<meta property=\"og:site_name\" content=\"Kepner-Tregoe\" \/>\n<meta property=\"article:modified_time\" content=\"2025-08-06T15:41:41+00:00\" \/>\n<meta property=\"og:image\" content=\"https:\/\/staging.kepner-tregoe.com\/wp-content\/uploads\/2025\/05\/Kepner-Tregoe-Foundations-Badge.webp\" \/>\n\t<meta property=\"og:image:width\" content=\"1024\" \/>\n\t<meta property=\"og:image:height\" content=\"1024\" \/>\n\t<meta property=\"og:image:type\" content=\"image\/webp\" \/>\n<meta name=\"twitter:card\" content=\"summary_large_image\" \/>\n<meta name=\"twitter:label1\" content=\"Dur\u00e9e de lecture estim\u00e9e\" \/>\n\t<meta name=\"twitter:data1\" content=\"2 minutes\" \/>\n<script type=\"application\/ld+json\" class=\"yoast-schema-graph\">{\"@context\":\"https:\\\/\\\/schema.org\",\"@graph\":[{\"@type\":\"WebPage\",\"@id\":\"https:\\\/\\\/staging.kepner-tregoe.com\\\/fr\\\/kt-badge-program\\\/\",\"url\":\"https:\\\/\\\/staging.kepner-tregoe.com\\\/fr\\\/kt-badge-program\\\/\",\"name\":\"Programme de badges KT - Kepner-Tregoe\",\"isPartOf\":{\"@id\":\"https:\\\/\\\/staging.kepner-tregoe.com\\\/fr\\\/#website\"},\"primaryImageOfPage\":{\"@id\":\"https:\\\/\\\/staging.kepner-tregoe.com\\\/fr\\\/kt-badge-program\\\/#primaryimage\"},\"image\":{\"@id\":\"https:\\\/\\\/staging.kepner-tregoe.com\\\/fr\\\/kt-badge-program\\\/#primaryimage\"},\"thumbnailUrl\":\"https:\\\/\\\/staging.kepner-tregoe.com\\\/wp-content\\\/uploads\\\/2025\\\/05\\\/Kepner-Tregoe-Foundations-Badge.webp\",\"datePublished\":\"2025-07-07T21:39:12+00:00\",\"dateModified\":\"2025-08-06T15:41:41+00:00\",\"description\":\"Programme de badges KT Affichez fi\u00e8rement vos qualifications et r\u00e9alisations professionnelles Nous rendons visibles vos formations et certifications\",\"breadcrumb\":{\"@id\":\"https:\\\/\\\/staging.kepner-tregoe.com\\\/fr\\\/kt-badge-program\\\/#breadcrumb\"},\"inLanguage\":\"fr-FR\",\"potentialAction\":[{\"@type\":\"ReadAction\",\"target\":[\"https:\\\/\\\/staging.kepner-tregoe.com\\\/fr\\\/kt-badge-program\\\/\"]}]},{\"@type\":\"ImageObject\",\"inLanguage\":\"fr-FR\",\"@id\":\"https:\\\/\\\/staging.kepner-tregoe.com\\\/fr\\\/kt-badge-program\\\/#primaryimage\",\"url\":\"https:\\\/\\\/staging.kepner-tregoe.com\\\/wp-content\\\/uploads\\\/2025\\\/05\\\/Kepner-Tregoe-Foundations-Badge.webp\",\"contentUrl\":\"https:\\\/\\\/staging.kepner-tregoe.com\\\/wp-content\\\/uploads\\\/2025\\\/05\\\/Kepner-Tregoe-Foundations-Badge.webp\"},{\"@type\":\"BreadcrumbList\",\"@id\":\"https:\\\/\\\/staging.kepner-tregoe.com\\\/fr\\\/kt-badge-program\\\/#breadcrumb\",\"itemListElement\":[{\"@type\":\"ListItem\",\"position\":1,\"name\":\"Home\",\"item\":\"https:\\\/\\\/staging.kepner-tregoe.com\\\/fr\\\/home\\\/\"},{\"@type\":\"ListItem\",\"position\":2,\"name\":\"Programme de badges KT\"}]},{\"@type\":\"WebSite\",\"@id\":\"https:\\\/\\\/staging.kepner-tregoe.com\\\/fr\\\/#website\",\"url\":\"https:\\\/\\\/staging.kepner-tregoe.com\\\/fr\\\/\",\"name\":\"Kepner-Tregoe\",\"description\":\"Leaders in problem solving\",\"publisher\":{\"@id\":\"https:\\\/\\\/staging.kepner-tregoe.com\\\/fr\\\/#organization\"},\"potentialAction\":[{\"@type\":\"SearchAction\",\"target\":{\"@type\":\"EntryPoint\",\"urlTemplate\":\"https:\\\/\\\/staging.kepner-tregoe.com\\\/fr\\\/?s={search_term_string}\"},\"query-input\":{\"@type\":\"PropertyValueSpecification\",\"valueRequired\":true,\"valueName\":\"search_term_string\"}}],\"inLanguage\":\"fr-FR\"},{\"@type\":\"Organization\",\"@id\":\"https:\\\/\\\/staging.kepner-tregoe.com\\\/fr\\\/#organization\",\"name\":\"Kepner-Tregoe\",\"url\":\"https:\\\/\\\/staging.kepner-tregoe.com\\\/fr\\\/\",\"logo\":{\"@type\":\"ImageObject\",\"inLanguage\":\"fr-FR\",\"@id\":\"https:\\\/\\\/staging.kepner-tregoe.com\\\/fr\\\/#\\\/schema\\\/logo\\\/image\\\/\",\"url\":\"https:\\\/\\\/staging.kepner-tregoe.com\\\/wp-content\\\/uploads\\\/2025\\\/06\\\/kepner-tregoe-logo.png\",\"contentUrl\":\"https:\\\/\\\/staging.kepner-tregoe.com\\\/wp-content\\\/uploads\\\/2025\\\/06\\\/kepner-tregoe-logo.png\",\"width\":264,\"height\":38,\"caption\":\"Kepner-Tregoe\"},\"image\":{\"@id\":\"https:\\\/\\\/staging.kepner-tregoe.com\\\/fr\\\/#\\\/schema\\\/logo\\\/image\\\/\"},\"sameAs\":[\"https:\\\/\\\/www.linkedin.com\\\/company\\\/14495\"]}]}<\/script>\n<!-- \/ Yoast SEO Premium plugin. -->","yoast_head_json":{"title":"Programme de badges KT - Kepner-Tregoe","description":"Programme de badges KT Affichez fi\u00e8rement vos qualifications et r\u00e9alisations professionnelles Nous rendons visibles vos formations et certifications","robots":{"index":"noindex","follow":"follow","max-snippet":"max-snippet:-1","max-image-preview":"max-image-preview:large","max-video-preview":"max-video-preview:-1"},"og_locale":"fr_FR","og_type":"article","og_title":"Programme de badges KT","og_description":"Programme de badges KT Affichez fi\u00e8rement vos qualifications et r\u00e9alisations professionnelles Nous rendons visibles vos formations et certifications","og_url":"https:\/\/staging.kepner-tregoe.com\/fr\/kt-badge-program\/","og_site_name":"Kepner-Tregoe","article_modified_time":"2025-08-06T15:41:41+00:00","og_image":[{"width":1024,"height":1024,"url":"https:\/\/staging.kepner-tregoe.com\/wp-content\/uploads\/2025\/05\/Kepner-Tregoe-Foundations-Badge.webp","type":"image\/webp"}],"twitter_card":"summary_large_image","twitter_misc":{"Dur\u00e9e de lecture estim\u00e9e":"2 minutes"},"schema":{"@context":"https:\/\/schema.org","@graph":[{"@type":"WebPage","@id":"https:\/\/staging.kepner-tregoe.com\/fr\/kt-badge-program\/","url":"https:\/\/staging.kepner-tregoe.com\/fr\/kt-badge-program\/","name":"Programme de badges KT - Kepner-Tregoe","isPartOf":{"@id":"https:\/\/staging.kepner-tregoe.com\/fr\/#website"},"primaryImageOfPage":{"@id":"https:\/\/staging.kepner-tregoe.com\/fr\/kt-badge-program\/#primaryimage"},"image":{"@id":"https:\/\/staging.kepner-tregoe.com\/fr\/kt-badge-program\/#primaryimage"},"thumbnailUrl":"https:\/\/staging.kepner-tregoe.com\/wp-content\/uploads\/2025\/05\/Kepner-Tregoe-Foundations-Badge.webp","datePublished":"2025-07-07T21:39:12+00:00","dateModified":"2025-08-06T15:41:41+00:00","description":"Programme de badges KT Affichez fi\u00e8rement vos qualifications et r\u00e9alisations professionnelles Nous rendons visibles vos formations et certifications","breadcrumb":{"@id":"https:\/\/staging.kepner-tregoe.com\/fr\/kt-badge-program\/#breadcrumb"},"inLanguage":"fr-FR","potentialAction":[{"@type":"ReadAction","target":["https:\/\/staging.kepner-tregoe.com\/fr\/kt-badge-program\/"]}]},{"@type":"ImageObject","inLanguage":"fr-FR","@id":"https:\/\/staging.kepner-tregoe.com\/fr\/kt-badge-program\/#primaryimage","url":"https:\/\/staging.kepner-tregoe.com\/wp-content\/uploads\/2025\/05\/Kepner-Tregoe-Foundations-Badge.webp","contentUrl":"https:\/\/staging.kepner-tregoe.com\/wp-content\/uploads\/2025\/05\/Kepner-Tregoe-Foundations-Badge.webp"},{"@type":"BreadcrumbList","@id":"https:\/\/staging.kepner-tregoe.com\/fr\/kt-badge-program\/#breadcrumb","itemListElement":[{"@type":"ListItem","position":1,"name":"Home","item":"https:\/\/staging.kepner-tregoe.com\/fr\/home\/"},{"@type":"ListItem","position":2,"name":"Programme de badges KT"}]},{"@type":"WebSite","@id":"https:\/\/staging.kepner-tregoe.com\/fr\/#website","url":"https:\/\/staging.kepner-tregoe.com\/fr\/","name":"Kepner-Tregoe","description":"Leaders in problem solving","publisher":{"@id":"https:\/\/staging.kepner-tregoe.com\/fr\/#organization"},"potentialAction":[{"@type":"SearchAction","target":{"@type":"EntryPoint","urlTemplate":"https:\/\/staging.kepner-tregoe.com\/fr\/?s={search_term_string}"},"query-input":{"@type":"PropertyValueSpecification","valueRequired":true,"valueName":"search_term_string"}}],"inLanguage":"fr-FR"},{"@type":"Organization","@id":"https:\/\/staging.kepner-tregoe.com\/fr\/#organization","name":"Kepner-Tregoe","url":"https:\/\/staging.kepner-tregoe.com\/fr\/","logo":{"@type":"ImageObject","inLanguage":"fr-FR","@id":"https:\/\/staging.kepner-tregoe.com\/fr\/#\/schema\/logo\/image\/","url":"https:\/\/staging.kepner-tregoe.com\/wp-content\/uploads\/2025\/06\/kepner-tregoe-logo.png","contentUrl":"https:\/\/staging.kepner-tregoe.com\/wp-content\/uploads\/2025\/06\/kepner-tregoe-logo.png","width":264,"height":38,"caption":"Kepner-Tregoe"},"image":{"@id":"https:\/\/staging.kepner-tregoe.com\/fr\/#\/schema\/logo\/image\/"},"sameAs":["https:\/\/www.linkedin.com\/company\/14495"]}]}},"_links":{"self":[{"href":"https:\/\/staging.kepner-tregoe.com\/fr\/wp-json\/wp\/v2\/pages\/45742","targetHints":{"allow":["GET"]}}],"collection":[{"href":"https:\/\/staging.kepner-tregoe.com\/fr\/wp-json\/wp\/v2\/pages"}],"about":[{"href":"https:\/\/staging.kepner-tregoe.com\/fr\/wp-json\/wp\/v2\/types\/page"}],"author":[{"embeddable":true,"href":"https:\/\/staging.kepner-tregoe.com\/fr\/wp-json\/wp\/v2\/users\/17"}],"replies":[{"embeddable":true,"href":"https:\/\/staging.kepner-tregoe.com\/fr\/wp-json\/wp\/v2\/comments?post=45742"}],"version-history":[{"count":2,"href":"https:\/\/staging.kepner-tregoe.com\/fr\/wp-json\/wp\/v2\/pages\/45742\/revisions"}],"predecessor-version":[{"id":48907,"href":"https:\/\/staging.kepner-tregoe.com\/fr\/wp-json\/wp\/v2\/pages\/45742\/revisions\/48907"}],"wp:attachment":[{"href":"https:\/\/staging.kepner-tregoe.com\/fr\/wp-json\/wp\/v2\/media?parent=45742"}],"curies":[{"name":"wp","href":"https:\/\/api.w.org\/{rel}","templated":true}]}}