{"id":45686,"date":"2025-06-24T10:49:48","date_gmt":"2025-06-24T10:49:48","guid":{"rendered":"https:\/\/staging.kepner-tregoe.com\/conseil\/manufacturing-operations\/"},"modified":"2025-08-01T12:03:49","modified_gmt":"2025-08-01T12:03:49","slug":"manufacturing-operations","status":"publish","type":"page","link":"https:\/\/staging.kepner-tregoe.com\/fr\/consulting\/manufacturing-operations\/","title":{"rendered":"Formation Op\u00e9rations"},"content":{"rendered":"\n<div class=\"wp-block-wsfirst-responsive-spacer responsive-spacer\" aria-hidden=\"true\"><div class=\"responsive-spacer-fullsize\" style=\"height:3.375rem\"><\/div><div class=\"responsive-spacer-tablet\" style=\"height:2.5625rem\"><\/div><div class=\"responsive-spacer-mobile\" style=\"height:1.6875rem\"><\/div><\/div>\n<h1 class=\"has-text-align-center wp-block-post-title\">Formation Op\u00e9rations<\/h1>\n<div class=\"wp-block-wsfirst-responsive-spacer responsive-spacer\" aria-hidden=\"true\"><div class=\"responsive-spacer-fullsize\" style=\"height:3.375rem\"><\/div><div class=\"responsive-spacer-tablet\" style=\"height:2.5625rem\"><\/div><div class=\"responsive-spacer-mobile\" style=\"height:1.6875rem\"><\/div><\/div>\n\n<div class=\"wp-block-columns alignwide are-vertically-aligned-top is-style-image-with-content is-layout-flex wp-container-core-columns-is-layout-28f84493 wp-block-columns-is-layout-flex\" data-aos=\"fade-left\">\n<div class=\"wp-block-column is-vertically-aligned-top is-layout-flow wp-container-core-column-is-layout-d217282a wp-block-column-is-layout-flow\" style=\"padding-top:0;padding-bottom:0\">\n<h2 class=\"wp-block-heading\" id=\"h-upskilling-teams-in-critical-problem-solving\">D\u00e9velopper les comp\u00e9tences des \u00e9quipes en pens\u00e9e critique et en r\u00e9solution de probl\u00e8mes<\/h2>\n\n\n\n<p>Lorsque les r\u00e9sultats ne sont pas \u00e0 la hauteur des attentes, que les co\u00fbts augmentent ou que la qualit\u00e9 se d\u00e9grade, c\u2019est souvent le signe que la complexit\u00e9 a d\u00e9pass\u00e9 le contr\u00f4le. Chez Kepner-Tregoe, nous aidons les responsables industriels \u00e0 clarifier o\u00f9 et pourquoi les op\u00e9rations sous-performent, puis \u00e0 mettre en \u0153uvre des am\u00e9liorations structur\u00e9es et \u00e9prouv\u00e9es pour r\u00e9tablir la stabilit\u00e9, accro\u00eetre le rendement et am\u00e9liorer la qualit\u00e9. Qu\u2019il s\u2019agisse de r\u00e9soudre des probl\u00e8mes de production chroniques, d\u2019ancrer une d\u00e9marche d\u2019am\u00e9lioration continue ou de renforcer les comp\u00e9tences des \u00e9quipes en r\u00e9solution de probl\u00e8mes critiques, nous collaborons avec les fabricants pour g\u00e9n\u00e9rer des gains mesurables dans l\u2019ensemble de leurs op\u00e9rations.  <\/p>\n<\/div>\n\n\n\n<div class=\"wp-block-column is-vertically-aligned-top is-layout-flow wp-block-column-is-layout-flow\">\n<figure class=\"wp-block-image size-full\"><img loading=\"lazy\" decoding=\"async\" width=\"900\" height=\"600\" src=\"https:\/\/staging.kepner-tregoe.com\/wp-content\/uploads\/2025\/08\/manufacturing-plant.jpg\" alt=\"\" class=\"wp-image-48100\" srcset=\"https:\/\/staging.kepner-tregoe.com\/wp-content\/uploads\/2025\/08\/manufacturing-plant.jpg 900w, https:\/\/staging.kepner-tregoe.com\/wp-content\/uploads\/2025\/08\/manufacturing-plant-300x200.jpg 300w, https:\/\/staging.kepner-tregoe.com\/wp-content\/uploads\/2025\/08\/manufacturing-plant-768x512.jpg 768w, https:\/\/staging.kepner-tregoe.com\/wp-content\/uploads\/2025\/08\/manufacturing-plant-600x400.jpg 600w\" sizes=\"auto, (max-width: 900px) 100vw, 900px\" \/><\/figure>\n<\/div>\n<\/div>\n\n<div class=\"wp-block-wsfirst-responsive-spacer responsive-spacer\" aria-hidden=\"true\"><div class=\"responsive-spacer-fullsize\" style=\"height:7.5rem\"><\/div><div class=\"responsive-spacer-tablet\" style=\"height:5rem\"><\/div><div class=\"responsive-spacer-mobile\" style=\"height:2.5rem\"><\/div><\/div>\n\n<div class=\"wp-block-group alignfull is-layout-constrained wp-block-group-is-layout-constrained\" data-aos=\"fade-left\">\n<h2 class=\"wp-block-heading alignwide is-style-underlined\">Solutions KT<\/h2>\n\n\n<div id=\"links-list\" class=\"block links-list alignfull alignfull wp-block-acf-links-list\">\n<ul class=\"links-list\">\n                        \n                            <li class=\"links-list-item\" data-aos=\"fade-up\">\n                    <a\n                        class=\"link style:h2\"\n                        href=\"https:\/\/staging.kepner-tregoe.com\/consulting\/corrective-and-preventive-actions\/\"\n                        target=\"\"\n                    >\n                        <div class=\"link-inner container\">\n                            <span class=\"label\">\n                                Programmes d&#039;actions correctives                            <\/span>\n                        <\/div>\n                    <\/a>\n                <\/li>\n                                \n                            <li class=\"links-list-item\" data-aos=\"fade-up\">\n                    <a\n                        class=\"link style:h2\"\n                        href=\"https:\/\/staging.kepner-tregoe.com\/consulting\/targeted-performance-improvement\/\"\n                        target=\"\"\n                    >\n                        <div class=\"link-inner container\">\n                            <span class=\"label\">\n                                Am\u00e9lioration cibl\u00e9e des performances                            <\/span>\n                        <\/div>\n                    <\/a>\n                <\/li>\n                                \n                            <li class=\"links-list-item\" data-aos=\"fade-up\">\n                    <a\n                        class=\"link style:h2\"\n                        href=\"https:\/\/staging.kepner-tregoe.com\/consulting\/quality-improvement\/\"\n                        target=\"\"\n                    >\n                        <div class=\"link-inner container\">\n                            <span class=\"label\">\n                                Am\u00e9lioration de la qualit\u00e9                            <\/span>\n                        <\/div>\n                    <\/a>\n                <\/li>\n                                \n                            <li class=\"links-list-item\" data-aos=\"fade-up\">\n                    <a\n                        class=\"link style:h2\"\n                        href=\"https:\/\/staging.kepner-tregoe.com\/consulting\/asset-performance-management\/\"\n                        target=\"\"\n                    >\n                        <div class=\"link-inner container\">\n                            <span class=\"label\">\n                                Asset Performance Management                            <\/span>\n                        <\/div>\n                    <\/a>\n                <\/li>\n                                \n                            <li class=\"links-list-item\" data-aos=\"fade-up\">\n                    <a\n                        class=\"link style:h2\"\n                        href=\"https:\/\/staging.kepner-tregoe.com\/consulting\/continuous-improvement\/\"\n                        target=\"\"\n                    >\n                        <div class=\"link-inner container\">\n                            <span class=\"label\">\n                                Am\u00e9lioration continue                            <\/span>\n                        <\/div>\n                    <\/a>\n                <\/li>\n                                \n                            <li class=\"links-list-item\" data-aos=\"fade-up\">\n                    <a\n                        class=\"link style:h2\"\n                        href=\"https:\/\/staging.kepner-tregoe.com\/consulting\/process-mining\/\"\n                        target=\"\"\n                    >\n                        <div class=\"link-inner container\">\n                            <span class=\"label\">\n                                Process Mining                            <\/span>\n                        <\/div>\n                    <\/a>\n                <\/li>\n                        <\/ul>\n<\/div><\/div>\n\n<div class=\"wp-block-wsfirst-responsive-spacer responsive-spacer\" aria-hidden=\"true\"><div class=\"responsive-spacer-fullsize\" style=\"height:5rem\"><\/div><div class=\"responsive-spacer-tablet\" style=\"height:3.75rem\"><\/div><div class=\"responsive-spacer-mobile\" style=\"height:2.5rem\"><\/div><\/div>\n<div id=\"swiper-slider\" class=\"block swiper-slider alignwide alignwide wp-block-acf-swiper-slider\">\n<div class=\"swiper\">\n    <script type=\"text\/config\" class=\"swiper-slider-config\">\n        {\"wrapperSelector\":\".testimonials\",\"slideSelector\":\".testimonial\",\"slidesPerView\":\"1\",\"autoplay\":true,\"autoplayDelay\":\"5000\",\"spaceBetween\":\"0\",\"config\":{\"slidesPerView\":\"1\",\"autoplay\":true,\"autoplayDelay\":\"5000\",\"spaceBetween\":\"0\"},\"breakpoints\":[{\"breakpoint\":\"576\",\"slidesPerView\":\"2\",\"autoplay\":true,\"autoplayDelay\":\"5000\",\"spaceBetween\":\"20\"},{\"breakpoint\":\"960\",\"slidesPerView\":\"3\",\"autoplay\":true,\"autoplayDelay\":\"5000\",\"spaceBetween\":\"40\"}]}    <\/script>\n    \n\n<div class=\"wp-block-group is-content-justification-space-between is-nowrap is-layout-flex wp-container-core-group-is-layout-c2157663 wp-block-group-is-layout-flex\" style=\"border-bottom-color:var(--wp--preset--color--gray-800);border-bottom-width:1px;padding-bottom:0.62rem\">\n<h2 class=\"wp-block-heading is-style-default\" id=\"h-testimonials\">Testimonials<\/h2>\n\n\n<div id=\"swiper-nav-buttons\" class=\"block swiper-nav-buttons align wp-block-acf-swiper-nav-buttons\">\n<nav class=\"swiper-arrows\">\n    <button class=\"swiper-arrow-prev\" aria-label=\"Previous Case Study\"><\/button>\n    <button class=\"swiper-arrow-next\" aria-label=\"Next Case Study\"><\/button>\n<\/nav>\n<\/div><\/div>\n\n\n<div id=\"testimonials\" class=\"block testimonials alignnone alignnone wp-block-acf-testimonials\">            \n        <div class=\"testimonial\">\n            <p class=\"content\">\n                \u201cFor me, personally\u2026Kepner-Tregoe results can be measured in the hundreds of millions of dollars.\u201d<br \/>\n                <span role=\"presentation\" class=\"color:blue-800\">&#8211;<\/span><br \/>\n                <strong>Robert A. Lutz, Formerly Chairman of GM North America and Ford of Europe<\/strong>\n            <\/p>\n        <\/div>\n            \n        <div class=\"testimonial\">\n            <p class=\"content\">\n                \u201cThe process enables people to find solutions and encourages them to seek continuous improvement. The more we use it, the more success we have with it, and the more value we create.\u201d<br \/>\n                <span role=\"presentation\" class=\"color:blue-800\">&#8211;<\/span><br \/>\n                <strong>Jeffrey W. Green, Senior Production Specialist,  Sonoco<\/strong>\n            <\/p>\n        <\/div>\n            \n        <div class=\"testimonial\">\n            <p class=\"content\">\n                \u201cOur quality control standards are extremely high. Having a well-structured and disciplined approach to problem solving makes a huge difference in the speed at which we can find root cause.\u201d<br \/>\n                <span role=\"presentation\" class=\"color:blue-800\">&#8211;<\/span><br \/>\n                <strong>Product Manager, Ventilator Manufacturing Company<\/strong>\n            <\/p>\n        <\/div>\n            \n        <div class=\"testimonial\">\n            <p class=\"content\">\n                \u201cKT\u2019s Processes have encouraged active engagement rather than passive acceptance when coming to problem solving. Problem Analysis has saved our team time by systematically organizing the analysis process. \u201d<br \/>\n                <span role=\"presentation\" class=\"color:blue-800\">&#8211;<\/span><br \/>\n                <strong>Quality Manager &amp; KT Coach \u2013 Augmented Identity Solutions<\/strong>\n            <\/p>\n        <\/div>\n            \n        <div class=\"testimonial\">\n            <p class=\"content\">\n                \u201cOur company has fostered a global culture of critical thinking, making structured decision-making and problem-solving a core part of daily operations. Through the enterprise-wide adoption of Kepner-Tregoe (KT) methodologies, our company has transformed troubleshooting, escalations, and risk management, ensuring data-driven, analytical approaches guide service and operational decisions.\u201d<br \/>\n                <span role=\"presentation\" class=\"color:blue-800\">&#8211;<\/span><br \/>\n                <strong>National Support Specialist \u2013 A Global Healthcare Company<\/strong>\n            <\/p>\n        <\/div>\n            \n        <div class=\"testimonial\">\n            <p class=\"content\">\n                \u201cOur company integrated KT Problem Analysis methodology directly into our Major Incident response workflow, creating a more systematic approach to incident classification, root cause determination, and resolution. This process enabled our teams to quickly distinguish between relevant and irrelevant information during high-pressure situations, leading to more rapid and accurate incident classification.\u201d<br \/>\n                <span role=\"presentation\" class=\"color:blue-800\">&#8211;<\/span><br \/>\n                <strong>Senior Manager Incident Response &#8211; Fintech<\/strong>\n            <\/p>\n        <\/div>\n    <\/div>\n\n<\/div>\n<\/div>\n<div class=\"wp-block-wsfirst-responsive-spacer responsive-spacer\" aria-hidden=\"true\"><div class=\"responsive-spacer-fullsize\" style=\"height:4.5rem\"><\/div><div class=\"responsive-spacer-tablet\" style=\"height:3.375rem\"><\/div><div class=\"responsive-spacer-mobile\" style=\"height:2.25rem\"><\/div><\/div>\n","protected":false},"excerpt":{"rendered":"<p>D\u00e9velopper les comp\u00e9tences des \u00e9quipes en pens\u00e9e critique et en r\u00e9solution de probl\u00e8mes Lorsque les r\u00e9sultats ne sont pas \u00e0 la hauteur des attentes, que les co\u00fbts augmentent ou que la qualit\u00e9 se d\u00e9grade, c\u2019est souvent le signe que la complexit\u00e9 a d\u00e9pass\u00e9 le contr\u00f4le. Chez Kepner-Tregoe, nous aidons les responsables industriels \u00e0 clarifier o\u00f9 [&hellip;]<\/p>\n","protected":false},"author":17,"featured_media":0,"parent":45676,"menu_order":0,"comment_status":"closed","ping_status":"closed","template":"","meta":{"_acf_changed":false,"footnotes":""},"class_list":["post-45686","page","type-page","status-publish","hentry"],"acf":[],"yoast_head":"<!-- This site is optimized with the Yoast SEO Premium plugin v25.6 (Yoast SEO v27.4) - https:\/\/yoast.com\/product\/yoast-seo-premium-wordpress\/ -->\n<title>Formation Op\u00e9rations - Kepner-Tregoe<\/title>\n<meta name=\"description\" content=\"Nous aidons les responsables industriels \u00e0 clarifier o\u00f9 et pourquoi les op\u00e9rations sous-performent, puis \u00e0 mettre en \u0153uvre des am\u00e9liorations structur\u00e9es et \u00e9prouv\u00e9es.\" \/>\n<meta name=\"robots\" content=\"noindex, follow, max-snippet:-1, max-image-preview:large, max-video-preview:-1\" \/>\n<meta property=\"og:locale\" content=\"fr_FR\" \/>\n<meta property=\"og:type\" content=\"article\" \/>\n<meta property=\"og:title\" content=\"Formation Op\u00e9rations\" \/>\n<meta property=\"og:description\" content=\"Nous aidons les responsables industriels \u00e0 clarifier o\u00f9 et pourquoi les op\u00e9rations sous-performent, puis \u00e0 mettre en \u0153uvre des am\u00e9liorations structur\u00e9es et \u00e9prouv\u00e9es.\" \/>\n<meta property=\"og:url\" content=\"https:\/\/staging.kepner-tregoe.com\/fr\/consulting\/manufacturing-operations\/\" \/>\n<meta property=\"og:site_name\" content=\"Kepner-Tregoe\" \/>\n<meta property=\"article:modified_time\" content=\"2025-08-01T12:03:49+00:00\" \/>\n<meta property=\"og:image\" content=\"https:\/\/staging.kepner-tregoe.com\/wp-content\/uploads\/2025\/08\/manufacturing-plant.jpg\" \/>\n\t<meta property=\"og:image:width\" content=\"900\" \/>\n\t<meta property=\"og:image:height\" content=\"600\" \/>\n\t<meta property=\"og:image:type\" content=\"image\/jpeg\" \/>\n<meta name=\"twitter:card\" content=\"summary_large_image\" \/>\n<meta name=\"twitter:label1\" content=\"Dur\u00e9e de lecture estim\u00e9e\" \/>\n\t<meta name=\"twitter:data1\" content=\"1 minute\" \/>\n<script type=\"application\/ld+json\" class=\"yoast-schema-graph\">{\"@context\":\"https:\\\/\\\/schema.org\",\"@graph\":[{\"@type\":\"WebPage\",\"@id\":\"https:\\\/\\\/staging.kepner-tregoe.com\\\/fr\\\/consulting\\\/manufacturing-operations\\\/\",\"url\":\"https:\\\/\\\/staging.kepner-tregoe.com\\\/fr\\\/consulting\\\/manufacturing-operations\\\/\",\"name\":\"Formation Op\u00e9rations - Kepner-Tregoe\",\"isPartOf\":{\"@id\":\"https:\\\/\\\/staging.kepner-tregoe.com\\\/fr\\\/#website\"},\"primaryImageOfPage\":{\"@id\":\"https:\\\/\\\/staging.kepner-tregoe.com\\\/fr\\\/consulting\\\/manufacturing-operations\\\/#primaryimage\"},\"image\":{\"@id\":\"https:\\\/\\\/staging.kepner-tregoe.com\\\/fr\\\/consulting\\\/manufacturing-operations\\\/#primaryimage\"},\"thumbnailUrl\":\"https:\\\/\\\/staging.kepner-tregoe.com\\\/wp-content\\\/uploads\\\/2025\\\/08\\\/manufacturing-plant.jpg\",\"datePublished\":\"2025-06-24T10:49:48+00:00\",\"dateModified\":\"2025-08-01T12:03:49+00:00\",\"description\":\"Nous aidons les responsables industriels \u00e0 clarifier o\u00f9 et pourquoi les op\u00e9rations sous-performent, puis \u00e0 mettre en \u0153uvre des am\u00e9liorations structur\u00e9es et \u00e9prouv\u00e9es.\",\"breadcrumb\":{\"@id\":\"https:\\\/\\\/staging.kepner-tregoe.com\\\/fr\\\/consulting\\\/manufacturing-operations\\\/#breadcrumb\"},\"inLanguage\":\"fr-FR\",\"potentialAction\":[{\"@type\":\"ReadAction\",\"target\":[\"https:\\\/\\\/staging.kepner-tregoe.com\\\/fr\\\/consulting\\\/manufacturing-operations\\\/\"]}]},{\"@type\":\"ImageObject\",\"inLanguage\":\"fr-FR\",\"@id\":\"https:\\\/\\\/staging.kepner-tregoe.com\\\/fr\\\/consulting\\\/manufacturing-operations\\\/#primaryimage\",\"url\":\"https:\\\/\\\/staging.kepner-tregoe.com\\\/wp-content\\\/uploads\\\/2025\\\/08\\\/manufacturing-plant.jpg\",\"contentUrl\":\"https:\\\/\\\/staging.kepner-tregoe.com\\\/wp-content\\\/uploads\\\/2025\\\/08\\\/manufacturing-plant.jpg\"},{\"@type\":\"BreadcrumbList\",\"@id\":\"https:\\\/\\\/staging.kepner-tregoe.com\\\/fr\\\/consulting\\\/manufacturing-operations\\\/#breadcrumb\",\"itemListElement\":[{\"@type\":\"ListItem\",\"position\":1,\"name\":\"Home\",\"item\":\"https:\\\/\\\/staging.kepner-tregoe.com\\\/fr\\\/home\\\/\"},{\"@type\":\"ListItem\",\"position\":2,\"name\":\"Conseil\",\"item\":\"https:\\\/\\\/staging.kepner-tregoe.com\\\/fr\\\/consulting\\\/\"},{\"@type\":\"ListItem\",\"position\":3,\"name\":\"Formation Op\u00e9rations\"}]},{\"@type\":\"WebSite\",\"@id\":\"https:\\\/\\\/staging.kepner-tregoe.com\\\/fr\\\/#website\",\"url\":\"https:\\\/\\\/staging.kepner-tregoe.com\\\/fr\\\/\",\"name\":\"Kepner-Tregoe\",\"description\":\"Leaders in problem solving\",\"publisher\":{\"@id\":\"https:\\\/\\\/staging.kepner-tregoe.com\\\/fr\\\/#organization\"},\"potentialAction\":[{\"@type\":\"SearchAction\",\"target\":{\"@type\":\"EntryPoint\",\"urlTemplate\":\"https:\\\/\\\/staging.kepner-tregoe.com\\\/fr\\\/?s={search_term_string}\"},\"query-input\":{\"@type\":\"PropertyValueSpecification\",\"valueRequired\":true,\"valueName\":\"search_term_string\"}}],\"inLanguage\":\"fr-FR\"},{\"@type\":\"Organization\",\"@id\":\"https:\\\/\\\/staging.kepner-tregoe.com\\\/fr\\\/#organization\",\"name\":\"Kepner-Tregoe\",\"url\":\"https:\\\/\\\/staging.kepner-tregoe.com\\\/fr\\\/\",\"logo\":{\"@type\":\"ImageObject\",\"inLanguage\":\"fr-FR\",\"@id\":\"https:\\\/\\\/staging.kepner-tregoe.com\\\/fr\\\/#\\\/schema\\\/logo\\\/image\\\/\",\"url\":\"https:\\\/\\\/staging.kepner-tregoe.com\\\/wp-content\\\/uploads\\\/2025\\\/06\\\/kepner-tregoe-logo.png\",\"contentUrl\":\"https:\\\/\\\/staging.kepner-tregoe.com\\\/wp-content\\\/uploads\\\/2025\\\/06\\\/kepner-tregoe-logo.png\",\"width\":264,\"height\":38,\"caption\":\"Kepner-Tregoe\"},\"image\":{\"@id\":\"https:\\\/\\\/staging.kepner-tregoe.com\\\/fr\\\/#\\\/schema\\\/logo\\\/image\\\/\"},\"sameAs\":[\"https:\\\/\\\/www.linkedin.com\\\/company\\\/14495\"]}]}<\/script>\n<!-- \/ Yoast SEO Premium plugin. -->","yoast_head_json":{"title":"Formation Op\u00e9rations - Kepner-Tregoe","description":"Nous aidons les responsables industriels \u00e0 clarifier o\u00f9 et pourquoi les op\u00e9rations sous-performent, puis \u00e0 mettre en \u0153uvre des am\u00e9liorations structur\u00e9es et \u00e9prouv\u00e9es.","robots":{"index":"noindex","follow":"follow","max-snippet":"max-snippet:-1","max-image-preview":"max-image-preview:large","max-video-preview":"max-video-preview:-1"},"og_locale":"fr_FR","og_type":"article","og_title":"Formation Op\u00e9rations","og_description":"Nous aidons les responsables industriels \u00e0 clarifier o\u00f9 et pourquoi les op\u00e9rations sous-performent, puis \u00e0 mettre en \u0153uvre des am\u00e9liorations structur\u00e9es et \u00e9prouv\u00e9es.","og_url":"https:\/\/staging.kepner-tregoe.com\/fr\/consulting\/manufacturing-operations\/","og_site_name":"Kepner-Tregoe","article_modified_time":"2025-08-01T12:03:49+00:00","og_image":[{"width":900,"height":600,"url":"https:\/\/staging.kepner-tregoe.com\/wp-content\/uploads\/2025\/08\/manufacturing-plant.jpg","type":"image\/jpeg"}],"twitter_card":"summary_large_image","twitter_misc":{"Dur\u00e9e de lecture estim\u00e9e":"1 minute"},"schema":{"@context":"https:\/\/schema.org","@graph":[{"@type":"WebPage","@id":"https:\/\/staging.kepner-tregoe.com\/fr\/consulting\/manufacturing-operations\/","url":"https:\/\/staging.kepner-tregoe.com\/fr\/consulting\/manufacturing-operations\/","name":"Formation Op\u00e9rations - Kepner-Tregoe","isPartOf":{"@id":"https:\/\/staging.kepner-tregoe.com\/fr\/#website"},"primaryImageOfPage":{"@id":"https:\/\/staging.kepner-tregoe.com\/fr\/consulting\/manufacturing-operations\/#primaryimage"},"image":{"@id":"https:\/\/staging.kepner-tregoe.com\/fr\/consulting\/manufacturing-operations\/#primaryimage"},"thumbnailUrl":"https:\/\/staging.kepner-tregoe.com\/wp-content\/uploads\/2025\/08\/manufacturing-plant.jpg","datePublished":"2025-06-24T10:49:48+00:00","dateModified":"2025-08-01T12:03:49+00:00","description":"Nous aidons les responsables industriels \u00e0 clarifier o\u00f9 et pourquoi les op\u00e9rations sous-performent, puis \u00e0 mettre en \u0153uvre des am\u00e9liorations structur\u00e9es et \u00e9prouv\u00e9es.","breadcrumb":{"@id":"https:\/\/staging.kepner-tregoe.com\/fr\/consulting\/manufacturing-operations\/#breadcrumb"},"inLanguage":"fr-FR","potentialAction":[{"@type":"ReadAction","target":["https:\/\/staging.kepner-tregoe.com\/fr\/consulting\/manufacturing-operations\/"]}]},{"@type":"ImageObject","inLanguage":"fr-FR","@id":"https:\/\/staging.kepner-tregoe.com\/fr\/consulting\/manufacturing-operations\/#primaryimage","url":"https:\/\/staging.kepner-tregoe.com\/wp-content\/uploads\/2025\/08\/manufacturing-plant.jpg","contentUrl":"https:\/\/staging.kepner-tregoe.com\/wp-content\/uploads\/2025\/08\/manufacturing-plant.jpg"},{"@type":"BreadcrumbList","@id":"https:\/\/staging.kepner-tregoe.com\/fr\/consulting\/manufacturing-operations\/#breadcrumb","itemListElement":[{"@type":"ListItem","position":1,"name":"Home","item":"https:\/\/staging.kepner-tregoe.com\/fr\/home\/"},{"@type":"ListItem","position":2,"name":"Conseil","item":"https:\/\/staging.kepner-tregoe.com\/fr\/consulting\/"},{"@type":"ListItem","position":3,"name":"Formation Op\u00e9rations"}]},{"@type":"WebSite","@id":"https:\/\/staging.kepner-tregoe.com\/fr\/#website","url":"https:\/\/staging.kepner-tregoe.com\/fr\/","name":"Kepner-Tregoe","description":"Leaders in problem solving","publisher":{"@id":"https:\/\/staging.kepner-tregoe.com\/fr\/#organization"},"potentialAction":[{"@type":"SearchAction","target":{"@type":"EntryPoint","urlTemplate":"https:\/\/staging.kepner-tregoe.com\/fr\/?s={search_term_string}"},"query-input":{"@type":"PropertyValueSpecification","valueRequired":true,"valueName":"search_term_string"}}],"inLanguage":"fr-FR"},{"@type":"Organization","@id":"https:\/\/staging.kepner-tregoe.com\/fr\/#organization","name":"Kepner-Tregoe","url":"https:\/\/staging.kepner-tregoe.com\/fr\/","logo":{"@type":"ImageObject","inLanguage":"fr-FR","@id":"https:\/\/staging.kepner-tregoe.com\/fr\/#\/schema\/logo\/image\/","url":"https:\/\/staging.kepner-tregoe.com\/wp-content\/uploads\/2025\/06\/kepner-tregoe-logo.png","contentUrl":"https:\/\/staging.kepner-tregoe.com\/wp-content\/uploads\/2025\/06\/kepner-tregoe-logo.png","width":264,"height":38,"caption":"Kepner-Tregoe"},"image":{"@id":"https:\/\/staging.kepner-tregoe.com\/fr\/#\/schema\/logo\/image\/"},"sameAs":["https:\/\/www.linkedin.com\/company\/14495"]}]}},"_links":{"self":[{"href":"https:\/\/staging.kepner-tregoe.com\/fr\/wp-json\/wp\/v2\/pages\/45686","targetHints":{"allow":["GET"]}}],"collection":[{"href":"https:\/\/staging.kepner-tregoe.com\/fr\/wp-json\/wp\/v2\/pages"}],"about":[{"href":"https:\/\/staging.kepner-tregoe.com\/fr\/wp-json\/wp\/v2\/types\/page"}],"author":[{"embeddable":true,"href":"https:\/\/staging.kepner-tregoe.com\/fr\/wp-json\/wp\/v2\/users\/17"}],"replies":[{"embeddable":true,"href":"https:\/\/staging.kepner-tregoe.com\/fr\/wp-json\/wp\/v2\/comments?post=45686"}],"version-history":[{"count":6,"href":"https:\/\/staging.kepner-tregoe.com\/fr\/wp-json\/wp\/v2\/pages\/45686\/revisions"}],"predecessor-version":[{"id":48118,"href":"https:\/\/staging.kepner-tregoe.com\/fr\/wp-json\/wp\/v2\/pages\/45686\/revisions\/48118"}],"up":[{"embeddable":true,"href":"https:\/\/staging.kepner-tregoe.com\/fr\/wp-json\/wp\/v2\/pages\/45676"}],"wp:attachment":[{"href":"https:\/\/staging.kepner-tregoe.com\/fr\/wp-json\/wp\/v2\/media?parent=45686"}],"curies":[{"name":"wp","href":"https:\/\/api.w.org\/{rel}","templated":true}]}}