{"id":45676,"date":"2025-06-11T11:21:22","date_gmt":"2025-06-11T11:21:22","guid":{"rendered":"https:\/\/staging.kepner-tregoe.com\/conseil\/"},"modified":"2025-08-01T11:00:56","modified_gmt":"2025-08-01T11:00:56","slug":"consulting","status":"publish","type":"page","link":"https:\/\/staging.kepner-tregoe.com\/fr\/consulting\/","title":{"rendered":"Conseil"},"content":{"rendered":"\n<div class=\"wp-block-wsfirst-responsive-spacer responsive-spacer\" aria-hidden=\"true\"><div class=\"responsive-spacer-fullsize\" style=\"height:4.25rem\"><\/div><div class=\"responsive-spacer-tablet\" style=\"height:3.1875rem\"><\/div><div class=\"responsive-spacer-mobile\" style=\"height:2.125rem\"><\/div><\/div>\n\n<div class=\"wp-block-group alignwide is-layout-constrained wp-container-core-group-is-layout-4383d167 wp-block-group-is-layout-constrained\" data-aos=\"fade-up\">\n<div class=\"wp-block-columns is-layout-flex wp-container-core-columns-is-layout-28f84493 wp-block-columns-is-layout-flex\">\n<div class=\"wp-block-column is-layout-flow wp-block-column-is-layout-flow\" style=\"flex-basis:33.33%\">\n<h2 class=\"wp-block-heading\">Construire une organisation d&rsquo;excellence gr\u00e2ce \u00e0 l&rsquo;am\u00e9lioration des syst\u00e8mes<\/h2>\n<\/div>\n\n\n\n<div class=\"wp-block-column is-layout-flow wp-block-column-is-layout-flow\" style=\"flex-basis:33.33%\">\n<p>Kepner-Tregoe est un leader mondial dans l\u2019accompagnement des entreprises pour am\u00e9liorer la performance de leurs syst\u00e8mes, gr\u00e2ce \u00e0 une combinaison de services de conseil et de programmes de formation.<\/p>\n<\/div>\n\n\n\n<div class=\"wp-block-column is-layout-flow wp-block-column-is-layout-flow\" style=\"flex-basis:33.33%\">\n<p>KT est particuli\u00e8rement qualifi\u00e9e pour \u00e9valuer l&rsquo;architecture et la conception de syst\u00e8mes d&rsquo;entreprise critiques par l&rsquo;int\u00e9gration de trois composantes fondamentales : les personnes, les processus et la technologie.<\/p>\n<\/div>\n<\/div>\n\n\n\n<div class=\"wp-block-columns is-style-right-23 is-layout-flex wp-container-core-columns-is-layout-28f84493 wp-block-columns-is-layout-flex\">\n<div class=\"wp-block-column is-layout-flow wp-block-column-is-layout-flow\" style=\"flex-basis:33.33%\"><\/div>\n\n\n\n<div class=\"wp-block-column is-layout-flow wp-block-column-is-layout-flow\" style=\"flex-basis:66.66%\">\n<figure class=\"wp-block-image size-large\"><img loading=\"lazy\" decoding=\"async\" width=\"1024\" height=\"568\" src=\"https:\/\/staging.kepner-tregoe.com\/wp-content\/uploads\/2025\/06\/Rectangle-1024x568.jpg\" alt=\"\" class=\"wp-image-153\" srcset=\"https:\/\/staging.kepner-tregoe.com\/wp-content\/uploads\/2025\/06\/Rectangle-1024x568.jpg 1024w, https:\/\/staging.kepner-tregoe.com\/wp-content\/uploads\/2025\/06\/Rectangle-300x166.jpg 300w, https:\/\/staging.kepner-tregoe.com\/wp-content\/uploads\/2025\/06\/Rectangle-768x426.jpg 768w, https:\/\/staging.kepner-tregoe.com\/wp-content\/uploads\/2025\/06\/Rectangle-1536x852.jpg 1536w, https:\/\/staging.kepner-tregoe.com\/wp-content\/uploads\/2025\/06\/Rectangle.jpg 1576w\" sizes=\"auto, (max-width: 1024px) 100vw, 1024px\" \/><\/figure>\n<\/div>\n<\/div>\n<\/div>\n\n<div class=\"wp-block-wsfirst-responsive-spacer responsive-spacer\" aria-hidden=\"true\"><div class=\"responsive-spacer-fullsize\" style=\"height:3.75rem\"><\/div><div class=\"responsive-spacer-tablet\" style=\"height:2.8125rem\"><\/div><div class=\"responsive-spacer-mobile\" style=\"height:1.875rem\"><\/div><\/div>\n\n<div class=\"wp-block-group alignwide is-layout-constrained wp-container-core-group-is-layout-4383d167 wp-block-group-is-layout-constrained\" data-aos=\"fade-right\">\n<h2 class=\"wp-block-heading is-style-underlined\">Nos solutions de conseil<\/h2>\n\n\n\n<div class=\"wp-block-columns is-layout-flex wp-container-core-columns-is-layout-28f84493 wp-block-columns-is-layout-flex\">\n<div class=\"wp-block-column is-layout-flow wp-block-column-is-layout-flow\"><\/div>\n\n\n\n<div class=\"wp-block-column is-layout-flow wp-block-column-is-layout-flow\">\n<h3 class=\"wp-block-heading\"><a href=\"https:\/\/staging.kepner-tregoe.com\/fr\/consulting\/manufacturing-operations\/\">Formation Op\u00e9rations<\/a><\/h3>\n\n\n\n<figure class=\"wp-block-image size-full is-resized\"><a href=\"https:\/\/staging.kepner-tregoe.com\/fr\/consulting\/manufacturing-operations\/\"><img decoding=\"async\" src=\"https:\/\/staging.kepner-tregoe.com\/wp-content\/uploads\/2025\/06\/arrow-right-large.svg\" alt=\"\" class=\"wp-image-121\" style=\"width:27px;height:auto\"\/><\/a><\/figure>\n<\/div>\n\n\n\n<div class=\"wp-block-column is-layout-flow wp-block-column-is-layout-flow\">\n<p>R\u00e9solution de probl\u00e8mes complexes<br\/>Analyse de causes racines (RCA)<br\/>R\u00e9duction des risques<br\/>Am\u00e9lioration de l&rsquo;efficacit\u00e9<br\/>Am\u00e9lioration continue<br\/>Pr\u00e9vention des probl\u00e8mes<\/p>\n<\/div>\n<\/div>\n\n\n\n<div class=\"wp-block-columns is-layout-flex wp-container-core-columns-is-layout-28f84493 wp-block-columns-is-layout-flex\">\n<div class=\"wp-block-column is-layout-flow wp-block-column-is-layout-flow\"><\/div>\n\n\n\n<div class=\"wp-block-column is-layout-flow wp-block-column-is-layout-flow\">\n<h3 class=\"wp-block-heading\"><a href=\"https:\/\/staging.kepner-tregoe.com\/fr\/consulting\/service-operations\/\">Services Informatiques<\/a><\/h3>\n\n\n\n<figure class=\"wp-block-image size-full is-resized\"><a href=\"https:\/\/staging.kepner-tregoe.com\/fr\/consulting\/service-operations\/\"><img decoding=\"async\" src=\"https:\/\/staging.kepner-tregoe.com\/wp-content\/uploads\/2025\/06\/arrow-right-large.svg\" alt=\"\" class=\"wp-image-121\" style=\"width:27px\"\/><\/a><\/figure>\n<\/div>\n\n\n\n<div class=\"wp-block-column is-layout-flow wp-block-column-is-layout-flow\">\n<p>Gestion des incidents<br\/>R\u00e9solution de probl\u00e8mes \/ RCA<br\/>\u00c9valuations <br\/>Coaching<br\/>Gestion des processus <br\/>Simulation<\/p>\n<\/div>\n<\/div>\n\n\n\n<div class=\"wp-block-columns is-layout-flex wp-container-core-columns-is-layout-28f84493 wp-block-columns-is-layout-flex\">\n<div class=\"wp-block-column is-layout-flow wp-block-column-is-layout-flow\"><\/div>\n\n\n\n<div class=\"wp-block-column is-layout-flow wp-block-column-is-layout-flow\">\n<h3 class=\"wp-block-heading\"><a href=\"https:\/\/staging.kepner-tregoe.com\/fr\/consulting\/human-resources\/\">Ressources Humaines<\/a><\/h3>\n\n\n\n<figure class=\"wp-block-image size-full is-resized\"><a href=\"https:\/\/staging.kepner-tregoe.com\/fr\/consulting\/human-resources\/\"><img decoding=\"async\" src=\"https:\/\/staging.kepner-tregoe.com\/wp-content\/uploads\/2025\/06\/arrow-right-large.svg\" alt=\"\" class=\"wp-image-121\" style=\"width:27px;height:auto\"\/><\/a><\/figure>\n<\/div>\n\n\n\n<div class=\"wp-block-column is-layout-flow wp-block-column-is-layout-flow\">\n<p>Collaboration entre les \u00e9quipes<br\/>Rapidit\u00e9 et efficacit\u00e9 de r\u00e9solution <br\/>Efficacit\u00e9 du leadership <br\/>Int\u00e9gration des talents <br\/>D\u00e9veloppement des comp\u00e9tences<\/p>\n<\/div>\n<\/div>\n<\/div>\n\n<div class=\"wp-block-wsfirst-responsive-spacer responsive-spacer\" aria-hidden=\"true\"><div class=\"responsive-spacer-fullsize\" style=\"height:3.75rem\"><\/div><div class=\"responsive-spacer-tablet\" style=\"height:2.8125rem\"><\/div><div class=\"responsive-spacer-mobile\" style=\"height:1.875rem\"><\/div><\/div>\n","protected":false},"excerpt":{"rendered":"<p>Construire une organisation d&rsquo;excellence gr\u00e2ce \u00e0 l&rsquo;am\u00e9lioration des syst\u00e8mes Kepner-Tregoe est un leader mondial dans l\u2019accompagnement des entreprises pour am\u00e9liorer la performance de leurs syst\u00e8mes, gr\u00e2ce \u00e0 une combinaison de services de conseil et de programmes de formation. KT est particuli\u00e8rement qualifi\u00e9e pour \u00e9valuer l&rsquo;architecture et la conception de syst\u00e8mes d&rsquo;entreprise critiques par l&rsquo;int\u00e9gration de [&hellip;]<\/p>\n","protected":false},"author":17,"featured_media":1611,"parent":0,"menu_order":0,"comment_status":"closed","ping_status":"closed","template":"","meta":{"_acf_changed":false,"footnotes":""},"class_list":["post-45676","page","type-page","status-publish","has-post-thumbnail","hentry"],"acf":[],"yoast_head":"<!-- This site is optimized with the Yoast SEO Premium plugin v25.6 (Yoast SEO v27.4) - https:\/\/yoast.com\/product\/yoast-seo-premium-wordpress\/ -->\n<title>Conseil - Kepner-Tregoe<\/title>\n<meta name=\"description\" content=\"Kepner-Tregoe est un leader mondial dans l\u2019accompagnement des entreprises pour am\u00e9liorer la performance de leurs syst\u00e8mes, gr\u00e2ce \u00e0 une combinaison de services de conseil et de programmes de formation.\" \/>\n<meta name=\"robots\" content=\"noindex, follow, max-snippet:-1, max-image-preview:large, max-video-preview:-1\" \/>\n<meta property=\"og:locale\" content=\"fr_FR\" \/>\n<meta property=\"og:type\" content=\"article\" \/>\n<meta property=\"og:title\" content=\"Conseil\" \/>\n<meta property=\"og:description\" content=\"Kepner-Tregoe est un leader mondial dans l\u2019accompagnement des entreprises pour am\u00e9liorer la performance de leurs syst\u00e8mes, gr\u00e2ce \u00e0 une combinaison de services de conseil et de programmes de formation.\" \/>\n<meta property=\"og:url\" content=\"https:\/\/staging.kepner-tregoe.com\/fr\/consulting\/\" \/>\n<meta property=\"og:site_name\" content=\"Kepner-Tregoe\" \/>\n<meta property=\"article:modified_time\" content=\"2025-08-01T11:00:56+00:00\" \/>\n<meta property=\"og:image\" content=\"https:\/\/staging.kepner-tregoe.com\/wp-content\/uploads\/2025\/06\/Clip-path-group3.jpg\" \/>\n\t<meta property=\"og:image:width\" content=\"1603\" \/>\n\t<meta property=\"og:image:height\" content=\"700\" \/>\n\t<meta property=\"og:image:type\" content=\"image\/jpeg\" \/>\n<meta name=\"twitter:card\" content=\"summary_large_image\" \/>\n<meta name=\"twitter:label1\" content=\"Dur\u00e9e de lecture estim\u00e9e\" \/>\n\t<meta name=\"twitter:data1\" content=\"1 minute\" \/>\n<script type=\"application\/ld+json\" class=\"yoast-schema-graph\">{\"@context\":\"https:\\\/\\\/schema.org\",\"@graph\":[{\"@type\":\"WebPage\",\"@id\":\"https:\\\/\\\/staging.kepner-tregoe.com\\\/fr\\\/consulting\\\/\",\"url\":\"https:\\\/\\\/staging.kepner-tregoe.com\\\/fr\\\/consulting\\\/\",\"name\":\"Conseil - Kepner-Tregoe\",\"isPartOf\":{\"@id\":\"https:\\\/\\\/staging.kepner-tregoe.com\\\/fr\\\/#website\"},\"primaryImageOfPage\":{\"@id\":\"https:\\\/\\\/staging.kepner-tregoe.com\\\/fr\\\/consulting\\\/#primaryimage\"},\"image\":{\"@id\":\"https:\\\/\\\/staging.kepner-tregoe.com\\\/fr\\\/consulting\\\/#primaryimage\"},\"thumbnailUrl\":\"https:\\\/\\\/staging.kepner-tregoe.com\\\/wp-content\\\/uploads\\\/2025\\\/06\\\/Clip-path-group3.jpg\",\"datePublished\":\"2025-06-11T11:21:22+00:00\",\"dateModified\":\"2025-08-01T11:00:56+00:00\",\"description\":\"Kepner-Tregoe est un leader mondial dans l\u2019accompagnement des entreprises pour am\u00e9liorer la performance de leurs syst\u00e8mes, gr\u00e2ce \u00e0 une combinaison de services de conseil et de programmes de formation.\",\"breadcrumb\":{\"@id\":\"https:\\\/\\\/staging.kepner-tregoe.com\\\/fr\\\/consulting\\\/#breadcrumb\"},\"inLanguage\":\"fr-FR\",\"potentialAction\":[{\"@type\":\"ReadAction\",\"target\":[\"https:\\\/\\\/staging.kepner-tregoe.com\\\/fr\\\/consulting\\\/\"]}]},{\"@type\":\"ImageObject\",\"inLanguage\":\"fr-FR\",\"@id\":\"https:\\\/\\\/staging.kepner-tregoe.com\\\/fr\\\/consulting\\\/#primaryimage\",\"url\":\"https:\\\/\\\/staging.kepner-tregoe.com\\\/wp-content\\\/uploads\\\/2025\\\/06\\\/Clip-path-group3.jpg\",\"contentUrl\":\"https:\\\/\\\/staging.kepner-tregoe.com\\\/wp-content\\\/uploads\\\/2025\\\/06\\\/Clip-path-group3.jpg\",\"width\":1603,\"height\":700},{\"@type\":\"BreadcrumbList\",\"@id\":\"https:\\\/\\\/staging.kepner-tregoe.com\\\/fr\\\/consulting\\\/#breadcrumb\",\"itemListElement\":[{\"@type\":\"ListItem\",\"position\":1,\"name\":\"Home\",\"item\":\"https:\\\/\\\/staging.kepner-tregoe.com\\\/fr\\\/home\\\/\"},{\"@type\":\"ListItem\",\"position\":2,\"name\":\"Conseil\"}]},{\"@type\":\"WebSite\",\"@id\":\"https:\\\/\\\/staging.kepner-tregoe.com\\\/fr\\\/#website\",\"url\":\"https:\\\/\\\/staging.kepner-tregoe.com\\\/fr\\\/\",\"name\":\"Kepner-Tregoe\",\"description\":\"Leaders in problem solving\",\"publisher\":{\"@id\":\"https:\\\/\\\/staging.kepner-tregoe.com\\\/fr\\\/#organization\"},\"potentialAction\":[{\"@type\":\"SearchAction\",\"target\":{\"@type\":\"EntryPoint\",\"urlTemplate\":\"https:\\\/\\\/staging.kepner-tregoe.com\\\/fr\\\/?s={search_term_string}\"},\"query-input\":{\"@type\":\"PropertyValueSpecification\",\"valueRequired\":true,\"valueName\":\"search_term_string\"}}],\"inLanguage\":\"fr-FR\"},{\"@type\":\"Organization\",\"@id\":\"https:\\\/\\\/staging.kepner-tregoe.com\\\/fr\\\/#organization\",\"name\":\"Kepner-Tregoe\",\"url\":\"https:\\\/\\\/staging.kepner-tregoe.com\\\/fr\\\/\",\"logo\":{\"@type\":\"ImageObject\",\"inLanguage\":\"fr-FR\",\"@id\":\"https:\\\/\\\/staging.kepner-tregoe.com\\\/fr\\\/#\\\/schema\\\/logo\\\/image\\\/\",\"url\":\"https:\\\/\\\/staging.kepner-tregoe.com\\\/wp-content\\\/uploads\\\/2025\\\/06\\\/kepner-tregoe-logo.png\",\"contentUrl\":\"https:\\\/\\\/staging.kepner-tregoe.com\\\/wp-content\\\/uploads\\\/2025\\\/06\\\/kepner-tregoe-logo.png\",\"width\":264,\"height\":38,\"caption\":\"Kepner-Tregoe\"},\"image\":{\"@id\":\"https:\\\/\\\/staging.kepner-tregoe.com\\\/fr\\\/#\\\/schema\\\/logo\\\/image\\\/\"},\"sameAs\":[\"https:\\\/\\\/www.linkedin.com\\\/company\\\/14495\"]}]}<\/script>\n<!-- \/ Yoast SEO Premium plugin. -->","yoast_head_json":{"title":"Conseil - Kepner-Tregoe","description":"Kepner-Tregoe est un leader mondial dans l\u2019accompagnement des entreprises pour am\u00e9liorer la performance de leurs syst\u00e8mes, gr\u00e2ce \u00e0 une combinaison de services de conseil et de programmes de formation.","robots":{"index":"noindex","follow":"follow","max-snippet":"max-snippet:-1","max-image-preview":"max-image-preview:large","max-video-preview":"max-video-preview:-1"},"og_locale":"fr_FR","og_type":"article","og_title":"Conseil","og_description":"Kepner-Tregoe est un leader mondial dans l\u2019accompagnement des entreprises pour am\u00e9liorer la performance de leurs syst\u00e8mes, gr\u00e2ce \u00e0 une combinaison de services de conseil et de programmes de formation.","og_url":"https:\/\/staging.kepner-tregoe.com\/fr\/consulting\/","og_site_name":"Kepner-Tregoe","article_modified_time":"2025-08-01T11:00:56+00:00","og_image":[{"width":1603,"height":700,"url":"https:\/\/staging.kepner-tregoe.com\/wp-content\/uploads\/2025\/06\/Clip-path-group3.jpg","type":"image\/jpeg"}],"twitter_card":"summary_large_image","twitter_misc":{"Dur\u00e9e de lecture estim\u00e9e":"1 minute"},"schema":{"@context":"https:\/\/schema.org","@graph":[{"@type":"WebPage","@id":"https:\/\/staging.kepner-tregoe.com\/fr\/consulting\/","url":"https:\/\/staging.kepner-tregoe.com\/fr\/consulting\/","name":"Conseil - Kepner-Tregoe","isPartOf":{"@id":"https:\/\/staging.kepner-tregoe.com\/fr\/#website"},"primaryImageOfPage":{"@id":"https:\/\/staging.kepner-tregoe.com\/fr\/consulting\/#primaryimage"},"image":{"@id":"https:\/\/staging.kepner-tregoe.com\/fr\/consulting\/#primaryimage"},"thumbnailUrl":"https:\/\/staging.kepner-tregoe.com\/wp-content\/uploads\/2025\/06\/Clip-path-group3.jpg","datePublished":"2025-06-11T11:21:22+00:00","dateModified":"2025-08-01T11:00:56+00:00","description":"Kepner-Tregoe est un leader mondial dans l\u2019accompagnement des entreprises pour am\u00e9liorer la performance de leurs syst\u00e8mes, gr\u00e2ce \u00e0 une combinaison de services de conseil et de programmes de formation.","breadcrumb":{"@id":"https:\/\/staging.kepner-tregoe.com\/fr\/consulting\/#breadcrumb"},"inLanguage":"fr-FR","potentialAction":[{"@type":"ReadAction","target":["https:\/\/staging.kepner-tregoe.com\/fr\/consulting\/"]}]},{"@type":"ImageObject","inLanguage":"fr-FR","@id":"https:\/\/staging.kepner-tregoe.com\/fr\/consulting\/#primaryimage","url":"https:\/\/staging.kepner-tregoe.com\/wp-content\/uploads\/2025\/06\/Clip-path-group3.jpg","contentUrl":"https:\/\/staging.kepner-tregoe.com\/wp-content\/uploads\/2025\/06\/Clip-path-group3.jpg","width":1603,"height":700},{"@type":"BreadcrumbList","@id":"https:\/\/staging.kepner-tregoe.com\/fr\/consulting\/#breadcrumb","itemListElement":[{"@type":"ListItem","position":1,"name":"Home","item":"https:\/\/staging.kepner-tregoe.com\/fr\/home\/"},{"@type":"ListItem","position":2,"name":"Conseil"}]},{"@type":"WebSite","@id":"https:\/\/staging.kepner-tregoe.com\/fr\/#website","url":"https:\/\/staging.kepner-tregoe.com\/fr\/","name":"Kepner-Tregoe","description":"Leaders in problem solving","publisher":{"@id":"https:\/\/staging.kepner-tregoe.com\/fr\/#organization"},"potentialAction":[{"@type":"SearchAction","target":{"@type":"EntryPoint","urlTemplate":"https:\/\/staging.kepner-tregoe.com\/fr\/?s={search_term_string}"},"query-input":{"@type":"PropertyValueSpecification","valueRequired":true,"valueName":"search_term_string"}}],"inLanguage":"fr-FR"},{"@type":"Organization","@id":"https:\/\/staging.kepner-tregoe.com\/fr\/#organization","name":"Kepner-Tregoe","url":"https:\/\/staging.kepner-tregoe.com\/fr\/","logo":{"@type":"ImageObject","inLanguage":"fr-FR","@id":"https:\/\/staging.kepner-tregoe.com\/fr\/#\/schema\/logo\/image\/","url":"https:\/\/staging.kepner-tregoe.com\/wp-content\/uploads\/2025\/06\/kepner-tregoe-logo.png","contentUrl":"https:\/\/staging.kepner-tregoe.com\/wp-content\/uploads\/2025\/06\/kepner-tregoe-logo.png","width":264,"height":38,"caption":"Kepner-Tregoe"},"image":{"@id":"https:\/\/staging.kepner-tregoe.com\/fr\/#\/schema\/logo\/image\/"},"sameAs":["https:\/\/www.linkedin.com\/company\/14495"]}]}},"_links":{"self":[{"href":"https:\/\/staging.kepner-tregoe.com\/fr\/wp-json\/wp\/v2\/pages\/45676","targetHints":{"allow":["GET"]}}],"collection":[{"href":"https:\/\/staging.kepner-tregoe.com\/fr\/wp-json\/wp\/v2\/pages"}],"about":[{"href":"https:\/\/staging.kepner-tregoe.com\/fr\/wp-json\/wp\/v2\/types\/page"}],"author":[{"embeddable":true,"href":"https:\/\/staging.kepner-tregoe.com\/fr\/wp-json\/wp\/v2\/users\/17"}],"replies":[{"embeddable":true,"href":"https:\/\/staging.kepner-tregoe.com\/fr\/wp-json\/wp\/v2\/comments?post=45676"}],"version-history":[{"count":5,"href":"https:\/\/staging.kepner-tregoe.com\/fr\/wp-json\/wp\/v2\/pages\/45676\/revisions"}],"predecessor-version":[{"id":48098,"href":"https:\/\/staging.kepner-tregoe.com\/fr\/wp-json\/wp\/v2\/pages\/45676\/revisions\/48098"}],"wp:featuredmedia":[{"embeddable":true,"href":"https:\/\/staging.kepner-tregoe.com\/fr\/wp-json\/wp\/v2\/media\/1611"}],"wp:attachment":[{"href":"https:\/\/staging.kepner-tregoe.com\/fr\/wp-json\/wp\/v2\/media?parent=45676"}],"curies":[{"name":"wp","href":"https:\/\/api.w.org\/{rel}","templated":true}]}}