{"id":61203,"date":"2025-07-31T13:57:42","date_gmt":"2025-07-31T13:57:42","guid":{"rendered":"https:\/\/staging.kepner-tregoe.com\/performance-calculator\/"},"modified":"2026-01-23T09:48:45","modified_gmt":"2026-01-23T09:48:45","slug":"performance-calculator","status":"publish","type":"page","link":"https:\/\/staging.kepner-tregoe.com\/de\/performance-calculator\/","title":{"rendered":"Rechner f\u00fcr die Auswirkungen der Kepner-Tregoe-Ausgabe"},"content":{"rendered":"\n<div class=\"wp-block-wsfirst-responsive-spacer responsive-spacer\" aria-hidden=\"true\"><div class=\"responsive-spacer-fullsize\" style=\"height:3.1875rem\"><\/div><div class=\"responsive-spacer-tablet\" style=\"height:2.4375rem\"><\/div><div class=\"responsive-spacer-mobile\" style=\"height:1.625rem\"><\/div><\/div>\n\n<h1 class=\"wp-block-heading has-text-align-center\" id=\"h-kepner-tregoe-issue-impact-calculator\">Rechner f\u00fcr die Auswirkungen der Kepner-Tregoe-Ausgabe<\/h1>\n\n<div class=\"wp-block-wsfirst-responsive-spacer responsive-spacer\" aria-hidden=\"true\"><div class=\"responsive-spacer-fullsize\" style=\"height:3.1875rem\"><\/div><div class=\"responsive-spacer-tablet\" style=\"height:2.4375rem\"><\/div><div class=\"responsive-spacer-mobile\" style=\"height:1.625rem\"><\/div><\/div>\n\n<p>Unser neuer experimenteller Rechner soll eine allgemeine Perspektive auf die potenziellen Kosten bieten, die mit h\u00e4ufigen Unternehmensproblemen verbunden sind &#8211; wie ungel\u00f6ste Probleme, verz\u00f6gerte Entscheidungen, nicht gemanagte Risiken und unklare Priorit\u00e4ten. Dieses Tool ist zwar nicht auf einzelne Unternehmen zugeschnitten, aber es hilft, die breiteren Auswirkungen zu veranschaulichen, die diese Probleme auf Teams und Abl\u00e4ufe haben k\u00f6nnen. Es ist als Denkansto\u00df gedacht, der zum Nachdenken und zu Gespr\u00e4chen anregt &#8211; nicht als Diagnose- oder Prognoseinstrument &#8211; und unterst\u00fctzt F\u00fchrungskr\u00e4fte dabei, den Wert strukturierten Denkens bei der Bew\u00e4ltigung komplexer Gesch\u00e4ftsprobleme zu erkennen.  <\/p>\n\n<div class=\"wp-block-wsfirst-responsive-spacer responsive-spacer\" aria-hidden=\"true\"><div class=\"responsive-spacer-fullsize\" style=\"height:3.1875rem\"><\/div><div class=\"responsive-spacer-tablet\" style=\"height:2.4375rem\"><\/div><div class=\"responsive-spacer-mobile\" style=\"height:1.625rem\"><\/div><\/div>\n\n<div class=\"wp-block-columns is-layout-flex wp-container-core-columns-is-layout-28f84493 wp-block-columns-is-layout-flex\">\n<div class=\"wp-block-column is-layout-flow wp-block-column-is-layout-flow\">\n<iframe loading=\"lazy\" src=\"https:\/\/kt-roi-calculator.vercel.app\/\" width=\"100%\" height=\"2000\" style=\"border: none; border-radius: 12px; overflow: hidden;\" title=\"KT ROI-Rechner\">\n<\/iframe>\n<\/div>\n<\/div>\n\n<div class=\"wp-block-wsfirst-responsive-spacer responsive-spacer\" aria-hidden=\"true\"><div class=\"responsive-spacer-fullsize\" style=\"height:3.1875rem\"><\/div><div class=\"responsive-spacer-tablet\" style=\"height:2.4375rem\"><\/div><div class=\"responsive-spacer-mobile\" style=\"height:1.625rem\"><\/div><\/div>\n","protected":false},"excerpt":{"rendered":"<p>Rechner f\u00fcr die Auswirkungen der Kepner-Tregoe-Ausgabe Unser neuer experimenteller Rechner soll eine allgemeine Perspektive auf die potenziellen Kosten bieten, die mit h\u00e4ufigen Unternehmensproblemen verbunden sind &#8211; wie ungel\u00f6ste Probleme, verz\u00f6gerte Entscheidungen, nicht gemanagte Risiken und unklare Priorit\u00e4ten. Dieses Tool ist zwar nicht auf einzelne Unternehmen zugeschnitten, aber es hilft, die breiteren Auswirkungen zu veranschaulichen, die [&hellip;]<\/p>\n","protected":false},"author":18,"featured_media":0,"parent":0,"menu_order":0,"comment_status":"closed","ping_status":"closed","template":"","meta":{"_acf_changed":false,"footnotes":""},"class_list":["post-61203","page","type-page","status-publish","hentry"],"acf":[],"yoast_head":"<!-- This site is optimized with the Yoast SEO Premium plugin v25.6 (Yoast SEO v27.4) - https:\/\/yoast.com\/product\/yoast-seo-premium-wordpress\/ -->\n<title>Rechner f\u00fcr die Auswirkungen der Kepner-Tregoe-Ausgabe - Kepner-Tregoe<\/title>\n<meta name=\"description\" content=\"Rechner f\u00fcr die Auswirkungen der Kepner-Tregoe-Ausgabe Unser neuer experimenteller Rechner soll eine allgemeine Perspektive auf die potenziellen Kosten\" \/>\n<meta name=\"robots\" content=\"noindex, follow, max-snippet:-1, max-image-preview:large, max-video-preview:-1\" \/>\n<meta property=\"og:locale\" content=\"de_DE\" \/>\n<meta property=\"og:type\" content=\"article\" \/>\n<meta property=\"og:title\" content=\"Rechner f\u00fcr die Auswirkungen der Kepner-Tregoe-Ausgabe\" \/>\n<meta property=\"og:description\" content=\"Rechner f\u00fcr die Auswirkungen der Kepner-Tregoe-Ausgabe Unser neuer experimenteller Rechner soll eine allgemeine Perspektive auf die potenziellen Kosten\" \/>\n<meta property=\"og:url\" content=\"https:\/\/staging.kepner-tregoe.com\/de\/performance-calculator\/\" \/>\n<meta property=\"og:site_name\" content=\"Kepner-Tregoe\" \/>\n<meta property=\"article:modified_time\" content=\"2026-01-23T09:48:45+00:00\" \/>\n<meta name=\"twitter:card\" content=\"summary_large_image\" \/>\n<meta name=\"twitter:label1\" content=\"Gesch\u00e4tzte Lesezeit\" \/>\n\t<meta name=\"twitter:data1\" content=\"1\u00a0Minute\" \/>\n<script type=\"application\/ld+json\" class=\"yoast-schema-graph\">{\"@context\":\"https:\\\/\\\/schema.org\",\"@graph\":[{\"@type\":\"WebPage\",\"@id\":\"https:\\\/\\\/staging.kepner-tregoe.com\\\/de\\\/performance-calculator\\\/\",\"url\":\"https:\\\/\\\/staging.kepner-tregoe.com\\\/de\\\/performance-calculator\\\/\",\"name\":\"Rechner f\u00fcr die Auswirkungen der Kepner-Tregoe-Ausgabe - Kepner-Tregoe\",\"isPartOf\":{\"@id\":\"https:\\\/\\\/staging.kepner-tregoe.com\\\/de\\\/#website\"},\"datePublished\":\"2025-07-31T13:57:42+00:00\",\"dateModified\":\"2026-01-23T09:48:45+00:00\",\"description\":\"Rechner f\u00fcr die Auswirkungen der Kepner-Tregoe-Ausgabe Unser neuer experimenteller Rechner soll eine allgemeine Perspektive auf die potenziellen Kosten\",\"breadcrumb\":{\"@id\":\"https:\\\/\\\/staging.kepner-tregoe.com\\\/de\\\/performance-calculator\\\/#breadcrumb\"},\"inLanguage\":\"de\",\"potentialAction\":[{\"@type\":\"ReadAction\",\"target\":[\"https:\\\/\\\/staging.kepner-tregoe.com\\\/de\\\/performance-calculator\\\/\"]}]},{\"@type\":\"BreadcrumbList\",\"@id\":\"https:\\\/\\\/staging.kepner-tregoe.com\\\/de\\\/performance-calculator\\\/#breadcrumb\",\"itemListElement\":[{\"@type\":\"ListItem\",\"position\":1,\"name\":\"Home\",\"item\":\"https:\\\/\\\/staging.kepner-tregoe.com\\\/de\\\/\"},{\"@type\":\"ListItem\",\"position\":2,\"name\":\"Rechner f\u00fcr die Auswirkungen der Kepner-Tregoe-Ausgabe\"}]},{\"@type\":\"WebSite\",\"@id\":\"https:\\\/\\\/staging.kepner-tregoe.com\\\/de\\\/#website\",\"url\":\"https:\\\/\\\/staging.kepner-tregoe.com\\\/de\\\/\",\"name\":\"Kepner-Tregoe\",\"description\":\"Leaders in problem solving\",\"publisher\":{\"@id\":\"https:\\\/\\\/staging.kepner-tregoe.com\\\/de\\\/#organization\"},\"potentialAction\":[{\"@type\":\"SearchAction\",\"target\":{\"@type\":\"EntryPoint\",\"urlTemplate\":\"https:\\\/\\\/staging.kepner-tregoe.com\\\/de\\\/?s={search_term_string}\"},\"query-input\":{\"@type\":\"PropertyValueSpecification\",\"valueRequired\":true,\"valueName\":\"search_term_string\"}}],\"inLanguage\":\"de\"},{\"@type\":\"Organization\",\"@id\":\"https:\\\/\\\/staging.kepner-tregoe.com\\\/de\\\/#organization\",\"name\":\"Kepner-Tregoe\",\"url\":\"https:\\\/\\\/staging.kepner-tregoe.com\\\/de\\\/\",\"logo\":{\"@type\":\"ImageObject\",\"inLanguage\":\"de\",\"@id\":\"https:\\\/\\\/staging.kepner-tregoe.com\\\/de\\\/#\\\/schema\\\/logo\\\/image\\\/\",\"url\":\"https:\\\/\\\/staging.kepner-tregoe.com\\\/wp-content\\\/uploads\\\/2025\\\/06\\\/kepner-tregoe-logo.png\",\"contentUrl\":\"https:\\\/\\\/staging.kepner-tregoe.com\\\/wp-content\\\/uploads\\\/2025\\\/06\\\/kepner-tregoe-logo.png\",\"width\":264,\"height\":38,\"caption\":\"Kepner-Tregoe\"},\"image\":{\"@id\":\"https:\\\/\\\/staging.kepner-tregoe.com\\\/de\\\/#\\\/schema\\\/logo\\\/image\\\/\"},\"sameAs\":[\"https:\\\/\\\/www.linkedin.com\\\/company\\\/14495\"]}]}<\/script>\n<!-- \/ Yoast SEO Premium plugin. -->","yoast_head_json":{"title":"Rechner f\u00fcr die Auswirkungen der Kepner-Tregoe-Ausgabe - Kepner-Tregoe","description":"Rechner f\u00fcr die Auswirkungen der Kepner-Tregoe-Ausgabe Unser neuer experimenteller Rechner soll eine allgemeine Perspektive auf die potenziellen Kosten","robots":{"index":"noindex","follow":"follow","max-snippet":"max-snippet:-1","max-image-preview":"max-image-preview:large","max-video-preview":"max-video-preview:-1"},"og_locale":"de_DE","og_type":"article","og_title":"Rechner f\u00fcr die Auswirkungen der Kepner-Tregoe-Ausgabe","og_description":"Rechner f\u00fcr die Auswirkungen der Kepner-Tregoe-Ausgabe Unser neuer experimenteller Rechner soll eine allgemeine Perspektive auf die potenziellen Kosten","og_url":"https:\/\/staging.kepner-tregoe.com\/de\/performance-calculator\/","og_site_name":"Kepner-Tregoe","article_modified_time":"2026-01-23T09:48:45+00:00","twitter_card":"summary_large_image","twitter_misc":{"Gesch\u00e4tzte Lesezeit":"1\u00a0Minute"},"schema":{"@context":"https:\/\/schema.org","@graph":[{"@type":"WebPage","@id":"https:\/\/staging.kepner-tregoe.com\/de\/performance-calculator\/","url":"https:\/\/staging.kepner-tregoe.com\/de\/performance-calculator\/","name":"Rechner f\u00fcr die Auswirkungen der Kepner-Tregoe-Ausgabe - Kepner-Tregoe","isPartOf":{"@id":"https:\/\/staging.kepner-tregoe.com\/de\/#website"},"datePublished":"2025-07-31T13:57:42+00:00","dateModified":"2026-01-23T09:48:45+00:00","description":"Rechner f\u00fcr die Auswirkungen der Kepner-Tregoe-Ausgabe Unser neuer experimenteller Rechner soll eine allgemeine Perspektive auf die potenziellen Kosten","breadcrumb":{"@id":"https:\/\/staging.kepner-tregoe.com\/de\/performance-calculator\/#breadcrumb"},"inLanguage":"de","potentialAction":[{"@type":"ReadAction","target":["https:\/\/staging.kepner-tregoe.com\/de\/performance-calculator\/"]}]},{"@type":"BreadcrumbList","@id":"https:\/\/staging.kepner-tregoe.com\/de\/performance-calculator\/#breadcrumb","itemListElement":[{"@type":"ListItem","position":1,"name":"Home","item":"https:\/\/staging.kepner-tregoe.com\/de\/"},{"@type":"ListItem","position":2,"name":"Rechner f\u00fcr die Auswirkungen der Kepner-Tregoe-Ausgabe"}]},{"@type":"WebSite","@id":"https:\/\/staging.kepner-tregoe.com\/de\/#website","url":"https:\/\/staging.kepner-tregoe.com\/de\/","name":"Kepner-Tregoe","description":"Leaders in problem solving","publisher":{"@id":"https:\/\/staging.kepner-tregoe.com\/de\/#organization"},"potentialAction":[{"@type":"SearchAction","target":{"@type":"EntryPoint","urlTemplate":"https:\/\/staging.kepner-tregoe.com\/de\/?s={search_term_string}"},"query-input":{"@type":"PropertyValueSpecification","valueRequired":true,"valueName":"search_term_string"}}],"inLanguage":"de"},{"@type":"Organization","@id":"https:\/\/staging.kepner-tregoe.com\/de\/#organization","name":"Kepner-Tregoe","url":"https:\/\/staging.kepner-tregoe.com\/de\/","logo":{"@type":"ImageObject","inLanguage":"de","@id":"https:\/\/staging.kepner-tregoe.com\/de\/#\/schema\/logo\/image\/","url":"https:\/\/staging.kepner-tregoe.com\/wp-content\/uploads\/2025\/06\/kepner-tregoe-logo.png","contentUrl":"https:\/\/staging.kepner-tregoe.com\/wp-content\/uploads\/2025\/06\/kepner-tregoe-logo.png","width":264,"height":38,"caption":"Kepner-Tregoe"},"image":{"@id":"https:\/\/staging.kepner-tregoe.com\/de\/#\/schema\/logo\/image\/"},"sameAs":["https:\/\/www.linkedin.com\/company\/14495"]}]}},"_links":{"self":[{"href":"https:\/\/staging.kepner-tregoe.com\/de\/wp-json\/wp\/v2\/pages\/61203","targetHints":{"allow":["GET"]}}],"collection":[{"href":"https:\/\/staging.kepner-tregoe.com\/de\/wp-json\/wp\/v2\/pages"}],"about":[{"href":"https:\/\/staging.kepner-tregoe.com\/de\/wp-json\/wp\/v2\/types\/page"}],"author":[{"embeddable":true,"href":"https:\/\/staging.kepner-tregoe.com\/de\/wp-json\/wp\/v2\/users\/18"}],"replies":[{"embeddable":true,"href":"https:\/\/staging.kepner-tregoe.com\/de\/wp-json\/wp\/v2\/comments?post=61203"}],"version-history":[{"count":1,"href":"https:\/\/staging.kepner-tregoe.com\/de\/wp-json\/wp\/v2\/pages\/61203\/revisions"}],"predecessor-version":[{"id":61204,"href":"https:\/\/staging.kepner-tregoe.com\/de\/wp-json\/wp\/v2\/pages\/61203\/revisions\/61204"}],"wp:attachment":[{"href":"https:\/\/staging.kepner-tregoe.com\/de\/wp-json\/wp\/v2\/media?parent=61203"}],"curies":[{"name":"wp","href":"https:\/\/api.w.org\/{rel}","templated":true}]}}