{"id":45722,"date":"2025-07-07T21:38:37","date_gmt":"2025-07-07T21:38:37","guid":{"rendered":"https:\/\/staging.kepner-tregoe.com\/simulation\/"},"modified":"2025-08-07T11:00:25","modified_gmt":"2025-08-07T11:00:25","slug":"simulation","status":"publish","type":"page","link":"https:\/\/staging.kepner-tregoe.com\/de\/simulation\/","title":{"rendered":"Simulationsbasierte Schulungsl\u00f6sungen"},"content":{"rendered":"\n<div class=\"wp-block-wsfirst-responsive-spacer responsive-spacer\" aria-hidden=\"true\"><div class=\"responsive-spacer-fullsize\" style=\"height:3.1875rem\"><\/div><div class=\"responsive-spacer-tablet\" style=\"height:2.4375rem\"><\/div><div class=\"responsive-spacer-mobile\" style=\"height:1.625rem\"><\/div><\/div>\n\n<h1 class=\"wp-block-heading has-text-align-center\" id=\"h-simulation\">Simulationsbasierte Schulungsl\u00f6sungen<\/h1>\n\n<div class=\"wp-block-wsfirst-responsive-spacer responsive-spacer\" aria-hidden=\"true\"><div class=\"responsive-spacer-fullsize\" style=\"height:3.1875rem\"><\/div><div class=\"responsive-spacer-tablet\" style=\"height:2.4375rem\"><\/div><div class=\"responsive-spacer-mobile\" style=\"height:1.625rem\"><\/div><\/div>\n\n<h3 class=\"wp-block-heading\" id=\"h-learning-best-practice-problem-solving-techniques-using-state-of-the-art-simulation-technology\">Erlernen von Best-Practice-Probleml\u00f6sungstechniken unter Verwendung modernster Simulationstechnologie<\/h3>\n\n<p>Ingenieure haben zu Hause ein Spielsystem &#8211; geben wir ihnen eines am Arbeitsplatz, damit das Lernen Spa\u00df macht!<\/p>\n\n<p>Unsere simulationsbasierten Programme mit Robotern und &#8222;Gamification&#8220; bringen mit interaktiven und reaktionsschnellen \u00dcbungen zur Fehlerbehebung Spa\u00df ins Lernen.<\/p>\n\n<p>Lernen durch Simulation hilft dem Einzelnen, ein tieferes Verst\u00e4ndnis komplexer Konzepte zu entwickeln, und bietet ihm die M\u00f6glichkeit, die Konsequenzen seines Handelns in einer Umgebung zu erfahren, in der er nicht versagen kann.<\/p>\n\n<p>Wir wissen, dass es keinen Ersatz f\u00fcr praktische Erfahrungen bei der Fehlersuche gibt. Deshalb sind in unserer Simulation realistische Elemente wie Zeitdruck und &#8222;Informations\u00fcberlastung&#8220; in die Erfahrung eingebettet, <strong>um ein Gef\u00fchl der Dringlichkeit und des Risikos zu schaffen &#8211; genau wie bei der Probleml\u00f6sung im Arbeitsalltag<\/strong>. <\/p>\n\n<p>Es schafft auch eine <strong>sehr ansprechende und kooperative Erfahrung f\u00fcr die Teambildung<\/strong>. Das gemeinsame Durcharbeiten von \u00dcbungen, das Feiern von Erfolgen und das \u00dcberwinden von R\u00fcckschl\u00e4gen st\u00e4rkt den Zusammenhalt und hilft, einen Teamgeist zwischen den Gruppenmitgliedern zu entwickeln. Praktisch alle unsere Teilnehmer geben an, dass sich ihre F\u00e4higkeiten zur Zusammenarbeit im Team und ihr Vertrauen in ihre Kollegen verbessert haben! <\/p>\n\n<p>Bei KT sind wir bestrebt, die Lernerfahrung und den Return-on-Investment f\u00fcr unsere Kunden kontinuierlich zu verbessern. Wir haben in innovative Simulations-Lernerfahrungen investiert, um Lernenden dabei zu unterst\u00fctzen, aktive Teilnehmer an der Lernreise zu werden, was zu einer unmittelbareren und tieferen Entwicklung der F\u00e4higkeiten f\u00fchrt, was wiederum zu schnelleren und wirkungsvolleren Gesch\u00e4ftsergebnissen f\u00fchrt. <\/p>\n\n<figure class=\"wp-block-embed is-type-video is-provider-youtube wp-block-embed-youtube wp-embed-aspect-4-3 wp-has-aspect-ratio\"><div class=\"wp-block-embed__wrapper\">\n<iframe loading=\"lazy\" title=\"KT Troubleshooting Simulation - Kepner Tregoe Consulting &amp; Training\" width=\"500\" height=\"375\" src=\"https:\/\/www.youtube.com\/embed\/EX_uhelVHrM?start=6&#038;feature=oembed\" frameborder=\"0\" allow=\"accelerometer; autoplay; clipboard-write; encrypted-media; gyroscope; picture-in-picture; web-share\" referrerpolicy=\"strict-origin-when-cross-origin\" allowfullscreen><\/iframe>\n<\/div><\/figure>\n\n<div class=\"wp-block-columns alignwide are-vertically-aligned-top is-style-image-with-content is-layout-flex wp-container-core-columns-is-layout-28f84493 wp-block-columns-is-layout-flex\" data-aos=\"fade-left\">\n<div class=\"wp-block-column is-vertically-aligned-top is-layout-flow wp-container-core-column-is-layout-d217282a wp-block-column-is-layout-flow\" style=\"padding-top:0;padding-bottom:0\">\n<h2 class=\"wp-block-heading\" id=\"h-benefits-of-simulation-based-learning\">Vorteile des simulationsbasierten Lernens<\/h2>\n\n\n\n<ul class=\"wp-block-list\">\n<li>Lernen durch Reflexion \u00fcber das eigene Tun erh\u00f6ht die Behaltensrate neuer Konzepte und st\u00e4rkt das Vertrauen<\/li>\n\n\n\n<li>Das L\u00f6sen von Problemen in einer realistischen Umgebung \u00fcberbr\u00fcckt die Kluft zwischen Theorie und Praxis und verk\u00fcrzt die Zeit bis zum Erreichen von Ergebnissen<\/li>\n\n\n\n<li>Simulationsbasierte Szenarien schaffen eine fesselnde, dynamische und interaktive Erfahrung, die die Motivation zum Lernen maximiert<\/li>\n\n\n\n<li>Das \u00dcben in einer sicheren Lernumgebung erm\u00f6glicht es den Menschen, aus Fehlern zu lernen und die F\u00e4higkeiten leichter auf ihre Arbeit zu \u00fcbertragen.<\/li>\n<\/ul>\n\n\n\n<div class=\"wp-block-buttons is-layout-flex wp-block-buttons-is-layout-flex\">\n<div class=\"wp-block-button is-style-fill\"><a class=\"wp-block-button__link wp-element-button\" href=\"https:\/\/staging.kepner-tregoe.com\/de\/training\/\">Ausbildung erkunden<\/a><\/div>\n<\/div>\n<\/div>\n\n\n\n<div class=\"wp-block-column is-vertically-aligned-top is-layout-flow wp-block-column-is-layout-flow\">\n<figure class=\"wp-block-image size-full\"><img loading=\"lazy\" decoding=\"async\" width=\"579\" height=\"360\" src=\"https:\/\/staging.kepner-tregoe.com\/wp-content\/uploads\/2025\/06\/Left.jpg\" alt=\"\" class=\"wp-image-147\" srcset=\"https:\/\/staging.kepner-tregoe.com\/wp-content\/uploads\/2025\/06\/Left.jpg 579w, https:\/\/staging.kepner-tregoe.com\/wp-content\/uploads\/2025\/06\/Left-300x187.jpg 300w\" sizes=\"auto, (max-width: 579px) 100vw, 579px\" \/><\/figure>\n<\/div>\n<\/div>\n\n<div class=\"wp-block-wsfirst-responsive-spacer responsive-spacer\" aria-hidden=\"true\"><div class=\"responsive-spacer-fullsize\" style=\"height:6.25rem\"><\/div><div class=\"responsive-spacer-tablet\" style=\"height:4.375rem\"><\/div><div class=\"responsive-spacer-mobile\" style=\"height:2.5rem\"><\/div><\/div>\n","protected":false},"excerpt":{"rendered":"<p>Simulationsbasierte Schulungsl\u00f6sungen Erlernen von Best-Practice-Probleml\u00f6sungstechniken unter Verwendung modernster Simulationstechnologie Ingenieure haben zu Hause ein Spielsystem &#8211; geben wir ihnen eines am Arbeitsplatz, damit das Lernen Spa\u00df macht! Unsere simulationsbasierten Programme mit Robotern und &#8222;Gamification&#8220; bringen mit interaktiven und reaktionsschnellen \u00dcbungen zur Fehlerbehebung Spa\u00df ins Lernen. Lernen durch Simulation hilft dem Einzelnen, ein tieferes Verst\u00e4ndnis komplexer [&hellip;]<\/p>\n","protected":false},"author":17,"featured_media":0,"parent":0,"menu_order":0,"comment_status":"closed","ping_status":"closed","template":"","meta":{"_acf_changed":false,"footnotes":""},"class_list":["post-45722","page","type-page","status-publish","hentry"],"acf":[],"yoast_head":"<!-- This site is optimized with the Yoast SEO Premium plugin v25.6 (Yoast SEO v27.4) - https:\/\/yoast.com\/product\/yoast-seo-premium-wordpress\/ -->\n<title>Simulationsbasierte Schulungsl\u00f6sungen - Kepner-Tregoe<\/title>\n<meta name=\"description\" content=\"Simulationsbasierte Schulungsl\u00f6sungen Erlernen von Best-Practice-Probleml\u00f6sungstechniken unter Verwendung modernster Simulationstechnologie Ingenieure\" \/>\n<meta name=\"robots\" content=\"noindex, follow, max-snippet:-1, max-image-preview:large, max-video-preview:-1\" \/>\n<meta property=\"og:locale\" content=\"de_DE\" \/>\n<meta property=\"og:type\" content=\"article\" \/>\n<meta property=\"og:title\" content=\"Simulationsbasierte Schulungsl\u00f6sungen\" \/>\n<meta property=\"og:description\" content=\"Simulationsbasierte Schulungsl\u00f6sungen Erlernen von Best-Practice-Probleml\u00f6sungstechniken unter Verwendung modernster Simulationstechnologie Ingenieure\" \/>\n<meta property=\"og:url\" content=\"https:\/\/staging.kepner-tregoe.com\/de\/simulation\/\" \/>\n<meta property=\"og:site_name\" content=\"Kepner-Tregoe\" \/>\n<meta property=\"article:modified_time\" content=\"2025-08-07T11:00:25+00:00\" \/>\n<meta property=\"og:image\" content=\"https:\/\/staging.kepner-tregoe.com\/wp-content\/uploads\/2025\/06\/Left.jpg\" \/>\n\t<meta property=\"og:image:width\" content=\"579\" \/>\n\t<meta property=\"og:image:height\" content=\"360\" \/>\n\t<meta property=\"og:image:type\" content=\"image\/jpeg\" \/>\n<meta name=\"twitter:card\" content=\"summary_large_image\" \/>\n<meta name=\"twitter:label1\" content=\"Gesch\u00e4tzte Lesezeit\" \/>\n\t<meta name=\"twitter:data1\" content=\"2\u00a0Minuten\" \/>\n<script type=\"application\/ld+json\" class=\"yoast-schema-graph\">{\"@context\":\"https:\\\/\\\/schema.org\",\"@graph\":[{\"@type\":\"WebPage\",\"@id\":\"https:\\\/\\\/staging.kepner-tregoe.com\\\/de\\\/simulation\\\/\",\"url\":\"https:\\\/\\\/staging.kepner-tregoe.com\\\/de\\\/simulation\\\/\",\"name\":\"Simulationsbasierte Schulungsl\u00f6sungen - Kepner-Tregoe\",\"isPartOf\":{\"@id\":\"https:\\\/\\\/staging.kepner-tregoe.com\\\/de\\\/#website\"},\"primaryImageOfPage\":{\"@id\":\"https:\\\/\\\/staging.kepner-tregoe.com\\\/de\\\/simulation\\\/#primaryimage\"},\"image\":{\"@id\":\"https:\\\/\\\/staging.kepner-tregoe.com\\\/de\\\/simulation\\\/#primaryimage\"},\"thumbnailUrl\":\"https:\\\/\\\/staging.kepner-tregoe.com\\\/wp-content\\\/uploads\\\/2025\\\/06\\\/Left.jpg\",\"datePublished\":\"2025-07-07T21:38:37+00:00\",\"dateModified\":\"2025-08-07T11:00:25+00:00\",\"description\":\"Simulationsbasierte Schulungsl\u00f6sungen Erlernen von Best-Practice-Probleml\u00f6sungstechniken unter Verwendung modernster Simulationstechnologie Ingenieure\",\"breadcrumb\":{\"@id\":\"https:\\\/\\\/staging.kepner-tregoe.com\\\/de\\\/simulation\\\/#breadcrumb\"},\"inLanguage\":\"de\",\"potentialAction\":[{\"@type\":\"ReadAction\",\"target\":[\"https:\\\/\\\/staging.kepner-tregoe.com\\\/de\\\/simulation\\\/\"]}]},{\"@type\":\"ImageObject\",\"inLanguage\":\"de\",\"@id\":\"https:\\\/\\\/staging.kepner-tregoe.com\\\/de\\\/simulation\\\/#primaryimage\",\"url\":\"https:\\\/\\\/staging.kepner-tregoe.com\\\/wp-content\\\/uploads\\\/2025\\\/06\\\/Left.jpg\",\"contentUrl\":\"https:\\\/\\\/staging.kepner-tregoe.com\\\/wp-content\\\/uploads\\\/2025\\\/06\\\/Left.jpg\"},{\"@type\":\"BreadcrumbList\",\"@id\":\"https:\\\/\\\/staging.kepner-tregoe.com\\\/de\\\/simulation\\\/#breadcrumb\",\"itemListElement\":[{\"@type\":\"ListItem\",\"position\":1,\"name\":\"Home\",\"item\":\"https:\\\/\\\/staging.kepner-tregoe.com\\\/de\\\/\"},{\"@type\":\"ListItem\",\"position\":2,\"name\":\"Simulationsbasierte Schulungsl\u00f6sungen\"}]},{\"@type\":\"WebSite\",\"@id\":\"https:\\\/\\\/staging.kepner-tregoe.com\\\/de\\\/#website\",\"url\":\"https:\\\/\\\/staging.kepner-tregoe.com\\\/de\\\/\",\"name\":\"Kepner-Tregoe\",\"description\":\"Leaders in problem solving\",\"publisher\":{\"@id\":\"https:\\\/\\\/staging.kepner-tregoe.com\\\/de\\\/#organization\"},\"potentialAction\":[{\"@type\":\"SearchAction\",\"target\":{\"@type\":\"EntryPoint\",\"urlTemplate\":\"https:\\\/\\\/staging.kepner-tregoe.com\\\/de\\\/?s={search_term_string}\"},\"query-input\":{\"@type\":\"PropertyValueSpecification\",\"valueRequired\":true,\"valueName\":\"search_term_string\"}}],\"inLanguage\":\"de\"},{\"@type\":\"Organization\",\"@id\":\"https:\\\/\\\/staging.kepner-tregoe.com\\\/de\\\/#organization\",\"name\":\"Kepner-Tregoe\",\"url\":\"https:\\\/\\\/staging.kepner-tregoe.com\\\/de\\\/\",\"logo\":{\"@type\":\"ImageObject\",\"inLanguage\":\"de\",\"@id\":\"https:\\\/\\\/staging.kepner-tregoe.com\\\/de\\\/#\\\/schema\\\/logo\\\/image\\\/\",\"url\":\"https:\\\/\\\/staging.kepner-tregoe.com\\\/wp-content\\\/uploads\\\/2025\\\/06\\\/kepner-tregoe-logo.png\",\"contentUrl\":\"https:\\\/\\\/staging.kepner-tregoe.com\\\/wp-content\\\/uploads\\\/2025\\\/06\\\/kepner-tregoe-logo.png\",\"width\":264,\"height\":38,\"caption\":\"Kepner-Tregoe\"},\"image\":{\"@id\":\"https:\\\/\\\/staging.kepner-tregoe.com\\\/de\\\/#\\\/schema\\\/logo\\\/image\\\/\"},\"sameAs\":[\"https:\\\/\\\/www.linkedin.com\\\/company\\\/14495\"]}]}<\/script>\n<!-- \/ Yoast SEO Premium plugin. -->","yoast_head_json":{"title":"Simulationsbasierte Schulungsl\u00f6sungen - Kepner-Tregoe","description":"Simulationsbasierte Schulungsl\u00f6sungen Erlernen von Best-Practice-Probleml\u00f6sungstechniken unter Verwendung modernster Simulationstechnologie Ingenieure","robots":{"index":"noindex","follow":"follow","max-snippet":"max-snippet:-1","max-image-preview":"max-image-preview:large","max-video-preview":"max-video-preview:-1"},"og_locale":"de_DE","og_type":"article","og_title":"Simulationsbasierte Schulungsl\u00f6sungen","og_description":"Simulationsbasierte Schulungsl\u00f6sungen Erlernen von Best-Practice-Probleml\u00f6sungstechniken unter Verwendung modernster Simulationstechnologie Ingenieure","og_url":"https:\/\/staging.kepner-tregoe.com\/de\/simulation\/","og_site_name":"Kepner-Tregoe","article_modified_time":"2025-08-07T11:00:25+00:00","og_image":[{"width":579,"height":360,"url":"https:\/\/staging.kepner-tregoe.com\/wp-content\/uploads\/2025\/06\/Left.jpg","type":"image\/jpeg"}],"twitter_card":"summary_large_image","twitter_misc":{"Gesch\u00e4tzte Lesezeit":"2\u00a0Minuten"},"schema":{"@context":"https:\/\/schema.org","@graph":[{"@type":"WebPage","@id":"https:\/\/staging.kepner-tregoe.com\/de\/simulation\/","url":"https:\/\/staging.kepner-tregoe.com\/de\/simulation\/","name":"Simulationsbasierte Schulungsl\u00f6sungen - Kepner-Tregoe","isPartOf":{"@id":"https:\/\/staging.kepner-tregoe.com\/de\/#website"},"primaryImageOfPage":{"@id":"https:\/\/staging.kepner-tregoe.com\/de\/simulation\/#primaryimage"},"image":{"@id":"https:\/\/staging.kepner-tregoe.com\/de\/simulation\/#primaryimage"},"thumbnailUrl":"https:\/\/staging.kepner-tregoe.com\/wp-content\/uploads\/2025\/06\/Left.jpg","datePublished":"2025-07-07T21:38:37+00:00","dateModified":"2025-08-07T11:00:25+00:00","description":"Simulationsbasierte Schulungsl\u00f6sungen Erlernen von Best-Practice-Probleml\u00f6sungstechniken unter Verwendung modernster Simulationstechnologie Ingenieure","breadcrumb":{"@id":"https:\/\/staging.kepner-tregoe.com\/de\/simulation\/#breadcrumb"},"inLanguage":"de","potentialAction":[{"@type":"ReadAction","target":["https:\/\/staging.kepner-tregoe.com\/de\/simulation\/"]}]},{"@type":"ImageObject","inLanguage":"de","@id":"https:\/\/staging.kepner-tregoe.com\/de\/simulation\/#primaryimage","url":"https:\/\/staging.kepner-tregoe.com\/wp-content\/uploads\/2025\/06\/Left.jpg","contentUrl":"https:\/\/staging.kepner-tregoe.com\/wp-content\/uploads\/2025\/06\/Left.jpg"},{"@type":"BreadcrumbList","@id":"https:\/\/staging.kepner-tregoe.com\/de\/simulation\/#breadcrumb","itemListElement":[{"@type":"ListItem","position":1,"name":"Home","item":"https:\/\/staging.kepner-tregoe.com\/de\/"},{"@type":"ListItem","position":2,"name":"Simulationsbasierte Schulungsl\u00f6sungen"}]},{"@type":"WebSite","@id":"https:\/\/staging.kepner-tregoe.com\/de\/#website","url":"https:\/\/staging.kepner-tregoe.com\/de\/","name":"Kepner-Tregoe","description":"Leaders in problem solving","publisher":{"@id":"https:\/\/staging.kepner-tregoe.com\/de\/#organization"},"potentialAction":[{"@type":"SearchAction","target":{"@type":"EntryPoint","urlTemplate":"https:\/\/staging.kepner-tregoe.com\/de\/?s={search_term_string}"},"query-input":{"@type":"PropertyValueSpecification","valueRequired":true,"valueName":"search_term_string"}}],"inLanguage":"de"},{"@type":"Organization","@id":"https:\/\/staging.kepner-tregoe.com\/de\/#organization","name":"Kepner-Tregoe","url":"https:\/\/staging.kepner-tregoe.com\/de\/","logo":{"@type":"ImageObject","inLanguage":"de","@id":"https:\/\/staging.kepner-tregoe.com\/de\/#\/schema\/logo\/image\/","url":"https:\/\/staging.kepner-tregoe.com\/wp-content\/uploads\/2025\/06\/kepner-tregoe-logo.png","contentUrl":"https:\/\/staging.kepner-tregoe.com\/wp-content\/uploads\/2025\/06\/kepner-tregoe-logo.png","width":264,"height":38,"caption":"Kepner-Tregoe"},"image":{"@id":"https:\/\/staging.kepner-tregoe.com\/de\/#\/schema\/logo\/image\/"},"sameAs":["https:\/\/www.linkedin.com\/company\/14495"]}]}},"_links":{"self":[{"href":"https:\/\/staging.kepner-tregoe.com\/de\/wp-json\/wp\/v2\/pages\/45722","targetHints":{"allow":["GET"]}}],"collection":[{"href":"https:\/\/staging.kepner-tregoe.com\/de\/wp-json\/wp\/v2\/pages"}],"about":[{"href":"https:\/\/staging.kepner-tregoe.com\/de\/wp-json\/wp\/v2\/types\/page"}],"author":[{"embeddable":true,"href":"https:\/\/staging.kepner-tregoe.com\/de\/wp-json\/wp\/v2\/users\/17"}],"replies":[{"embeddable":true,"href":"https:\/\/staging.kepner-tregoe.com\/de\/wp-json\/wp\/v2\/comments?post=45722"}],"version-history":[{"count":4,"href":"https:\/\/staging.kepner-tregoe.com\/de\/wp-json\/wp\/v2\/pages\/45722\/revisions"}],"predecessor-version":[{"id":59018,"href":"https:\/\/staging.kepner-tregoe.com\/de\/wp-json\/wp\/v2\/pages\/45722\/revisions\/59018"}],"wp:attachment":[{"href":"https:\/\/staging.kepner-tregoe.com\/de\/wp-json\/wp\/v2\/media?parent=45722"}],"curies":[{"name":"wp","href":"https:\/\/api.w.org\/{rel}","templated":true}]}}