{"id":45682,"date":"2025-06-24T10:49:48","date_gmt":"2025-06-24T10:49:48","guid":{"rendered":"https:\/\/staging.kepner-tregoe.com\/beratung\/manufacturing-operations\/"},"modified":"2026-01-23T09:14:18","modified_gmt":"2026-01-23T09:14:18","slug":"manufacturing-operations","status":"publish","type":"page","link":"https:\/\/staging.kepner-tregoe.com\/de\/beratung\/manufacturing-operations\/","title":{"rendered":"Manufacturing Operations"},"content":{"rendered":"\n<div class=\"wp-block-wsfirst-responsive-spacer responsive-spacer\" aria-hidden=\"true\"><div class=\"responsive-spacer-fullsize\" style=\"height:3.375rem\"><\/div><div class=\"responsive-spacer-tablet\" style=\"height:2.5625rem\"><\/div><div class=\"responsive-spacer-mobile\" style=\"height:1.6875rem\"><\/div><\/div>\n<h1 class=\"has-text-align-center wp-block-post-title\">Manufacturing Operations<\/h1>\n<div class=\"wp-block-wsfirst-responsive-spacer responsive-spacer\" aria-hidden=\"true\"><div class=\"responsive-spacer-fullsize\" style=\"height:3.375rem\"><\/div><div class=\"responsive-spacer-tablet\" style=\"height:2.5625rem\"><\/div><div class=\"responsive-spacer-mobile\" style=\"height:1.6875rem\"><\/div><\/div>\n\n<div class=\"wp-block-columns alignwide are-vertically-aligned-top is-style-image-with-content is-layout-flex wp-container-core-columns-is-layout-28f84493 wp-block-columns-is-layout-flex\" data-aos=\"fade-left\">\n<div class=\"wp-block-column is-vertically-aligned-top is-layout-flow wp-container-core-column-is-layout-d217282a wp-block-column-is-layout-flow\" style=\"padding-top:0;padding-bottom:0\">\n<h2 class=\"wp-block-heading\" id=\"h-upskilling-teams-in-critical-problem-solving\">Kompetenzen von Teams im strukturierten Probleml\u00f6sen st\u00e4rken<\/h2>\n\n\n\n<p>Wenn die Ergebnisse hinter den Erwartungen zur\u00fcckbleiben, die Kosten steigen oder die Qualit\u00e4t leidet, ist das oft ein Zeichen daf\u00fcr, dass die Komplexit\u00e4t die Kontrolle \u00fcberholt hat. Bei Kepner-Tregoe unterst\u00fctzen wir F\u00fchrungskr\u00e4fte in der Fertigungsindustrie dabei, klar zu erkennen, wo und warum Prozesse unterperformen, und setzen bew\u00e4hrte, strukturierte Verbesserungen um, um Stabilit\u00e4t wiederherzustellen, den Durchsatz zu erh\u00f6hen und die Qualit\u00e4t zu steigern. Ob es um die L\u00f6sung chronischer Produktionsprobleme, die Verankerung kontinuierlicher Verbesserungsprozesse oder die Weiterqualifizierung von Teams im kritischen Probleml\u00f6sen geht \u2013 wir arbeiten mit Herstellern zusammen, um messbare Verbesserungen in ihren Betriebsabl\u00e4ufen zu erzielen.  <\/p>\n<\/div>\n\n\n\n<div class=\"wp-block-column is-vertically-aligned-top is-layout-flow wp-block-column-is-layout-flow\">\n<figure class=\"wp-block-image size-full\"><img loading=\"lazy\" decoding=\"async\" width=\"900\" height=\"600\" src=\"https:\/\/staging.kepner-tregoe.com\/wp-content\/uploads\/2025\/08\/manufacturing-plant.jpg\" alt=\"\" class=\"wp-image-48100\" srcset=\"https:\/\/staging.kepner-tregoe.com\/wp-content\/uploads\/2025\/08\/manufacturing-plant.jpg 900w, https:\/\/staging.kepner-tregoe.com\/wp-content\/uploads\/2025\/08\/manufacturing-plant-300x200.jpg 300w, https:\/\/staging.kepner-tregoe.com\/wp-content\/uploads\/2025\/08\/manufacturing-plant-768x512.jpg 768w, https:\/\/staging.kepner-tregoe.com\/wp-content\/uploads\/2025\/08\/manufacturing-plant-600x400.jpg 600w\" sizes=\"auto, (max-width: 900px) 100vw, 900px\" \/><\/figure>\n<\/div>\n<\/div>\n\n<div class=\"wp-block-wsfirst-responsive-spacer responsive-spacer\" aria-hidden=\"true\"><div class=\"responsive-spacer-fullsize\" style=\"height:7.5rem\"><\/div><div class=\"responsive-spacer-tablet\" style=\"height:5rem\"><\/div><div class=\"responsive-spacer-mobile\" style=\"height:2.5rem\"><\/div><\/div>\n\n<div class=\"wp-block-group alignfull is-layout-constrained wp-block-group-is-layout-constrained\" data-aos=\"fade-left\">\n<h2 class=\"wp-block-heading alignwide is-style-underlined\">KT-L\u00f6sungen<\/h2>\n\n\n<div id=\"links-list\" class=\"block links-list alignfull alignfull wp-block-acf-links-list\">\n<ul class=\"links-list\">\n                        \n                            <li class=\"links-list-item\" data-aos=\"fade-up\">\n                    <a\n                        class=\"link style:h2\"\n                        href=\"https:\/\/staging.kepner-tregoe.com\/consulting\/corrective-and-preventive-actions\/\"\n                        target=\"\"\n                    >\n                        <div class=\"link-inner container\">\n                            <span class=\"label\">\n                                Corrective Action Programs                            <\/span>\n                        <\/div>\n                    <\/a>\n                <\/li>\n                                \n                            <li class=\"links-list-item\" data-aos=\"fade-up\">\n                    <a\n                        class=\"link style:h2\"\n                        href=\"https:\/\/staging.kepner-tregoe.com\/consulting\/targeted-performance-improvement\/\"\n                        target=\"\"\n                    >\n                        <div class=\"link-inner container\">\n                            <span class=\"label\">\n                                Targeted Performance Improvement                            <\/span>\n                        <\/div>\n                    <\/a>\n                <\/li>\n                                \n                            <li class=\"links-list-item\" data-aos=\"fade-up\">\n                    <a\n                        class=\"link style:h2\"\n                        href=\"https:\/\/staging.kepner-tregoe.com\/consulting\/quality-improvement\/\"\n                        target=\"\"\n                    >\n                        <div class=\"link-inner container\">\n                            <span class=\"label\">\n                                Qualit\u00e4tsverbesserung                            <\/span>\n                        <\/div>\n                    <\/a>\n                <\/li>\n                                \n                            <li class=\"links-list-item\" data-aos=\"fade-up\">\n                    <a\n                        class=\"link style:h2\"\n                        href=\"https:\/\/staging.kepner-tregoe.com\/consulting\/asset-performance-management\/\"\n                        target=\"\"\n                    >\n                        <div class=\"link-inner container\">\n                            <span class=\"label\">\n                                Asset Performance Management                            <\/span>\n                        <\/div>\n                    <\/a>\n                <\/li>\n                                \n                            <li class=\"links-list-item\" data-aos=\"fade-up\">\n                    <a\n                        class=\"link style:h2\"\n                        href=\"https:\/\/staging.kepner-tregoe.com\/consulting\/continuous-improvement\/\"\n                        target=\"\"\n                    >\n                        <div class=\"link-inner container\">\n                            <span class=\"label\">\n                                Kontinuierliche Verbesserung                            <\/span>\n                        <\/div>\n                    <\/a>\n                <\/li>\n                                \n                            <li class=\"links-list-item\" data-aos=\"fade-up\">\n                    <a\n                        class=\"link style:h2\"\n                        href=\"https:\/\/staging.kepner-tregoe.com\/consulting\/process-mining\/\"\n                        target=\"\"\n                    >\n                        <div class=\"link-inner container\">\n                            <span class=\"label\">\n                                Process Mining                            <\/span>\n                        <\/div>\n                    <\/a>\n                <\/li>\n                        <\/ul>\n<\/div><\/div>\n\n<div class=\"wp-block-wsfirst-responsive-spacer responsive-spacer\" aria-hidden=\"true\"><div class=\"responsive-spacer-fullsize\" style=\"height:5rem\"><\/div><div class=\"responsive-spacer-tablet\" style=\"height:3.75rem\"><\/div><div class=\"responsive-spacer-mobile\" style=\"height:2.5rem\"><\/div><\/div>\n<div id=\"swiper-slider\" class=\"block swiper-slider alignwide alignwide wp-block-acf-swiper-slider\">\n<div class=\"swiper\">\n    <script type=\"text\/config\" class=\"swiper-slider-config\">\n        {\"wrapperSelector\":\".testimonials\",\"slideSelector\":\".testimonial\",\"slidesPerView\":\"1\",\"autoplay\":true,\"autoplayDelay\":\"5000\",\"spaceBetween\":\"0\",\"config\":{\"slidesPerView\":\"1\",\"autoplay\":true,\"autoplayDelay\":\"5000\",\"spaceBetween\":\"0\"},\"breakpoints\":[{\"breakpoint\":\"576\",\"slidesPerView\":\"2\",\"autoplay\":true,\"autoplayDelay\":\"5000\",\"spaceBetween\":\"20\"},{\"breakpoint\":\"960\",\"slidesPerView\":\"3\",\"autoplay\":true,\"autoplayDelay\":\"5000\",\"spaceBetween\":\"40\"}]}    <\/script>\n    \n\n<div class=\"wp-block-group is-content-justification-space-between is-nowrap is-layout-flex wp-container-core-group-is-layout-c2157663 wp-block-group-is-layout-flex\" style=\"border-bottom-color:var(--wp--preset--color--gray-800);border-bottom-width:1px;padding-bottom:0.62rem\">\n<h2 class=\"wp-block-heading is-style-default\" id=\"h-testimonials\">Referenzen<\/h2>\n\n\n<div id=\"swiper-nav-buttons\" class=\"block swiper-nav-buttons align wp-block-acf-swiper-nav-buttons\">\n<nav class=\"swiper-arrows\">\n    <button class=\"swiper-arrow-prev\" aria-label=\"Previous Case Study\"><\/button>\n    <button class=\"swiper-arrow-next\" aria-label=\"Next Case Study\"><\/button>\n<\/nav>\n<\/div><\/div>\n\n\n<div id=\"testimonials\" class=\"block testimonials alignnone alignnone wp-block-acf-testimonials\">            \n        <div class=\"testimonial\">\n            <p class=\"content\">\n                \u201cF\u00fcr mich pers\u00f6nlich lassen sich die Ergebnisse von Kepner-Tregoe in Hunderten von Millionen Dollar messen.\u201d<br \/>\n                <span role=\"presentation\" class=\"color:blue-800\">&#8211;<\/span><br \/>\n                <strong>Robert A. Lutz, ehemaliger Vorstand von GM North America und Ford Europe<\/strong>\n            <\/p>\n        <\/div>\n            \n        <div class=\"testimonial\">\n            <p class=\"content\">\n                \u201cDer Prozess erm\u00f6glicht es unseren Mitarbeitern, L\u00f6sungen zu finden, und ermutigt sie, nach kontinuierlichen Verbesserungen zu suchen. Je h\u00e4ufiger wir ihn anwenden, desto mehr Erfolg haben wir damit und desto mehr Wert schaffen wir. \u201d<br \/>\n                <span role=\"presentation\" class=\"color:blue-800\">&#8211;<\/span><br \/>\n                <strong>Jeffrey W. Green, Senior Production Specialist, Sonoco<\/strong>\n            <\/p>\n        <\/div>\n            \n        <div class=\"testimonial\">\n            <p class=\"content\">\n                \u201cUnsere Standards f\u00fcr Qualit\u00e4tskontrollen sind extrem hoch. Eine gut strukturierte und disziplinierte Herangehensweise an die Probleml\u00f6sung macht einen gro\u00dfen Unterschied in der Geschwindigkeit, mit der wir die Grundursache finden k\u00f6nnen. \u201d<br \/>\n                <span role=\"presentation\" class=\"color:blue-800\">&#8211;<\/span><br \/>\n                <strong>Produktmanager, Hersteller von Ventilatoren<\/strong>\n            <\/p>\n        <\/div>\n            \n        <div class=\"testimonial\">\n            <p class=\"content\">\n                \u201cDank der KT-Prozesse gehen wir Probleme heute aktiv an statt sie passiv hinzunehmen. Besonders die Problemanalyse spart unserem Team wertvolle Zeit, weil sie den Analyseprozess systematisch strukturiert  \u201d<br \/>\n                <span role=\"presentation\" class=\"color:blue-800\">&#8211;<\/span><br \/>\n                <strong>Qualit\u00e4tsmanager &amp; KT Coach \u2013 Augmented Identity Solutions<\/strong>\n            <\/p>\n        <\/div>\n            \n        <div class=\"testimonial\">\n            <p class=\"content\">\n                \u201cUnser Unternehmen hat eine globale Kultur des kritischen Denkens etabliert, strukturierte Entscheidungsfindung und Probleml\u00f6sung sind fester Bestandteil unseres Arbeitsalltags geworden. Durch die unternehmensweite Einf\u00fchrung der Kepner-Tregoe-Methoden haben wir Fehlerbehebung, Eskalationsprozesse und Risikomanagement nachhaltig transformiert. Datenbasierte, analytische Ans\u00e4tze bestimmen nun unsere Entscheidungen im Service und in den operativen Abl\u00e4ufen. \u201d<br \/>\n                <span role=\"presentation\" class=\"color:blue-800\">&#8211;<\/span><br \/>\n                <strong>National Support Specialist \u2013 Globales Healthcare-Unternehmen<\/strong>\n            <\/p>\n        <\/div>\n            \n        <div class=\"testimonial\">\n            <p class=\"content\">\n                \u201cUnser Unternehmen hat die KT-Problemanalyse direkt in den Workflow zur Bearbeitung von Major Incidents integriert. Dadurch konnten wir einen systematischeren Ansatz f\u00fcr die Klassifikation, Ursachenermittlung und L\u00f6sung von Vorf\u00e4llen etablieren. Dieser strukturierte Prozess hilft unseren Teams, auch unter hohem Druck schnell zwischen relevanten und irrelevanten Informationen zu unterscheiden \u2013 und so Vorf\u00e4lle deutlich schneller und pr\u00e4ziser einzuordnen. \u201d<br \/>\n                <span role=\"presentation\" class=\"color:blue-800\">&#8211;<\/span><br \/>\n                <strong>Senior Manager Incident Response &#8211; Fintech<\/strong>\n            <\/p>\n        <\/div>\n    <\/div>\n\n<\/div>\n<\/div>\n<div class=\"wp-block-wsfirst-responsive-spacer responsive-spacer\" aria-hidden=\"true\"><div class=\"responsive-spacer-fullsize\" style=\"height:4.5rem\"><\/div><div class=\"responsive-spacer-tablet\" style=\"height:3.375rem\"><\/div><div class=\"responsive-spacer-mobile\" style=\"height:2.25rem\"><\/div><\/div>\n","protected":false},"excerpt":{"rendered":"<p>Kompetenzen von Teams im strukturierten Probleml\u00f6sen st\u00e4rken Wenn die Ergebnisse hinter den Erwartungen zur\u00fcckbleiben, die Kosten steigen oder die Qualit\u00e4t leidet, ist das oft ein Zeichen daf\u00fcr, dass die Komplexit\u00e4t die Kontrolle \u00fcberholt hat. Bei Kepner-Tregoe unterst\u00fctzen wir F\u00fchrungskr\u00e4fte in der Fertigungsindustrie dabei, klar zu erkennen, wo und warum Prozesse unterperformen, und setzen bew\u00e4hrte, strukturierte [&hellip;]<\/p>\n","protected":false},"author":17,"featured_media":0,"parent":45674,"menu_order":0,"comment_status":"closed","ping_status":"closed","template":"","meta":{"_acf_changed":false,"footnotes":""},"class_list":["post-45682","page","type-page","status-publish","hentry"],"acf":[],"yoast_head":"<!-- This site is optimized with the Yoast SEO Premium plugin v25.6 (Yoast SEO v27.4) - https:\/\/yoast.com\/product\/yoast-seo-premium-wordpress\/ -->\n<title>Manufacturing Operations - Kepner-Tregoe<\/title>\n<meta name=\"description\" content=\"Wir helfen F\u00fchrungskr\u00e4ften in der Fertigungsindustrie dabei, klar zu erkennen, wo und warum ihre Abl\u00e4ufe unterperformen, und setzen bew\u00e4hrte, strukturierte Verbesserungen um.\" \/>\n<meta name=\"robots\" content=\"noindex, follow, max-snippet:-1, max-image-preview:large, max-video-preview:-1\" \/>\n<meta property=\"og:locale\" content=\"de_DE\" \/>\n<meta property=\"og:type\" content=\"article\" \/>\n<meta property=\"og:title\" content=\"Manufacturing Operations\" \/>\n<meta property=\"og:description\" content=\"Wir helfen F\u00fchrungskr\u00e4ften in der Fertigungsindustrie dabei, klar zu erkennen, wo und warum ihre Abl\u00e4ufe unterperformen, und setzen bew\u00e4hrte, strukturierte Verbesserungen um.\" \/>\n<meta property=\"og:url\" content=\"https:\/\/staging.kepner-tregoe.com\/de\/beratung\/manufacturing-operations\/\" \/>\n<meta property=\"og:site_name\" content=\"Kepner-Tregoe\" \/>\n<meta property=\"article:modified_time\" content=\"2026-01-23T09:14:18+00:00\" \/>\n<meta property=\"og:image\" content=\"https:\/\/staging.kepner-tregoe.com\/wp-content\/uploads\/2025\/08\/manufacturing-plant.jpg\" \/>\n\t<meta property=\"og:image:width\" content=\"900\" \/>\n\t<meta property=\"og:image:height\" content=\"600\" \/>\n\t<meta property=\"og:image:type\" content=\"image\/jpeg\" \/>\n<meta name=\"twitter:card\" content=\"summary_large_image\" \/>\n<meta name=\"twitter:label1\" content=\"Gesch\u00e4tzte Lesezeit\" \/>\n\t<meta name=\"twitter:data1\" content=\"1\u00a0Minute\" \/>\n<script type=\"application\/ld+json\" class=\"yoast-schema-graph\">{\"@context\":\"https:\\\/\\\/schema.org\",\"@graph\":[{\"@type\":\"WebPage\",\"@id\":\"https:\\\/\\\/staging.kepner-tregoe.com\\\/de\\\/beratung\\\/manufacturing-operations\\\/\",\"url\":\"https:\\\/\\\/staging.kepner-tregoe.com\\\/de\\\/beratung\\\/manufacturing-operations\\\/\",\"name\":\"Manufacturing Operations - Kepner-Tregoe\",\"isPartOf\":{\"@id\":\"https:\\\/\\\/staging.kepner-tregoe.com\\\/de\\\/#website\"},\"primaryImageOfPage\":{\"@id\":\"https:\\\/\\\/staging.kepner-tregoe.com\\\/de\\\/beratung\\\/manufacturing-operations\\\/#primaryimage\"},\"image\":{\"@id\":\"https:\\\/\\\/staging.kepner-tregoe.com\\\/de\\\/beratung\\\/manufacturing-operations\\\/#primaryimage\"},\"thumbnailUrl\":\"https:\\\/\\\/staging.kepner-tregoe.com\\\/wp-content\\\/uploads\\\/2025\\\/08\\\/manufacturing-plant.jpg\",\"datePublished\":\"2025-06-24T10:49:48+00:00\",\"dateModified\":\"2026-01-23T09:14:18+00:00\",\"description\":\"Wir helfen F\u00fchrungskr\u00e4ften in der Fertigungsindustrie dabei, klar zu erkennen, wo und warum ihre Abl\u00e4ufe unterperformen, und setzen bew\u00e4hrte, strukturierte Verbesserungen um.\",\"breadcrumb\":{\"@id\":\"https:\\\/\\\/staging.kepner-tregoe.com\\\/de\\\/beratung\\\/manufacturing-operations\\\/#breadcrumb\"},\"inLanguage\":\"de\",\"potentialAction\":[{\"@type\":\"ReadAction\",\"target\":[\"https:\\\/\\\/staging.kepner-tregoe.com\\\/de\\\/beratung\\\/manufacturing-operations\\\/\"]}]},{\"@type\":\"ImageObject\",\"inLanguage\":\"de\",\"@id\":\"https:\\\/\\\/staging.kepner-tregoe.com\\\/de\\\/beratung\\\/manufacturing-operations\\\/#primaryimage\",\"url\":\"https:\\\/\\\/staging.kepner-tregoe.com\\\/wp-content\\\/uploads\\\/2025\\\/08\\\/manufacturing-plant.jpg\",\"contentUrl\":\"https:\\\/\\\/staging.kepner-tregoe.com\\\/wp-content\\\/uploads\\\/2025\\\/08\\\/manufacturing-plant.jpg\"},{\"@type\":\"BreadcrumbList\",\"@id\":\"https:\\\/\\\/staging.kepner-tregoe.com\\\/de\\\/beratung\\\/manufacturing-operations\\\/#breadcrumb\",\"itemListElement\":[{\"@type\":\"ListItem\",\"position\":1,\"name\":\"Home\",\"item\":\"https:\\\/\\\/staging.kepner-tregoe.com\\\/de\\\/\"},{\"@type\":\"ListItem\",\"position\":2,\"name\":\"Beratung\",\"item\":\"https:\\\/\\\/staging.kepner-tregoe.com\\\/de\\\/beratung\\\/\"},{\"@type\":\"ListItem\",\"position\":3,\"name\":\"Manufacturing Operations\"}]},{\"@type\":\"WebSite\",\"@id\":\"https:\\\/\\\/staging.kepner-tregoe.com\\\/de\\\/#website\",\"url\":\"https:\\\/\\\/staging.kepner-tregoe.com\\\/de\\\/\",\"name\":\"Kepner-Tregoe\",\"description\":\"Leaders in problem solving\",\"publisher\":{\"@id\":\"https:\\\/\\\/staging.kepner-tregoe.com\\\/de\\\/#organization\"},\"potentialAction\":[{\"@type\":\"SearchAction\",\"target\":{\"@type\":\"EntryPoint\",\"urlTemplate\":\"https:\\\/\\\/staging.kepner-tregoe.com\\\/de\\\/?s={search_term_string}\"},\"query-input\":{\"@type\":\"PropertyValueSpecification\",\"valueRequired\":true,\"valueName\":\"search_term_string\"}}],\"inLanguage\":\"de\"},{\"@type\":\"Organization\",\"@id\":\"https:\\\/\\\/staging.kepner-tregoe.com\\\/de\\\/#organization\",\"name\":\"Kepner-Tregoe\",\"url\":\"https:\\\/\\\/staging.kepner-tregoe.com\\\/de\\\/\",\"logo\":{\"@type\":\"ImageObject\",\"inLanguage\":\"de\",\"@id\":\"https:\\\/\\\/staging.kepner-tregoe.com\\\/de\\\/#\\\/schema\\\/logo\\\/image\\\/\",\"url\":\"https:\\\/\\\/staging.kepner-tregoe.com\\\/wp-content\\\/uploads\\\/2025\\\/06\\\/kepner-tregoe-logo.png\",\"contentUrl\":\"https:\\\/\\\/staging.kepner-tregoe.com\\\/wp-content\\\/uploads\\\/2025\\\/06\\\/kepner-tregoe-logo.png\",\"width\":264,\"height\":38,\"caption\":\"Kepner-Tregoe\"},\"image\":{\"@id\":\"https:\\\/\\\/staging.kepner-tregoe.com\\\/de\\\/#\\\/schema\\\/logo\\\/image\\\/\"},\"sameAs\":[\"https:\\\/\\\/www.linkedin.com\\\/company\\\/14495\"]}]}<\/script>\n<!-- \/ Yoast SEO Premium plugin. -->","yoast_head_json":{"title":"Manufacturing Operations - Kepner-Tregoe","description":"Wir helfen F\u00fchrungskr\u00e4ften in der Fertigungsindustrie dabei, klar zu erkennen, wo und warum ihre Abl\u00e4ufe unterperformen, und setzen bew\u00e4hrte, strukturierte Verbesserungen um.","robots":{"index":"noindex","follow":"follow","max-snippet":"max-snippet:-1","max-image-preview":"max-image-preview:large","max-video-preview":"max-video-preview:-1"},"og_locale":"de_DE","og_type":"article","og_title":"Manufacturing Operations","og_description":"Wir helfen F\u00fchrungskr\u00e4ften in der Fertigungsindustrie dabei, klar zu erkennen, wo und warum ihre Abl\u00e4ufe unterperformen, und setzen bew\u00e4hrte, strukturierte Verbesserungen um.","og_url":"https:\/\/staging.kepner-tregoe.com\/de\/beratung\/manufacturing-operations\/","og_site_name":"Kepner-Tregoe","article_modified_time":"2026-01-23T09:14:18+00:00","og_image":[{"width":900,"height":600,"url":"https:\/\/staging.kepner-tregoe.com\/wp-content\/uploads\/2025\/08\/manufacturing-plant.jpg","type":"image\/jpeg"}],"twitter_card":"summary_large_image","twitter_misc":{"Gesch\u00e4tzte Lesezeit":"1\u00a0Minute"},"schema":{"@context":"https:\/\/schema.org","@graph":[{"@type":"WebPage","@id":"https:\/\/staging.kepner-tregoe.com\/de\/beratung\/manufacturing-operations\/","url":"https:\/\/staging.kepner-tregoe.com\/de\/beratung\/manufacturing-operations\/","name":"Manufacturing Operations - Kepner-Tregoe","isPartOf":{"@id":"https:\/\/staging.kepner-tregoe.com\/de\/#website"},"primaryImageOfPage":{"@id":"https:\/\/staging.kepner-tregoe.com\/de\/beratung\/manufacturing-operations\/#primaryimage"},"image":{"@id":"https:\/\/staging.kepner-tregoe.com\/de\/beratung\/manufacturing-operations\/#primaryimage"},"thumbnailUrl":"https:\/\/staging.kepner-tregoe.com\/wp-content\/uploads\/2025\/08\/manufacturing-plant.jpg","datePublished":"2025-06-24T10:49:48+00:00","dateModified":"2026-01-23T09:14:18+00:00","description":"Wir helfen F\u00fchrungskr\u00e4ften in der Fertigungsindustrie dabei, klar zu erkennen, wo und warum ihre Abl\u00e4ufe unterperformen, und setzen bew\u00e4hrte, strukturierte Verbesserungen um.","breadcrumb":{"@id":"https:\/\/staging.kepner-tregoe.com\/de\/beratung\/manufacturing-operations\/#breadcrumb"},"inLanguage":"de","potentialAction":[{"@type":"ReadAction","target":["https:\/\/staging.kepner-tregoe.com\/de\/beratung\/manufacturing-operations\/"]}]},{"@type":"ImageObject","inLanguage":"de","@id":"https:\/\/staging.kepner-tregoe.com\/de\/beratung\/manufacturing-operations\/#primaryimage","url":"https:\/\/staging.kepner-tregoe.com\/wp-content\/uploads\/2025\/08\/manufacturing-plant.jpg","contentUrl":"https:\/\/staging.kepner-tregoe.com\/wp-content\/uploads\/2025\/08\/manufacturing-plant.jpg"},{"@type":"BreadcrumbList","@id":"https:\/\/staging.kepner-tregoe.com\/de\/beratung\/manufacturing-operations\/#breadcrumb","itemListElement":[{"@type":"ListItem","position":1,"name":"Home","item":"https:\/\/staging.kepner-tregoe.com\/de\/"},{"@type":"ListItem","position":2,"name":"Beratung","item":"https:\/\/staging.kepner-tregoe.com\/de\/beratung\/"},{"@type":"ListItem","position":3,"name":"Manufacturing Operations"}]},{"@type":"WebSite","@id":"https:\/\/staging.kepner-tregoe.com\/de\/#website","url":"https:\/\/staging.kepner-tregoe.com\/de\/","name":"Kepner-Tregoe","description":"Leaders in problem solving","publisher":{"@id":"https:\/\/staging.kepner-tregoe.com\/de\/#organization"},"potentialAction":[{"@type":"SearchAction","target":{"@type":"EntryPoint","urlTemplate":"https:\/\/staging.kepner-tregoe.com\/de\/?s={search_term_string}"},"query-input":{"@type":"PropertyValueSpecification","valueRequired":true,"valueName":"search_term_string"}}],"inLanguage":"de"},{"@type":"Organization","@id":"https:\/\/staging.kepner-tregoe.com\/de\/#organization","name":"Kepner-Tregoe","url":"https:\/\/staging.kepner-tregoe.com\/de\/","logo":{"@type":"ImageObject","inLanguage":"de","@id":"https:\/\/staging.kepner-tregoe.com\/de\/#\/schema\/logo\/image\/","url":"https:\/\/staging.kepner-tregoe.com\/wp-content\/uploads\/2025\/06\/kepner-tregoe-logo.png","contentUrl":"https:\/\/staging.kepner-tregoe.com\/wp-content\/uploads\/2025\/06\/kepner-tregoe-logo.png","width":264,"height":38,"caption":"Kepner-Tregoe"},"image":{"@id":"https:\/\/staging.kepner-tregoe.com\/de\/#\/schema\/logo\/image\/"},"sameAs":["https:\/\/www.linkedin.com\/company\/14495"]}]}},"_links":{"self":[{"href":"https:\/\/staging.kepner-tregoe.com\/de\/wp-json\/wp\/v2\/pages\/45682","targetHints":{"allow":["GET"]}}],"collection":[{"href":"https:\/\/staging.kepner-tregoe.com\/de\/wp-json\/wp\/v2\/pages"}],"about":[{"href":"https:\/\/staging.kepner-tregoe.com\/de\/wp-json\/wp\/v2\/types\/page"}],"author":[{"embeddable":true,"href":"https:\/\/staging.kepner-tregoe.com\/de\/wp-json\/wp\/v2\/users\/17"}],"replies":[{"embeddable":true,"href":"https:\/\/staging.kepner-tregoe.com\/de\/wp-json\/wp\/v2\/comments?post=45682"}],"version-history":[{"count":6,"href":"https:\/\/staging.kepner-tregoe.com\/de\/wp-json\/wp\/v2\/pages\/45682\/revisions"}],"predecessor-version":[{"id":48119,"href":"https:\/\/staging.kepner-tregoe.com\/de\/wp-json\/wp\/v2\/pages\/45682\/revisions\/48119"}],"up":[{"embeddable":true,"href":"https:\/\/staging.kepner-tregoe.com\/de\/wp-json\/wp\/v2\/pages\/45674"}],"wp:attachment":[{"href":"https:\/\/staging.kepner-tregoe.com\/de\/wp-json\/wp\/v2\/media?parent=45682"}],"curies":[{"name":"wp","href":"https:\/\/api.w.org\/{rel}","templated":true}]}}