{"id":45674,"date":"2025-06-11T11:21:22","date_gmt":"2025-06-11T11:21:22","guid":{"rendered":"https:\/\/staging.kepner-tregoe.com\/beratung\/"},"modified":"2026-01-23T09:14:18","modified_gmt":"2026-01-23T09:14:18","slug":"beratung","status":"publish","type":"page","link":"https:\/\/staging.kepner-tregoe.com\/de\/beratung\/","title":{"rendered":"Beratung"},"content":{"rendered":"\n<div class=\"wp-block-wsfirst-responsive-spacer responsive-spacer\" aria-hidden=\"true\"><div class=\"responsive-spacer-fullsize\" style=\"height:4.25rem\"><\/div><div class=\"responsive-spacer-tablet\" style=\"height:3.1875rem\"><\/div><div class=\"responsive-spacer-mobile\" style=\"height:2.125rem\"><\/div><\/div>\n\n<div class=\"wp-block-group alignwide is-layout-constrained wp-container-core-group-is-layout-4383d167 wp-block-group-is-layout-constrained\" data-aos=\"fade-up\">\n<div class=\"wp-block-columns is-layout-flex wp-container-core-columns-is-layout-28f84493 wp-block-columns-is-layout-flex\">\n<div class=\"wp-block-column is-layout-flow wp-block-column-is-layout-flow\" style=\"flex-basis:33.33%\">\n<h2 class=\"wp-block-heading\">Gestalten Sie eine erfolgreiche Organisation durch &#8222;Systems Improvement&#8220;<\/h2>\n<\/div>\n\n\n\n<div class=\"wp-block-column is-layout-flow wp-block-column-is-layout-flow\" style=\"flex-basis:33.33%\">\n<p>Kepner-Tregoe ist weltweit f\u00fchrend darin, Unternehmen dabei zu unterst\u00fctzen, die Leistung ihrer Systeme durch eine Kombination aus Beratungsdienstleistungen und Schulungsprogrammen zu verbessern.<\/p>\n<\/div>\n\n\n\n<div class=\"wp-block-column is-layout-flow wp-block-column-is-layout-flow\" style=\"flex-basis:33.33%\">\n<p>KT verf\u00fcgt \u00fcber eine einzigartige Expertise in der Analyse und Gestaltung gesch\u00e4ftskritischer Systeme \u2013 basierend auf dem gezielten Zusammenspiel von drei zentralen Elementen: Menschen, Prozesse und Technologie.<\/p>\n<\/div>\n<\/div>\n\n\n\n<div class=\"wp-block-columns is-style-right-23 is-layout-flex wp-container-core-columns-is-layout-28f84493 wp-block-columns-is-layout-flex\">\n<div class=\"wp-block-column is-layout-flow wp-block-column-is-layout-flow\" style=\"flex-basis:33.33%\"><\/div>\n\n\n\n<div class=\"wp-block-column is-layout-flow wp-block-column-is-layout-flow\" style=\"flex-basis:66.66%\">\n<figure class=\"wp-block-image size-large\"><img loading=\"lazy\" decoding=\"async\" width=\"1024\" height=\"568\" src=\"https:\/\/staging.kepner-tregoe.com\/wp-content\/uploads\/2025\/06\/Rectangle-1024x568.jpg\" alt=\"\" class=\"wp-image-153\" srcset=\"https:\/\/staging.kepner-tregoe.com\/wp-content\/uploads\/2025\/06\/Rectangle-1024x568.jpg 1024w, https:\/\/staging.kepner-tregoe.com\/wp-content\/uploads\/2025\/06\/Rectangle-300x166.jpg 300w, https:\/\/staging.kepner-tregoe.com\/wp-content\/uploads\/2025\/06\/Rectangle-768x426.jpg 768w, https:\/\/staging.kepner-tregoe.com\/wp-content\/uploads\/2025\/06\/Rectangle-1536x852.jpg 1536w, https:\/\/staging.kepner-tregoe.com\/wp-content\/uploads\/2025\/06\/Rectangle.jpg 1576w\" sizes=\"auto, (max-width: 1024px) 100vw, 1024px\" \/><\/figure>\n<\/div>\n<\/div>\n<\/div>\n\n<div class=\"wp-block-wsfirst-responsive-spacer responsive-spacer\" aria-hidden=\"true\"><div class=\"responsive-spacer-fullsize\" style=\"height:3.75rem\"><\/div><div class=\"responsive-spacer-tablet\" style=\"height:2.8125rem\"><\/div><div class=\"responsive-spacer-mobile\" style=\"height:1.875rem\"><\/div><\/div>\n\n<div class=\"wp-block-group alignwide is-layout-constrained wp-container-core-group-is-layout-4383d167 wp-block-group-is-layout-constrained\" data-aos=\"fade-right\">\n<h2 class=\"wp-block-heading is-style-underlined\">Unsere Beratungsl\u00f6sungen<\/h2>\n\n\n\n<div class=\"wp-block-columns is-layout-flex wp-container-core-columns-is-layout-28f84493 wp-block-columns-is-layout-flex\">\n<div class=\"wp-block-column is-layout-flow wp-block-column-is-layout-flow\"><\/div>\n\n\n\n<div class=\"wp-block-column is-layout-flow wp-block-column-is-layout-flow\">\n<h3 class=\"wp-block-heading\"><a href=\"https:\/\/staging.kepner-tregoe.com\/de\/beratung\/manufacturing-operations\/\">Manufacturing Operations<\/a><\/h3>\n\n\n\n<figure class=\"wp-block-image size-full is-resized\"><a href=\"https:\/\/staging.kepner-tregoe.com\/de\/beratung\/manufacturing-operations\/\"><img decoding=\"async\" src=\"https:\/\/staging.kepner-tregoe.com\/wp-content\/uploads\/2025\/06\/arrow-right-large.svg\" alt=\"\" class=\"wp-image-121\" style=\"width:27px;height:auto\"\/><\/a><\/figure>\n<\/div>\n\n\n\n<div class=\"wp-block-column is-layout-flow wp-block-column-is-layout-flow\">\n<p>Komplexe Probleml\u00f6sung<br\/>Root Cause Analysis<br\/>Risikomanagement<br\/>Verbesserung der Effizienz<br\/>Kontinuierliche Verbesserung<br\/>Problemvermeidung<\/p>\n<\/div>\n<\/div>\n\n\n\n<div class=\"wp-block-columns is-layout-flex wp-container-core-columns-is-layout-28f84493 wp-block-columns-is-layout-flex\">\n<div class=\"wp-block-column is-layout-flow wp-block-column-is-layout-flow\"><\/div>\n\n\n\n<div class=\"wp-block-column is-layout-flow wp-block-column-is-layout-flow\">\n<h3 class=\"wp-block-heading\"><a href=\"https:\/\/staging.kepner-tregoe.com\/de\/beratung\/service-operations\/\">Service Operations<\/a><\/h3>\n\n\n\n<figure class=\"wp-block-image size-full is-resized\"><a href=\"https:\/\/staging.kepner-tregoe.com\/de\/beratung\/service-operations\/\"><img decoding=\"async\" src=\"https:\/\/staging.kepner-tregoe.com\/wp-content\/uploads\/2025\/06\/arrow-right-large.svg\" alt=\"\" class=\"wp-image-121\" style=\"width:27px\"\/><\/a><\/figure>\n<\/div>\n\n\n\n<div class=\"wp-block-column is-layout-flow wp-block-column-is-layout-flow\">\n<p>Incident Management<br\/>Probleml\u00f6sung \/ Root Cause Analysis<br\/>Bewertung des Reifegrads <br\/>Coaching<br\/>Workflow Management <br\/>Simulation<\/p>\n<\/div>\n<\/div>\n\n\n\n<div class=\"wp-block-columns is-layout-flex wp-container-core-columns-is-layout-28f84493 wp-block-columns-is-layout-flex\">\n<div class=\"wp-block-column is-layout-flow wp-block-column-is-layout-flow\"><\/div>\n\n\n\n<div class=\"wp-block-column is-layout-flow wp-block-column-is-layout-flow\">\n<h3 class=\"wp-block-heading\"><a href=\"https:\/\/staging.kepner-tregoe.com\/de\/beratung\/human-resources\/\">Human Resources<\/a><\/h3>\n\n\n\n<figure class=\"wp-block-image size-full is-resized\"><a href=\"https:\/\/staging.kepner-tregoe.com\/de\/beratung\/human-resources\/\"><img decoding=\"async\" src=\"https:\/\/staging.kepner-tregoe.com\/wp-content\/uploads\/2025\/06\/arrow-right-large.svg\" alt=\"\" class=\"wp-image-121\" style=\"width:27px;height:auto\"\/><\/a><\/figure>\n<\/div>\n\n\n\n<div class=\"wp-block-column is-layout-flow wp-block-column-is-layout-flow\">\n<p>Verbesserung der Zusammenarbeit<br\/>Schnelleres Troubleshooting <br\/>Effektivere F\u00fchrung<br\/>Schnellere Integration neuer Mitarbeiter <br\/>F\u00f6rderung der Talententwicklung<\/p>\n<\/div>\n<\/div>\n<\/div>\n\n<div class=\"wp-block-wsfirst-responsive-spacer responsive-spacer\" aria-hidden=\"true\"><div class=\"responsive-spacer-fullsize\" style=\"height:3.75rem\"><\/div><div class=\"responsive-spacer-tablet\" style=\"height:2.8125rem\"><\/div><div class=\"responsive-spacer-mobile\" style=\"height:1.875rem\"><\/div><\/div>\n","protected":false},"excerpt":{"rendered":"<p>Gestalten Sie eine erfolgreiche Organisation durch &#8222;Systems Improvement&#8220; Kepner-Tregoe ist weltweit f\u00fchrend darin, Unternehmen dabei zu unterst\u00fctzen, die Leistung ihrer Systeme durch eine Kombination aus Beratungsdienstleistungen und Schulungsprogrammen zu verbessern. KT verf\u00fcgt \u00fcber eine einzigartige Expertise in der Analyse und Gestaltung gesch\u00e4ftskritischer Systeme \u2013 basierend auf dem gezielten Zusammenspiel von drei zentralen Elementen: Menschen, Prozesse [&hellip;]<\/p>\n","protected":false},"author":17,"featured_media":1612,"parent":0,"menu_order":0,"comment_status":"closed","ping_status":"closed","template":"","meta":{"_acf_changed":false,"footnotes":""},"class_list":["post-45674","page","type-page","status-publish","has-post-thumbnail","hentry"],"acf":[],"yoast_head":"<!-- This site is optimized with the Yoast SEO Premium plugin v25.6 (Yoast SEO v27.4) - https:\/\/yoast.com\/product\/yoast-seo-premium-wordpress\/ -->\n<title>Beratung - Kepner-Tregoe<\/title>\n<meta name=\"description\" content=\"Kepner-Tregoe ist weltweit f\u00fchrend darin, Unternehmen dabei zu unterst\u00fctzen, die Leistung ihrer Systeme durch eine Kombination aus Beratungsdienstleistungen und Schulungsprogrammen zu verbessern.\" \/>\n<meta name=\"robots\" content=\"noindex, follow, max-snippet:-1, max-image-preview:large, max-video-preview:-1\" \/>\n<meta property=\"og:locale\" content=\"de_DE\" \/>\n<meta property=\"og:type\" content=\"article\" \/>\n<meta property=\"og:title\" content=\"Beratung\" \/>\n<meta property=\"og:description\" content=\"Kepner-Tregoe ist weltweit f\u00fchrend darin, Unternehmen dabei zu unterst\u00fctzen, die Leistung ihrer Systeme durch eine Kombination aus Beratungsdienstleistungen und Schulungsprogrammen zu verbessern.\" \/>\n<meta property=\"og:url\" content=\"https:\/\/staging.kepner-tregoe.com\/de\/beratung\/\" \/>\n<meta property=\"og:site_name\" content=\"Kepner-Tregoe\" \/>\n<meta property=\"article:modified_time\" content=\"2026-01-23T09:14:18+00:00\" \/>\n<meta property=\"og:image\" content=\"https:\/\/staging.kepner-tregoe.com\/wp-content\/uploads\/2025\/06\/Clip-path-group3.jpg\" \/>\n\t<meta property=\"og:image:width\" content=\"1603\" \/>\n\t<meta property=\"og:image:height\" content=\"700\" \/>\n\t<meta property=\"og:image:type\" content=\"image\/jpeg\" \/>\n<meta name=\"twitter:card\" content=\"summary_large_image\" \/>\n<meta name=\"twitter:label1\" content=\"Gesch\u00e4tzte Lesezeit\" \/>\n\t<meta name=\"twitter:data1\" content=\"1\u00a0Minute\" \/>\n<script type=\"application\/ld+json\" class=\"yoast-schema-graph\">{\"@context\":\"https:\\\/\\\/schema.org\",\"@graph\":[{\"@type\":\"WebPage\",\"@id\":\"https:\\\/\\\/staging.kepner-tregoe.com\\\/de\\\/beratung\\\/\",\"url\":\"https:\\\/\\\/staging.kepner-tregoe.com\\\/de\\\/beratung\\\/\",\"name\":\"Beratung - Kepner-Tregoe\",\"isPartOf\":{\"@id\":\"https:\\\/\\\/staging.kepner-tregoe.com\\\/de\\\/#website\"},\"primaryImageOfPage\":{\"@id\":\"https:\\\/\\\/staging.kepner-tregoe.com\\\/de\\\/beratung\\\/#primaryimage\"},\"image\":{\"@id\":\"https:\\\/\\\/staging.kepner-tregoe.com\\\/de\\\/beratung\\\/#primaryimage\"},\"thumbnailUrl\":\"https:\\\/\\\/staging.kepner-tregoe.com\\\/wp-content\\\/uploads\\\/2025\\\/06\\\/Clip-path-group3.jpg\",\"datePublished\":\"2025-06-11T11:21:22+00:00\",\"dateModified\":\"2026-01-23T09:14:18+00:00\",\"description\":\"Kepner-Tregoe ist weltweit f\u00fchrend darin, Unternehmen dabei zu unterst\u00fctzen, die Leistung ihrer Systeme durch eine Kombination aus Beratungsdienstleistungen und Schulungsprogrammen zu verbessern.\",\"breadcrumb\":{\"@id\":\"https:\\\/\\\/staging.kepner-tregoe.com\\\/de\\\/beratung\\\/#breadcrumb\"},\"inLanguage\":\"de\",\"potentialAction\":[{\"@type\":\"ReadAction\",\"target\":[\"https:\\\/\\\/staging.kepner-tregoe.com\\\/de\\\/beratung\\\/\"]}]},{\"@type\":\"ImageObject\",\"inLanguage\":\"de\",\"@id\":\"https:\\\/\\\/staging.kepner-tregoe.com\\\/de\\\/beratung\\\/#primaryimage\",\"url\":\"https:\\\/\\\/staging.kepner-tregoe.com\\\/wp-content\\\/uploads\\\/2025\\\/06\\\/Clip-path-group3.jpg\",\"contentUrl\":\"https:\\\/\\\/staging.kepner-tregoe.com\\\/wp-content\\\/uploads\\\/2025\\\/06\\\/Clip-path-group3.jpg\",\"width\":1603,\"height\":700},{\"@type\":\"BreadcrumbList\",\"@id\":\"https:\\\/\\\/staging.kepner-tregoe.com\\\/de\\\/beratung\\\/#breadcrumb\",\"itemListElement\":[{\"@type\":\"ListItem\",\"position\":1,\"name\":\"Home\",\"item\":\"https:\\\/\\\/staging.kepner-tregoe.com\\\/de\\\/\"},{\"@type\":\"ListItem\",\"position\":2,\"name\":\"Beratung\"}]},{\"@type\":\"WebSite\",\"@id\":\"https:\\\/\\\/staging.kepner-tregoe.com\\\/de\\\/#website\",\"url\":\"https:\\\/\\\/staging.kepner-tregoe.com\\\/de\\\/\",\"name\":\"Kepner-Tregoe\",\"description\":\"Leaders in problem solving\",\"publisher\":{\"@id\":\"https:\\\/\\\/staging.kepner-tregoe.com\\\/de\\\/#organization\"},\"potentialAction\":[{\"@type\":\"SearchAction\",\"target\":{\"@type\":\"EntryPoint\",\"urlTemplate\":\"https:\\\/\\\/staging.kepner-tregoe.com\\\/de\\\/?s={search_term_string}\"},\"query-input\":{\"@type\":\"PropertyValueSpecification\",\"valueRequired\":true,\"valueName\":\"search_term_string\"}}],\"inLanguage\":\"de\"},{\"@type\":\"Organization\",\"@id\":\"https:\\\/\\\/staging.kepner-tregoe.com\\\/de\\\/#organization\",\"name\":\"Kepner-Tregoe\",\"url\":\"https:\\\/\\\/staging.kepner-tregoe.com\\\/de\\\/\",\"logo\":{\"@type\":\"ImageObject\",\"inLanguage\":\"de\",\"@id\":\"https:\\\/\\\/staging.kepner-tregoe.com\\\/de\\\/#\\\/schema\\\/logo\\\/image\\\/\",\"url\":\"https:\\\/\\\/staging.kepner-tregoe.com\\\/wp-content\\\/uploads\\\/2025\\\/06\\\/kepner-tregoe-logo.png\",\"contentUrl\":\"https:\\\/\\\/staging.kepner-tregoe.com\\\/wp-content\\\/uploads\\\/2025\\\/06\\\/kepner-tregoe-logo.png\",\"width\":264,\"height\":38,\"caption\":\"Kepner-Tregoe\"},\"image\":{\"@id\":\"https:\\\/\\\/staging.kepner-tregoe.com\\\/de\\\/#\\\/schema\\\/logo\\\/image\\\/\"},\"sameAs\":[\"https:\\\/\\\/www.linkedin.com\\\/company\\\/14495\"]}]}<\/script>\n<!-- \/ Yoast SEO Premium plugin. -->","yoast_head_json":{"title":"Beratung - Kepner-Tregoe","description":"Kepner-Tregoe ist weltweit f\u00fchrend darin, Unternehmen dabei zu unterst\u00fctzen, die Leistung ihrer Systeme durch eine Kombination aus Beratungsdienstleistungen und Schulungsprogrammen zu verbessern.","robots":{"index":"noindex","follow":"follow","max-snippet":"max-snippet:-1","max-image-preview":"max-image-preview:large","max-video-preview":"max-video-preview:-1"},"og_locale":"de_DE","og_type":"article","og_title":"Beratung","og_description":"Kepner-Tregoe ist weltweit f\u00fchrend darin, Unternehmen dabei zu unterst\u00fctzen, die Leistung ihrer Systeme durch eine Kombination aus Beratungsdienstleistungen und Schulungsprogrammen zu verbessern.","og_url":"https:\/\/staging.kepner-tregoe.com\/de\/beratung\/","og_site_name":"Kepner-Tregoe","article_modified_time":"2026-01-23T09:14:18+00:00","og_image":[{"width":1603,"height":700,"url":"https:\/\/staging.kepner-tregoe.com\/wp-content\/uploads\/2025\/06\/Clip-path-group3.jpg","type":"image\/jpeg"}],"twitter_card":"summary_large_image","twitter_misc":{"Gesch\u00e4tzte Lesezeit":"1\u00a0Minute"},"schema":{"@context":"https:\/\/schema.org","@graph":[{"@type":"WebPage","@id":"https:\/\/staging.kepner-tregoe.com\/de\/beratung\/","url":"https:\/\/staging.kepner-tregoe.com\/de\/beratung\/","name":"Beratung - Kepner-Tregoe","isPartOf":{"@id":"https:\/\/staging.kepner-tregoe.com\/de\/#website"},"primaryImageOfPage":{"@id":"https:\/\/staging.kepner-tregoe.com\/de\/beratung\/#primaryimage"},"image":{"@id":"https:\/\/staging.kepner-tregoe.com\/de\/beratung\/#primaryimage"},"thumbnailUrl":"https:\/\/staging.kepner-tregoe.com\/wp-content\/uploads\/2025\/06\/Clip-path-group3.jpg","datePublished":"2025-06-11T11:21:22+00:00","dateModified":"2026-01-23T09:14:18+00:00","description":"Kepner-Tregoe ist weltweit f\u00fchrend darin, Unternehmen dabei zu unterst\u00fctzen, die Leistung ihrer Systeme durch eine Kombination aus Beratungsdienstleistungen und Schulungsprogrammen zu verbessern.","breadcrumb":{"@id":"https:\/\/staging.kepner-tregoe.com\/de\/beratung\/#breadcrumb"},"inLanguage":"de","potentialAction":[{"@type":"ReadAction","target":["https:\/\/staging.kepner-tregoe.com\/de\/beratung\/"]}]},{"@type":"ImageObject","inLanguage":"de","@id":"https:\/\/staging.kepner-tregoe.com\/de\/beratung\/#primaryimage","url":"https:\/\/staging.kepner-tregoe.com\/wp-content\/uploads\/2025\/06\/Clip-path-group3.jpg","contentUrl":"https:\/\/staging.kepner-tregoe.com\/wp-content\/uploads\/2025\/06\/Clip-path-group3.jpg","width":1603,"height":700},{"@type":"BreadcrumbList","@id":"https:\/\/staging.kepner-tregoe.com\/de\/beratung\/#breadcrumb","itemListElement":[{"@type":"ListItem","position":1,"name":"Home","item":"https:\/\/staging.kepner-tregoe.com\/de\/"},{"@type":"ListItem","position":2,"name":"Beratung"}]},{"@type":"WebSite","@id":"https:\/\/staging.kepner-tregoe.com\/de\/#website","url":"https:\/\/staging.kepner-tregoe.com\/de\/","name":"Kepner-Tregoe","description":"Leaders in problem solving","publisher":{"@id":"https:\/\/staging.kepner-tregoe.com\/de\/#organization"},"potentialAction":[{"@type":"SearchAction","target":{"@type":"EntryPoint","urlTemplate":"https:\/\/staging.kepner-tregoe.com\/de\/?s={search_term_string}"},"query-input":{"@type":"PropertyValueSpecification","valueRequired":true,"valueName":"search_term_string"}}],"inLanguage":"de"},{"@type":"Organization","@id":"https:\/\/staging.kepner-tregoe.com\/de\/#organization","name":"Kepner-Tregoe","url":"https:\/\/staging.kepner-tregoe.com\/de\/","logo":{"@type":"ImageObject","inLanguage":"de","@id":"https:\/\/staging.kepner-tregoe.com\/de\/#\/schema\/logo\/image\/","url":"https:\/\/staging.kepner-tregoe.com\/wp-content\/uploads\/2025\/06\/kepner-tregoe-logo.png","contentUrl":"https:\/\/staging.kepner-tregoe.com\/wp-content\/uploads\/2025\/06\/kepner-tregoe-logo.png","width":264,"height":38,"caption":"Kepner-Tregoe"},"image":{"@id":"https:\/\/staging.kepner-tregoe.com\/de\/#\/schema\/logo\/image\/"},"sameAs":["https:\/\/www.linkedin.com\/company\/14495"]}]}},"_links":{"self":[{"href":"https:\/\/staging.kepner-tregoe.com\/de\/wp-json\/wp\/v2\/pages\/45674","targetHints":{"allow":["GET"]}}],"collection":[{"href":"https:\/\/staging.kepner-tregoe.com\/de\/wp-json\/wp\/v2\/pages"}],"about":[{"href":"https:\/\/staging.kepner-tregoe.com\/de\/wp-json\/wp\/v2\/types\/page"}],"author":[{"embeddable":true,"href":"https:\/\/staging.kepner-tregoe.com\/de\/wp-json\/wp\/v2\/users\/17"}],"replies":[{"embeddable":true,"href":"https:\/\/staging.kepner-tregoe.com\/de\/wp-json\/wp\/v2\/comments?post=45674"}],"version-history":[{"count":14,"href":"https:\/\/staging.kepner-tregoe.com\/de\/wp-json\/wp\/v2\/pages\/45674\/revisions"}],"predecessor-version":[{"id":61126,"href":"https:\/\/staging.kepner-tregoe.com\/de\/wp-json\/wp\/v2\/pages\/45674\/revisions\/61126"}],"wp:featuredmedia":[{"embeddable":true,"href":"https:\/\/staging.kepner-tregoe.com\/de\/wp-json\/wp\/v2\/media\/1612"}],"wp:attachment":[{"href":"https:\/\/staging.kepner-tregoe.com\/de\/wp-json\/wp\/v2\/media?parent=45674"}],"curies":[{"name":"wp","href":"https:\/\/api.w.org\/{rel}","templated":true}]}}